{"id":5296,"date":"2025-03-06T10:17:55","date_gmt":"2025-03-06T09:17:55","guid":{"rendered":"https:\/\/www.herba-medica.si\/?post_type=product&#038;p=5296"},"modified":"2026-02-23T21:37:05","modified_gmt":"2026-02-23T20:37:05","slug":"322-inflammacare","status":"publish","type":"product","link":"https:\/\/www.herba-medica.si\/bs\/proizvod\/322-inflammacare\/","title":{"rendered":"InflammaCare PEA| Kurkuma, Beta kariofilen, Eugenol"},"content":{"rendered":"<p><!-- NE SPREMINJAJ PO TEJ TO\u010cKI NAPREJ --><br \/>\n<span dir=\"auto\" style=\"vertical-align: inherit;\"><span dir=\"auto\" style=\"vertical-align: inherit;\"><div class=\"bde-div-336-277-336-1 bde-div bde-div-336-277\">\n  \n  \n\t\n\n\n\n<div class=\"bde-globalblock-336-304-336-1 bde-globalblock bde-globalblock-336-304\"><div class=\"bde-div-4157-100-336-1-4157-1 bde-div bde-div-4157-100\">\n  \n  \n\t\n\n\n\n<h3 class=\"bde-heading-4157-101-336-1-4157-1 bde-heading bde-heading-4157-101\">\nPovezani izdelki\n<\/h3><div class=\"bde-code-block-4157-102-336-1-4157-1 bde-code-block bde-code-block-4157-102\">\n\n\n\n<\/div><div class=\"bde-wooproductslist-4157-103-336-1-4157-1 bde-wooproductslist bde-wooproductslist-4157-103 breakdance-woocommerce\"><div class=\"woocommerce\"><ul class=\"products\">\n<li class=\"product type-product post-992 status-publish first instock product_cat-dopolnila-2 product_cat-imunski-sistem-in-odpornost product_cat-dopolnila product_cat-prebava-in-zelodec product_tag-33 product_tag-dopolnila-life-enhancer product_tag-kapsule has-post-thumbnail taxable shipping-taxable purchasable product-type-simple\" >\n\t<a href=\"https:\/\/www.herba-medica.si\/bs\/proizvod\/121-gastrocare-complete-biotics-10-sojeva-inulin-kapsule\/\" class=\"woocommerce-LoopProduct-link woocommerce-loop-product__link\"><div class=\"bde-woo-product-image\"><img fetchpriority=\"high\" decoding=\"async\" width=\"300\" height=\"300\" src=\"https:\/\/www.herba-medica.si\/wp-content\/uploads\/2024\/05\/kapsule_121-\u2013-GASTROCARE-Complete-Biotics-10-sevov-Inulin-KAPSULE-1-300x300.jpg\" class=\"attachment-woocommerce_thumbnail size-woocommerce_thumbnail\" alt=\"Herba Medica GastroCare Complete Biotics z inulinom, 30 kapsul\" srcset=\"https:\/\/www.herba-medica.si\/wp-content\/uploads\/2024\/05\/kapsule_121-\u2013-GASTROCARE-Complete-Biotics-10-sevov-Inulin-KAPSULE-1-300x300.jpg 300w, https:\/\/www.herba-medica.si\/wp-content\/uploads\/2024\/05\/kapsule_121-\u2013-GASTROCARE-Complete-Biotics-10-sevov-Inulin-KAPSULE-1-150x150.jpg 150w, https:\/\/www.herba-medica.si\/wp-content\/uploads\/2024\/05\/kapsule_121-\u2013-GASTROCARE-Complete-Biotics-10-sevov-Inulin-KAPSULE-1-768x768.jpg 768w, https:\/\/www.herba-medica.si\/wp-content\/uploads\/2024\/05\/kapsule_121-\u2013-GASTROCARE-Complete-Biotics-10-sevov-Inulin-KAPSULE-1.jpg 1000w\" sizes=\"(max-width: 300px) 100vw, 300px\" \/><\/div><p class=\"bde-woo-categories-list\">Dopolnila, Imunski sistem in odpornost, Naravna dopolnila, Prebava in \u017eelodec<\/p>\n<h2 class=\"woocommerce-loop-product__title\">GASTROCARE Complete Biotics | 10 sevov + Inulin KAPSULE<\/h2>\n\t<span class=\"price\"><span class=\"woocommerce-Price-amount amount\"><bdi>11,60&nbsp;<span class=\"woocommerce-Price-currencySymbol\">&euro;<\/span><\/bdi><\/span><\/span>\n<\/a><div class=\"bde-woo-product-footer\"><a href=\"\/bs\/wp-json\/wp\/v2\/product\/5296?add-to-cart=992\" aria-describedby=\"woocommerce_loop_add_to_cart_link_describedby_992\" data-quantity=\"1\" class=\"button product_type_simple add_to_cart_button ajax_add_to_cart\" data-product_id=\"992\" data-product_sku=\"50761\" aria-label=\"Dodaj u korpu: \u201cGASTROCARE Complete Biotics | 10 sevov + Inulin KAPSULE\u201d\" rel=\"nofollow\" data-success_message=\"\u201cGASTROCARE Complete Biotics | 10 sevov + Inulin KAPSULE\u201d je dodan u va\u0161u korpu.\" role=\"button\">Dodaj u korpu<\/a>\t<span id=\"woocommerce_loop_add_to_cart_link_describedby_992\" class=\"screen-reader-text\">\n\t\t\t<\/span>\n<\/div><\/li>\n<li class=\"product type-product post-1019 status-publish instock product_cat-anti-age-in-antioksidanti product_cat-energija-in-fokus product_cat-izgorelost-in-stres product_cat-kognicija product_cat-dopolnila product_cat-srce-kri-in-ozilje product_tag-dopolnila-bernard product_tag-kapsule has-post-thumbnail taxable shipping-taxable purchasable product-type-simple\" >\n\t<a href=\"https:\/\/www.herba-medica.si\/bs\/proizvod\/koenzim-q10-vital\/\" class=\"woocommerce-LoopProduct-link woocommerce-loop-product__link\"><div class=\"bde-woo-product-image\"><img decoding=\"async\" width=\"300\" height=\"300\" src=\"https:\/\/www.herba-medica.si\/wp-content\/uploads\/2024\/05\/Herba-MedicaKapsule-Bernard-Q10-Vital-300x300.jpg\" class=\"attachment-woocommerce_thumbnail size-woocommerce_thumbnail\" alt=\"Koencim Q10 Vital prehransko dopolnilo, \u0161katlica s 60 kapsulami\" srcset=\"https:\/\/www.herba-medica.si\/wp-content\/uploads\/2024\/05\/Herba-MedicaKapsule-Bernard-Q10-Vital-300x300.jpg 300w, https:\/\/www.herba-medica.si\/wp-content\/uploads\/2024\/05\/Herba-MedicaKapsule-Bernard-Q10-Vital-150x150.jpg 150w, https:\/\/www.herba-medica.si\/wp-content\/uploads\/2024\/05\/Herba-MedicaKapsule-Bernard-Q10-Vital-768x768.jpg 768w, https:\/\/www.herba-medica.si\/wp-content\/uploads\/2024\/05\/Herba-MedicaKapsule-Bernard-Q10-Vital-12x12.jpg 12w, https:\/\/www.herba-medica.si\/wp-content\/uploads\/2024\/05\/Herba-MedicaKapsule-Bernard-Q10-Vital.jpg 1000w\" sizes=\"(max-width: 300px) 100vw, 300px\" \/><\/div><p class=\"bde-woo-categories-list\">Anti-age in antioksidanti, Energija in fokus, Izgorelost in stres, Kognicija, Naravna dopolnila, Srce in o\u017eilje<\/p>\n<h2 class=\"woocommerce-loop-product__title\">Koencim | Q10 Vital, 60 kapsul<\/h2>\n\t<span class=\"price\"><span class=\"woocommerce-Price-amount amount\"><bdi>8,60&nbsp;<span class=\"woocommerce-Price-currencySymbol\">&euro;<\/span><\/bdi><\/span><\/span>\n<\/a><div class=\"bde-woo-product-footer\"><a href=\"\/bs\/wp-json\/wp\/v2\/product\/5296?add-to-cart=1019\" aria-describedby=\"woocommerce_loop_add_to_cart_link_describedby_1019\" data-quantity=\"1\" class=\"button product_type_simple add_to_cart_button ajax_add_to_cart\" data-product_id=\"1019\" data-product_sku=\"50088\" aria-label=\"Dodaj u korpu: \u201cKoencim | Q10 Vital, 60 kapsul\u201d\" rel=\"nofollow\" data-success_message=\"\u201cKoencim | Q10 Vital, 60 kapsul\u201d je dodan u va\u0161u korpu.\" role=\"button\">Dodaj u korpu<\/a>\t<span id=\"woocommerce_loop_add_to_cart_link_describedby_1019\" class=\"screen-reader-text\">\n\t\t\t<\/span>\n<\/div><\/li>\n<li class=\"product type-product post-1032 status-publish instock product_cat-anti-age-in-antioksidanti product_cat-bio product_cat-energija-in-fokus product_cat-dopolnila product_cat-zeliscni-caj product_tag-bio-certifikat product_tag-bio-caji product_tag-filter has-post-thumbnail taxable shipping-taxable purchasable product-type-simple\" >\n\t<a href=\"https:\/\/www.herba-medica.si\/bs\/proizvod\/organski-zeleni-caj-s-dumbirom\/\" class=\"woocommerce-LoopProduct-link woocommerce-loop-product__link\"><div class=\"bde-woo-product-image\"><img decoding=\"async\" width=\"300\" height=\"300\" src=\"https:\/\/www.herba-medica.si\/wp-content\/uploads\/2024\/05\/Bio-Caj-Ingver-1-300x300.jpg\" class=\"attachment-woocommerce_thumbnail size-woocommerce_thumbnail\" alt=\"Ekolo\u0161ki zeleni \u010daj z ingverjem, 25 \u010dajnih vre\u010dk, Herba Medica\" srcset=\"https:\/\/www.herba-medica.si\/wp-content\/uploads\/2024\/05\/Bio-Caj-Ingver-1-300x300.jpg 300w, https:\/\/www.herba-medica.si\/wp-content\/uploads\/2024\/05\/Bio-Caj-Ingver-1-150x150.jpg 150w, https:\/\/www.herba-medica.si\/wp-content\/uploads\/2024\/05\/Bio-Caj-Ingver-1-768x768.jpg 768w, https:\/\/www.herba-medica.si\/wp-content\/uploads\/2024\/05\/Bio-Caj-Ingver-1-12x12.jpg 12w, https:\/\/www.herba-medica.si\/wp-content\/uploads\/2024\/05\/Bio-Caj-Ingver-1.jpg 1000w\" sizes=\"(max-width: 300px) 100vw, 300px\" \/><\/div><p class=\"bde-woo-categories-list\">Anti-age in antioksidanti, BIO, Energija in fokus, Naravna dopolnila, Zeli\u0161\u010dni \u010daj<\/p>\n<h2 class=\"woocommerce-loop-product__title\">BIO Zeleni \u010daj | z ingverjem, 25 vre\u010dk<\/h2>\n\t<span class=\"price\"><span class=\"woocommerce-Price-amount amount\"><bdi>2,80&nbsp;<span class=\"woocommerce-Price-currencySymbol\">&euro;<\/span><\/bdi><\/span><\/span>\n<\/a><div class=\"bde-woo-product-footer\"><a href=\"\/bs\/wp-json\/wp\/v2\/product\/5296?add-to-cart=1032\" aria-describedby=\"woocommerce_loop_add_to_cart_link_describedby_1032\" data-quantity=\"1\" class=\"button product_type_simple add_to_cart_button ajax_add_to_cart\" data-product_id=\"1032\" data-product_sku=\"50551\" aria-label=\"Dodaj u korpu: \u201cBIO Zeleni \u010daj | z ingverjem, 25 vre\u010dk\u201d\" rel=\"nofollow\" data-success_message=\"\u201cBIO Zeleni \u010daj | z ingverjem, 25 vre\u010dk\u201d je dodan u va\u0161u korpu.\" role=\"button\">Dodaj u korpu<\/a>\t<span id=\"woocommerce_loop_add_to_cart_link_describedby_1032\" class=\"screen-reader-text\">\n\t\t\t<\/span>\n<\/div><\/li>\n<\/ul>\n<\/div>\r\n<\/div>\n<\/div><\/div><div class=\"bde-div-336-245-336-1 bde-div bde-div-336-245\">\n  \n  \n\t\n\n\n\n<div class=\"bde-div-336-305-336-1 bde-div bde-div-336-305\">\n  \n  \n\t\n\n\n\n<h3 class=\"bde-heading-336-306-336-1 bde-heading bde-heading-336-306\">\nNa\u0161i izdelki so na voljo tudi v lekarnah, trgovinah in drogerijah.\n<\/h3><div class=\"bde-grid-336-307-336-1 bde-grid bde-grid-336-307\">\n  \n  \n\t\n\n\n\n<div class=\"bde-image-336-308-336-1 bde-image bde-image-336-308\">\n<figure class=\"breakdance-image breakdance-image--4187\">\n\t<div class=\"breakdance-image-container\">\n\t\t<div class=\"breakdance-image-clip\"><img loading=\"lazy\" decoding=\"async\" class=\"breakdance-image-object\" src=\"https:\/\/www.herba-medica.si\/wp-content\/uploads\/2024\/05\/herba-medica-lekarna-ljubljana-logo.png\" width=\"421\" height=\"163\" srcset=\"https:\/\/www.herba-medica.si\/wp-content\/uploads\/2024\/05\/herba-medica-lekarna-ljubljana-logo.png 421w, https:\/\/www.herba-medica.si\/wp-content\/uploads\/2024\/05\/herba-medica-lekarna-ljubljana-logo-300x116.png 300w, https:\/\/www.herba-medica.si\/wp-content\/uploads\/2024\/05\/herba-medica-lekarna-ljubljana-logo-18x7.png 18w\" sizes=\"(max-width: 421px) 100vw, 421px\"><\/div>\n\t<\/div><\/figure>\n\n<\/div><div class=\"bde-image-336-309-336-1 bde-image bde-image-336-309\">\n<figure class=\"breakdance-image breakdance-image--4186\">\n\t<div class=\"breakdance-image-container\">\n\t\t<div class=\"breakdance-image-clip\"><img loading=\"lazy\" decoding=\"async\" class=\"breakdance-image-object\" src=\"https:\/\/www.herba-medica.si\/wp-content\/uploads\/2024\/05\/herba-medica-lekarna-velenje-logo.png\" width=\"421\" height=\"163\" srcset=\"https:\/\/www.herba-medica.si\/wp-content\/uploads\/2024\/05\/herba-medica-lekarna-velenje-logo.png 421w, https:\/\/www.herba-medica.si\/wp-content\/uploads\/2024\/05\/herba-medica-lekarna-velenje-logo-300x116.png 300w, https:\/\/www.herba-medica.si\/wp-content\/uploads\/2024\/05\/herba-medica-lekarna-velenje-logo-18x7.png 18w\" sizes=\"(max-width: 421px) 100vw, 421px\"><\/div>\n\t<\/div><\/figure>\n\n<\/div><div class=\"bde-image-336-310-336-1 bde-image bde-image-336-310\">\n<figure class=\"breakdance-image breakdance-image--4185\">\n\t<div class=\"breakdance-image-container\">\n\t\t<div class=\"breakdance-image-clip\"><img loading=\"lazy\" decoding=\"async\" class=\"breakdance-image-object\" src=\"https:\/\/www.herba-medica.si\/wp-content\/uploads\/2024\/05\/herba-medica-dolenjske-lekarne-logo.png\" width=\"421\" height=\"163\" srcset=\"https:\/\/www.herba-medica.si\/wp-content\/uploads\/2024\/05\/herba-medica-dolenjske-lekarne-logo.png 421w, https:\/\/www.herba-medica.si\/wp-content\/uploads\/2024\/05\/herba-medica-dolenjske-lekarne-logo-300x116.png 300w, https:\/\/www.herba-medica.si\/wp-content\/uploads\/2024\/05\/herba-medica-dolenjske-lekarne-logo-18x7.png 18w\" sizes=\"(max-width: 421px) 100vw, 421px\"><\/div>\n\t<\/div><\/figure>\n\n<\/div><div class=\"bde-image-336-311-336-1 bde-image bde-image-336-311\">\n<figure class=\"breakdance-image breakdance-image--4182\">\n\t<div class=\"breakdance-image-container\">\n\t\t<div class=\"breakdance-image-clip\"><img loading=\"lazy\" decoding=\"async\" class=\"breakdance-image-object\" src=\"https:\/\/www.herba-medica.si\/wp-content\/uploads\/2024\/05\/herba-medica-celjske-lekarne-logo.png\" width=\"421\" height=\"163\" srcset=\"https:\/\/www.herba-medica.si\/wp-content\/uploads\/2024\/05\/herba-medica-celjske-lekarne-logo.png 421w, https:\/\/www.herba-medica.si\/wp-content\/uploads\/2024\/05\/herba-medica-celjske-lekarne-logo-300x116.png 300w, https:\/\/www.herba-medica.si\/wp-content\/uploads\/2024\/05\/herba-medica-celjske-lekarne-logo-18x7.png 18w\" sizes=\"(max-width: 421px) 100vw, 421px\"><\/div>\n\t<\/div><\/figure>\n\n<\/div><div class=\"bde-image-336-312-336-1 bde-image bde-image-336-312\">\n<figure class=\"breakdance-image breakdance-image--4183\">\n\t<div class=\"breakdance-image-container\">\n\t\t<div class=\"breakdance-image-clip\"><img loading=\"lazy\" decoding=\"async\" class=\"breakdance-image-object\" src=\"https:\/\/www.herba-medica.si\/wp-content\/uploads\/2024\/05\/herba-medica-koroska-lekarna-logo.png\" width=\"421\" height=\"163\" srcset=\"https:\/\/www.herba-medica.si\/wp-content\/uploads\/2024\/05\/herba-medica-koroska-lekarna-logo.png 421w, https:\/\/www.herba-medica.si\/wp-content\/uploads\/2024\/05\/herba-medica-koroska-lekarna-logo-300x116.png 300w, https:\/\/www.herba-medica.si\/wp-content\/uploads\/2024\/05\/herba-medica-koroska-lekarna-logo-18x7.png 18w\" sizes=\"(max-width: 421px) 100vw, 421px\"><\/div>\n\t<\/div><\/figure>\n\n<\/div><div class=\"bde-image-336-313-336-1 bde-image bde-image-336-313\">\n<figure class=\"breakdance-image breakdance-image--4184\">\n\t<div class=\"breakdance-image-container\">\n\t\t<div class=\"breakdance-image-clip\"><img loading=\"lazy\" decoding=\"async\" class=\"breakdance-image-object\" src=\"https:\/\/www.herba-medica.si\/wp-content\/uploads\/2024\/05\/herba-medica-mestne-lekarne-logo.png\" width=\"421\" height=\"163\" srcset=\"https:\/\/www.herba-medica.si\/wp-content\/uploads\/2024\/05\/herba-medica-mestne-lekarne-logo.png 421w, https:\/\/www.herba-medica.si\/wp-content\/uploads\/2024\/05\/herba-medica-mestne-lekarne-logo-300x116.png 300w, https:\/\/www.herba-medica.si\/wp-content\/uploads\/2024\/05\/herba-medica-mestne-lekarne-logo-18x7.png 18w\" sizes=\"(max-width: 421px) 100vw, 421px\"><\/div>\n\t<\/div><\/figure>\n\n<\/div>\n<\/div>\n<\/div>\n<\/div>\n<\/div><\/span><\/span><\/p>\n","protected":false},"excerpt":{"rendered":"<p>Prehransko dopolnilo tremi sestavinami:<\/p>\n<ul>\n<li><strong><picture><source srcset=\"https:\/\/testing.herba-medica.si\/wp-content\/webp-express\/webp-images\/uploads\/2023\/08\/sestavine-01-300x300.png.webp\" type=\"image\/webp\" \/><\/picture><\/strong>PEA vpliva na PPAR receptorje, ki uravnavajo presnovo hranil, ter na CB2 receptorje in TRPV1 kanal, preko katerih zni\u017ea vnetje in bole\u010dino.<\/li>\n<li>Izvle\u010dek iz kurkume vpliva na ravnovesje imunskih T celic, ter tako uravnava vnetje.<\/li>\n<li>Beta kariofilen iz klin\u010dkov stimulira CB2 receptorje endokanabinoidnega sistema in tako zni\u017ea vnetje in bole\u010dino.<\/li>\n<\/ul>\n<p>za naravno in klini\u010dno testirano podporo pri oku\u017ebi s Covidom, pri laj\u0161anju bole\u010din in pri laj\u0161anju lokalnega akutnega (npr. artritis) in kroni\u010dnega vnetja primerno brez dolgoro\u010dnih slabih stranskih u\u010dinkov.*<\/p>\n","protected":false},"featured_media":7008,"comment_status":"open","ping_status":"closed","template":"","meta":{"_acf_changed":false},"product_brand":[],"product_cat":[96,71,29,31,26],"product_tag":[33,22,41,101],"class_list":{"0":"post-5296","1":"product","2":"type-product","3":"status-publish","4":"has-post-thumbnail","6":"product_cat-dopolnila-2","7":"product_cat-dopolnila","8":"product_cat-anti-age-in-antioksidanti","9":"product_cat-imunski-sistem-in-odpornost","10":"product_cat-izgorelost-in-stres","11":"product_tag-33","12":"product_tag-bio-certifikat","13":"product_tag-dopolnila-life-enhancer","14":"product_tag-testingattri","16":"first","17":"instock","18":"taxable","19":"shipping-taxable","20":"purchasable","21":"product-type-simple"},"acf":[],"yoast_head":"<!-- This site is optimized with the Yoast SEO Premium plugin v26.6 (Yoast SEO v26.7) - https:\/\/yoast.com\/wordpress\/plugins\/seo\/ -->\n<title>Herba<\/title>\n<meta name=\"robots\" content=\"index, follow, max-snippet:-1, max-image-preview:large, max-video-preview:-1\" \/>\n<link rel=\"canonical\" href=\"https:\/\/www.herba-medica.si\/bs\/wp-json\/wp\/v2\/product\/5296\" \/>\n<meta property=\"og:locale\" content=\"bs_BA\" \/>\n<meta property=\"og:type\" content=\"article\" \/>\n<meta property=\"og:url\" content=\"https:\/\/www.herba-medica.si\/bs\/wp-json\/wp\/v2\/product\/5296\" \/>\n<meta property=\"og:site_name\" content=\"Herba\" \/>\n<meta name=\"twitter:card\" content=\"summary_large_image\" \/>\n<script type=\"application\/ld+json\" class=\"yoast-schema-graph\">{\"@context\":\"https:\/\/schema.org\",\"@graph\":[{\"@type\":\"CollectionPage\",\"@id\":null,\"url\":\"\",\"name\":\"\",\"isPartOf\":{\"@id\":\"https:\/\/www.herba-medica.si\/#website\"},\"inLanguage\":\"bs-BA\"},{\"@type\":\"WebSite\",\"@id\":\"https:\/\/www.herba-medica.si\/#website\",\"url\":\"https:\/\/www.herba-medica.si\/\",\"name\":\"Herba\",\"description\":\"Medica\",\"potentialAction\":[{\"@type\":\"SearchAction\",\"target\":{\"@type\":\"EntryPoint\",\"urlTemplate\":\"https:\/\/www.herba-medica.si\/?s={search_term_string}\"},\"query-input\":{\"@type\":\"PropertyValueSpecification\",\"valueRequired\":true,\"valueName\":\"search_term_string\"}}],\"inLanguage\":\"bs-BA\"}]}<\/script>\n<!-- \/ Yoast SEO Premium plugin. -->","yoast_head_json":{"title":"Herba","robots":{"index":"index","follow":"follow","max-snippet":"max-snippet:-1","max-image-preview":"max-image-preview:large","max-video-preview":"max-video-preview:-1"},"canonical":"https:\/\/www.herba-medica.si\/bs\/wp-json\/wp\/v2\/product\/5296","og_locale":"bs_BA","og_type":"article","og_url":"https:\/\/www.herba-medica.si\/bs\/wp-json\/wp\/v2\/product\/5296","og_site_name":"Herba","twitter_card":"summary_large_image","schema":{"@context":"https:\/\/schema.org","@graph":[{"@type":"CollectionPage","@id":null,"url":"","name":"","isPartOf":{"@id":"https:\/\/www.herba-medica.si\/#website"},"inLanguage":"bs-BA"},{"@type":"WebSite","@id":"https:\/\/www.herba-medica.si\/#website","url":"https:\/\/www.herba-medica.si\/","name":"Grb","description":"Medica","potentialAction":[{"@type":"SearchAction","target":{"@type":"EntryPoint","urlTemplate":"https:\/\/www.herba-medica.si\/?s={search_term_string}"},"query-input":{"@type":"PropertyValueSpecification","valueRequired":true,"valueName":"search_term_string"}}],"inLanguage":"bs-BA"}]}},"_links":{"self":[{"href":"https:\/\/www.herba-medica.si\/bs\/wp-json\/wp\/v2\/product\/5296"}],"collection":[{"href":"https:\/\/www.herba-medica.si\/bs\/wp-json\/wp\/v2\/product"}],"about":[{"href":"https:\/\/www.herba-medica.si\/bs\/wp-json\/wp\/v2\/types\/product"}],"replies":[{"embeddable":true,"href":"https:\/\/www.herba-medica.si\/bs\/wp-json\/wp\/v2\/comments?post=5296"}],"wp:featuredmedia":[{"embeddable":true,"href":"https:\/\/www.herba-medica.si\/bs\/wp-json\/wp\/v2\/media\/7008"}],"wp:attachment":[{"href":"https:\/\/www.herba-medica.si\/bs\/wp-json\/wp\/v2\/media?parent=5296"}],"wp:term":[{"taxonomy":"product_brand","embeddable":true,"href":"https:\/\/www.herba-medica.si\/bs\/wp-json\/wp\/v2\/product_brand?post=5296"},{"taxonomy":"product_cat","embeddable":true,"href":"https:\/\/www.herba-medica.si\/bs\/wp-json\/wp\/v2\/product_cat?post=5296"},{"taxonomy":"product_tag","embeddable":true,"href":"https:\/\/www.herba-medica.si\/bs\/wp-json\/wp\/v2\/product_tag?post=5296"}],"curies":[{"name":"wp","href":"https:\/\/api.w.org\/{rel}","templated":true}]}}