{"id":5297,"date":"2025-03-06T10:19:02","date_gmt":"2025-03-06T09:19:02","guid":{"rendered":"https:\/\/www.herba-medica.si\/?post_type=product&#038;p=5297"},"modified":"2026-02-26T07:49:03","modified_gmt":"2026-02-26T06:49:03","slug":"421-da-zna","status":"publish","type":"product","link":"https:\/\/www.herba-medica.si\/bs\/proizvod\/421-da-zna\/","title":{"rendered":"COGNICARE"},"content":{"rendered":"<p><!-- NE SPREMINJAJ PO TEJ TO\u010cKI NAPREJ --><br \/>\n<span dir=\"auto\" style=\"vertical-align: inherit;\"><span dir=\"auto\" style=\"vertical-align: inherit;\"><div class=\"bde-div-336-277-336-1 bde-div bde-div-336-277\">\n  \n  \n\t\n\n\n\n<div class=\"bde-globalblock-336-304-336-1 bde-globalblock bde-globalblock-336-304\"><div class=\"bde-div-4157-100-336-1-4157-1 bde-div bde-div-4157-100\">\n  \n  \n\t\n\n\n\n<h3 class=\"bde-heading-4157-101-336-1-4157-1 bde-heading bde-heading-4157-101\">\nPovezani izdelki\n<\/h3><div class=\"bde-code-block-4157-102-336-1-4157-1 bde-code-block bde-code-block-4157-102\">\n\n\n\n<\/div><div class=\"bde-wooproductslist-4157-103-336-1-4157-1 bde-wooproductslist bde-wooproductslist-4157-103 breakdance-woocommerce\"><div class=\"woocommerce\"><ul class=\"products\">\n<li class=\"product type-product post-1004 status-publish first instock product_cat-anti-age-in-antioksidanti product_cat-dopolnila-2 product_cat-energija-in-fokus product_cat-izgorelost-in-stres product_cat-dopolnila product_cat-srce-kri-in-ozilje product_tag-34 product_tag-dopolnila-life-enhancer product_tag-napitek has-post-thumbnail taxable shipping-taxable purchasable product-type-simple\" >\n\t<a href=\"https:\/\/www.herba-medica.si\/bs\/proizvod\/231-aktivna-briga-fe-ab-fortis-vitamin-c-q10-vinsko-sjeme-pice\/\" class=\"woocommerce-LoopProduct-link woocommerce-loop-product__link\"><div class=\"bde-woo-product-image\"><img fetchpriority=\"high\" decoding=\"async\" width=\"300\" height=\"300\" src=\"https:\/\/www.herba-medica.si\/wp-content\/uploads\/2024\/05\/80g_231-\u2013-ACTIVECARE-Fe-AB-Fortis\u00ae-Vitamin-C-Q10-VinOseed\u2122-NAPITEK-300x300.jpg\" class=\"attachment-woocommerce_thumbnail size-woocommerce_thumbnail\" alt=\"Herba Medica Active Care Fe AB-Fortis z dodatkom vitamina C.\" srcset=\"https:\/\/www.herba-medica.si\/wp-content\/uploads\/2024\/05\/80g_231-\u2013-ACTIVECARE-Fe-AB-Fortis\u00ae-Vitamin-C-Q10-VinOseed\u2122-NAPITEK-300x300.jpg 300w, https:\/\/www.herba-medica.si\/wp-content\/uploads\/2024\/05\/80g_231-\u2013-ACTIVECARE-Fe-AB-Fortis\u00ae-Vitamin-C-Q10-VinOseed\u2122-NAPITEK-150x150.jpg 150w, https:\/\/www.herba-medica.si\/wp-content\/uploads\/2024\/05\/80g_231-\u2013-ACTIVECARE-Fe-AB-Fortis\u00ae-Vitamin-C-Q10-VinOseed\u2122-NAPITEK-768x768.jpg 768w, https:\/\/www.herba-medica.si\/wp-content\/uploads\/2024\/05\/80g_231-\u2013-ACTIVECARE-Fe-AB-Fortis\u00ae-Vitamin-C-Q10-VinOseed\u2122-NAPITEK.jpg 1000w\" sizes=\"(max-width: 300px) 100vw, 300px\" \/><\/div><p class=\"bde-woo-categories-list\">Anti-age in antioksidanti, Dopolnila, Energija in fokus, Izgorelost in stres, Naravna dopolnila, Srce in o\u017eilje<\/p>\n<h2 class=\"woocommerce-loop-product__title\">ACTIVECARE | Fe AB-Fortis\u00ae, Vitamin C, Q10Vital\u00ae, VinOseed\u2122 NAPITEK, 15 vre\u010dk<\/h2>\n\t<span class=\"price\"><span class=\"woocommerce-Price-amount amount\"><bdi>13,90&nbsp;<span class=\"woocommerce-Price-currencySymbol\">&euro;<\/span><\/bdi><\/span><\/span>\n<\/a><div class=\"bde-woo-product-footer\"><a href=\"\/bs\/wp-json\/wp\/v2\/product\/5297?add-to-cart=1004\" aria-describedby=\"woocommerce_loop_add_to_cart_link_describedby_1004\" data-quantity=\"1\" class=\"button product_type_simple add_to_cart_button ajax_add_to_cart\" data-product_id=\"1004\" data-product_sku=\"50767\" aria-label=\"Dodaj u korpu: \u201cACTIVECARE | Fe AB-Fortis\u00ae, Vitamin C, Q10Vital\u00ae, VinOseed\u2122 NAPITEK, 15 vre\u010dk\u201d\" rel=\"nofollow\" data-success_message=\"\u201cACTIVECARE | Fe AB-Fortis\u00ae, Vitamin C, Q10Vital\u00ae, VinOseed\u2122 NAPITEK, 15 vre\u010dk\u201d je dodan u va\u0161u korpu.\" role=\"button\">Dodaj u korpu<\/a>\t<span id=\"woocommerce_loop_add_to_cart_link_describedby_1004\" class=\"screen-reader-text\">\n\t\t\t<\/span>\n<\/div><\/li>\n<li class=\"product type-product post-7925 status-publish instock product_cat-dopolnila-2 product_tag-bio-certifikat product_tag-dopolnila-life-enhancer product_tag-life-enhancer has-post-thumbnail taxable shipping-taxable purchasable product-type-simple\" >\n\t<a href=\"https:\/\/www.herba-medica.si\/bs\/proizvod\/ioniq\/\" class=\"woocommerce-LoopProduct-link woocommerce-loop-product__link\"><div class=\"bde-woo-product-image\"><img decoding=\"async\" width=\"300\" height=\"300\" src=\"https:\/\/www.herba-medica.si\/wp-content\/uploads\/2026\/02\/prostacrejpeg2-without-bg-3-300x300.png\" class=\"attachment-woocommerce_thumbnail size-woocommerce_thumbnail\" alt=\"IONIQ+\" srcset=\"https:\/\/www.herba-medica.si\/wp-content\/uploads\/2026\/02\/prostacrejpeg2-without-bg-3-300x300.png 300w, https:\/\/www.herba-medica.si\/wp-content\/uploads\/2026\/02\/prostacrejpeg2-without-bg-3-150x150.png 150w, https:\/\/www.herba-medica.si\/wp-content\/uploads\/2026\/02\/prostacrejpeg2-without-bg-3-12x12.png 12w, https:\/\/www.herba-medica.si\/wp-content\/uploads\/2026\/02\/prostacrejpeg2-without-bg-3-64x64.png 64w, https:\/\/www.herba-medica.si\/wp-content\/uploads\/2026\/02\/prostacrejpeg2-without-bg-3.png 767w\" sizes=\"(max-width: 300px) 100vw, 300px\" \/><\/div><p class=\"bde-woo-categories-list\">Dopolnila<\/p>\n<h2 class=\"woocommerce-loop-product__title\">IONIQ+<\/h2>\n\t<span class=\"price\"><span class=\"woocommerce-Price-amount amount\"><bdi>23,90&nbsp;<span class=\"woocommerce-Price-currencySymbol\">&euro;<\/span><\/bdi><\/span><\/span>\n<\/a><div class=\"bde-woo-product-footer\"><a href=\"\/bs\/wp-json\/wp\/v2\/product\/5297?add-to-cart=7925\" aria-describedby=\"woocommerce_loop_add_to_cart_link_describedby_7925\" data-quantity=\"1\" class=\"button product_type_simple add_to_cart_button ajax_add_to_cart\" data-product_id=\"7925\" data-product_sku=\"\" aria-label=\"Dodaj u korpu: \u201cIONIQ+\u201d\" rel=\"nofollow\" data-success_message=\"\u201cIONIQ+\u201d je dodan u va\u0161u korpu.\" role=\"button\">Dodaj u korpu<\/a>\t<span id=\"woocommerce_loop_add_to_cart_link_describedby_7925\" class=\"screen-reader-text\">\n\t\t\t<\/span>\n<\/div><\/li>\n<li class=\"product type-product post-1002 status-publish instock product_cat-dopolnila-2 product_cat-energija-in-fokus product_cat-izgorelost-in-stres product_cat-dopolnila product_cat-nosecnost product_cat-srce-kri-in-ozilje product_tag-34 product_tag-dopolnila-life-enhancer product_tag-kapsule product_tag-life-enhancer has-post-thumbnail taxable shipping-taxable purchasable product-type-simple\" >\n\t<a href=\"https:\/\/www.herba-medica.si\/bs\/proizvod\/221-activecare-fe-ab-fortis-vitamini-c-b9-b12-kapsule\/\" class=\"woocommerce-LoopProduct-link woocommerce-loop-product__link\"><div class=\"bde-woo-product-image\"><img decoding=\"async\" width=\"300\" height=\"300\" src=\"https:\/\/www.herba-medica.si\/wp-content\/uploads\/2024\/05\/kapsule_221-\u2013-ACTIVECARE-Fe-AB-Fortis\u00ae-Vitamini-C-B9-B12-KAPSULE-300x300.jpg\" class=\"attachment-woocommerce_thumbnail size-woocommerce_thumbnail\" alt=\"Herba Medica ActiveCare Fe AB-Fortis kapsule z vitaminom C, B12\" srcset=\"https:\/\/www.herba-medica.si\/wp-content\/uploads\/2024\/05\/kapsule_221-\u2013-ACTIVECARE-Fe-AB-Fortis\u00ae-Vitamini-C-B9-B12-KAPSULE-300x300.jpg 300w, https:\/\/www.herba-medica.si\/wp-content\/uploads\/2024\/05\/kapsule_221-\u2013-ACTIVECARE-Fe-AB-Fortis\u00ae-Vitamini-C-B9-B12-KAPSULE-150x150.jpg 150w, https:\/\/www.herba-medica.si\/wp-content\/uploads\/2024\/05\/kapsule_221-\u2013-ACTIVECARE-Fe-AB-Fortis\u00ae-Vitamini-C-B9-B12-KAPSULE-768x768.jpg 768w, https:\/\/www.herba-medica.si\/wp-content\/uploads\/2024\/05\/kapsule_221-\u2013-ACTIVECARE-Fe-AB-Fortis\u00ae-Vitamini-C-B9-B12-KAPSULE.jpg 1000w\" sizes=\"(max-width: 300px) 100vw, 300px\" \/><\/div><p class=\"bde-woo-categories-list\">Dopolnila, Energija in fokus, Izgorelost in stres, Naravna dopolnila, Nose\u010dnost, Srce in o\u017eilje<\/p>\n<h2 class=\"woocommerce-loop-product__title\">ACTIVECARE | \u017delezo AB-Fortis\u00ae + Vitamini C B9 B12 KAPSULE<\/h2>\n\t<span class=\"price\"><span class=\"woocommerce-Price-amount amount\"><bdi>10,33&nbsp;<span class=\"woocommerce-Price-currencySymbol\">&euro;<\/span><\/bdi><\/span><\/span>\n<\/a><div class=\"bde-woo-product-footer\"><a href=\"\/bs\/wp-json\/wp\/v2\/product\/5297?add-to-cart=1002\" aria-describedby=\"woocommerce_loop_add_to_cart_link_describedby_1002\" data-quantity=\"1\" class=\"button product_type_simple add_to_cart_button ajax_add_to_cart\" data-product_id=\"1002\" data-product_sku=\"50756\" aria-label=\"Dodaj u korpu: \u201cACTIVECARE | \u017delezo AB-Fortis\u00ae + Vitamini C B9 B12 KAPSULE\u201d\" rel=\"nofollow\" data-success_message=\"\u201cACTIVECARE | \u017delezo AB-Fortis\u00ae + Vitamini C B9 B12 KAPSULE\u201d je dodan u va\u0161u korpu.\" role=\"button\">Dodaj u korpu<\/a>\t<span id=\"woocommerce_loop_add_to_cart_link_describedby_1002\" class=\"screen-reader-text\">\n\t\t\t<\/span>\n<\/div><\/li>\n<\/ul>\n<\/div>\r\n<\/div>\n<\/div><\/div><div class=\"bde-div-336-245-336-1 bde-div bde-div-336-245\">\n  \n  \n\t\n\n\n\n<div class=\"bde-div-336-305-336-1 bde-div bde-div-336-305\">\n  \n  \n\t\n\n\n\n<h3 class=\"bde-heading-336-306-336-1 bde-heading bde-heading-336-306\">\nNa\u0161i izdelki so na voljo tudi v lekarnah, trgovinah in drogerijah.\n<\/h3><div class=\"bde-grid-336-307-336-1 bde-grid bde-grid-336-307\">\n  \n  \n\t\n\n\n\n<div class=\"bde-image-336-308-336-1 bde-image bde-image-336-308\">\n<figure class=\"breakdance-image breakdance-image--4187\">\n\t<div class=\"breakdance-image-container\">\n\t\t<div class=\"breakdance-image-clip\"><img loading=\"lazy\" decoding=\"async\" class=\"breakdance-image-object\" src=\"https:\/\/www.herba-medica.si\/wp-content\/uploads\/2024\/05\/herba-medica-lekarna-ljubljana-logo.png\" width=\"421\" height=\"163\" srcset=\"https:\/\/www.herba-medica.si\/wp-content\/uploads\/2024\/05\/herba-medica-lekarna-ljubljana-logo.png 421w, https:\/\/www.herba-medica.si\/wp-content\/uploads\/2024\/05\/herba-medica-lekarna-ljubljana-logo-300x116.png 300w, https:\/\/www.herba-medica.si\/wp-content\/uploads\/2024\/05\/herba-medica-lekarna-ljubljana-logo-18x7.png 18w\" sizes=\"(max-width: 421px) 100vw, 421px\"><\/div>\n\t<\/div><\/figure>\n\n<\/div><div class=\"bde-image-336-309-336-1 bde-image bde-image-336-309\">\n<figure class=\"breakdance-image breakdance-image--4186\">\n\t<div class=\"breakdance-image-container\">\n\t\t<div class=\"breakdance-image-clip\"><img loading=\"lazy\" decoding=\"async\" class=\"breakdance-image-object\" src=\"https:\/\/www.herba-medica.si\/wp-content\/uploads\/2024\/05\/herba-medica-lekarna-velenje-logo.png\" width=\"421\" height=\"163\" srcset=\"https:\/\/www.herba-medica.si\/wp-content\/uploads\/2024\/05\/herba-medica-lekarna-velenje-logo.png 421w, https:\/\/www.herba-medica.si\/wp-content\/uploads\/2024\/05\/herba-medica-lekarna-velenje-logo-300x116.png 300w, https:\/\/www.herba-medica.si\/wp-content\/uploads\/2024\/05\/herba-medica-lekarna-velenje-logo-18x7.png 18w\" sizes=\"(max-width: 421px) 100vw, 421px\"><\/div>\n\t<\/div><\/figure>\n\n<\/div><div class=\"bde-image-336-310-336-1 bde-image bde-image-336-310\">\n<figure class=\"breakdance-image breakdance-image--4185\">\n\t<div class=\"breakdance-image-container\">\n\t\t<div class=\"breakdance-image-clip\"><img loading=\"lazy\" decoding=\"async\" class=\"breakdance-image-object\" src=\"https:\/\/www.herba-medica.si\/wp-content\/uploads\/2024\/05\/herba-medica-dolenjske-lekarne-logo.png\" width=\"421\" height=\"163\" srcset=\"https:\/\/www.herba-medica.si\/wp-content\/uploads\/2024\/05\/herba-medica-dolenjske-lekarne-logo.png 421w, https:\/\/www.herba-medica.si\/wp-content\/uploads\/2024\/05\/herba-medica-dolenjske-lekarne-logo-300x116.png 300w, https:\/\/www.herba-medica.si\/wp-content\/uploads\/2024\/05\/herba-medica-dolenjske-lekarne-logo-18x7.png 18w\" sizes=\"(max-width: 421px) 100vw, 421px\"><\/div>\n\t<\/div><\/figure>\n\n<\/div><div class=\"bde-image-336-311-336-1 bde-image bde-image-336-311\">\n<figure class=\"breakdance-image breakdance-image--4182\">\n\t<div class=\"breakdance-image-container\">\n\t\t<div class=\"breakdance-image-clip\"><img loading=\"lazy\" decoding=\"async\" class=\"breakdance-image-object\" src=\"https:\/\/www.herba-medica.si\/wp-content\/uploads\/2024\/05\/herba-medica-celjske-lekarne-logo.png\" width=\"421\" height=\"163\" srcset=\"https:\/\/www.herba-medica.si\/wp-content\/uploads\/2024\/05\/herba-medica-celjske-lekarne-logo.png 421w, https:\/\/www.herba-medica.si\/wp-content\/uploads\/2024\/05\/herba-medica-celjske-lekarne-logo-300x116.png 300w, https:\/\/www.herba-medica.si\/wp-content\/uploads\/2024\/05\/herba-medica-celjske-lekarne-logo-18x7.png 18w\" sizes=\"(max-width: 421px) 100vw, 421px\"><\/div>\n\t<\/div><\/figure>\n\n<\/div><div class=\"bde-image-336-312-336-1 bde-image bde-image-336-312\">\n<figure class=\"breakdance-image breakdance-image--4183\">\n\t<div class=\"breakdance-image-container\">\n\t\t<div class=\"breakdance-image-clip\"><img loading=\"lazy\" decoding=\"async\" class=\"breakdance-image-object\" src=\"https:\/\/www.herba-medica.si\/wp-content\/uploads\/2024\/05\/herba-medica-koroska-lekarna-logo.png\" width=\"421\" height=\"163\" srcset=\"https:\/\/www.herba-medica.si\/wp-content\/uploads\/2024\/05\/herba-medica-koroska-lekarna-logo.png 421w, https:\/\/www.herba-medica.si\/wp-content\/uploads\/2024\/05\/herba-medica-koroska-lekarna-logo-300x116.png 300w, https:\/\/www.herba-medica.si\/wp-content\/uploads\/2024\/05\/herba-medica-koroska-lekarna-logo-18x7.png 18w\" sizes=\"(max-width: 421px) 100vw, 421px\"><\/div>\n\t<\/div><\/figure>\n\n<\/div><div class=\"bde-image-336-313-336-1 bde-image bde-image-336-313\">\n<figure class=\"breakdance-image breakdance-image--4184\">\n\t<div class=\"breakdance-image-container\">\n\t\t<div class=\"breakdance-image-clip\"><img loading=\"lazy\" decoding=\"async\" class=\"breakdance-image-object\" src=\"https:\/\/www.herba-medica.si\/wp-content\/uploads\/2024\/05\/herba-medica-mestne-lekarne-logo.png\" width=\"421\" height=\"163\" srcset=\"https:\/\/www.herba-medica.si\/wp-content\/uploads\/2024\/05\/herba-medica-mestne-lekarne-logo.png 421w, https:\/\/www.herba-medica.si\/wp-content\/uploads\/2024\/05\/herba-medica-mestne-lekarne-logo-300x116.png 300w, https:\/\/www.herba-medica.si\/wp-content\/uploads\/2024\/05\/herba-medica-mestne-lekarne-logo-18x7.png 18w\" sizes=\"(max-width: 421px) 100vw, 421px\"><\/div>\n\t<\/div><\/figure>\n\n<\/div>\n<\/div>\n<\/div>\n<\/div>\n<\/div><\/span><\/span><\/p>\n","protected":false},"excerpt":{"rendered":"<p>Prehransko dopolnilo s \u0161tirimi sestavinami:<\/p>\n<ul>\n<li>Gingko biloba vsebuje antioksidante, ki delujejo v mo\u017eganih in izbolj\u0161ajo prekrvavitev frontalnega loba.<\/li>\n<li>Beta kariofilen vpliva na CB2 in PPAR receptorje, ki uravnavajo presnovo hranil, ter na CB2 receptorje, preko katerih zni\u017ea vnetje.<\/li>\n<li>Cognizin citiholin klini\u010dno dokazano lahko izbolj\u0161a spomin in fokus.<\/li>\n<li>Fosfatidilserin je eden pomembnej\u0161ih nevtrotransmiterjev odgovornih za plasti\u010dnost mo\u017eganov (spomin, u\u010denje in razmi\u0161ljanje).<\/li>\n<\/ul>\n<p>za naravno in klini\u010dno testirano podporo za zdravo delovanje mo\u017eganov in normalne kognitivne sposobnosti.*<\/p>\n","protected":false},"featured_media":7009,"comment_status":"open","ping_status":"closed","template":"","meta":{"_acf_changed":false},"product_brand":[],"product_cat":[96,71,28,26,68],"product_tag":[41],"class_list":{"0":"post-5297","1":"product","2":"type-product","3":"status-publish","4":"has-post-thumbnail","6":"product_cat-dopolnila-2","7":"product_cat-dopolnila","8":"product_cat-energija-in-fokus","9":"product_cat-izgorelost-in-stres","10":"product_cat-kognicija","11":"product_tag-dopolnila-life-enhancer","13":"first","14":"instock","15":"taxable","16":"shipping-taxable","17":"purchasable","18":"product-type-simple"},"acf":[],"yoast_head":"<!-- This site is optimized with the Yoast SEO Premium plugin v26.6 (Yoast SEO v26.7) - https:\/\/yoast.com\/wordpress\/plugins\/seo\/ -->\n<title>Herba<\/title>\n<meta name=\"robots\" content=\"index, follow, max-snippet:-1, max-image-preview:large, max-video-preview:-1\" \/>\n<link rel=\"canonical\" href=\"https:\/\/www.herba-medica.si\/bs\/wp-json\/wp\/v2\/product\/5297\" \/>\n<meta property=\"og:locale\" content=\"bs_BA\" \/>\n<meta property=\"og:type\" content=\"article\" \/>\n<meta property=\"og:url\" content=\"https:\/\/www.herba-medica.si\/bs\/wp-json\/wp\/v2\/product\/5297\" \/>\n<meta property=\"og:site_name\" content=\"Herba\" \/>\n<meta name=\"twitter:card\" content=\"summary_large_image\" \/>\n<script type=\"application\/ld+json\" class=\"yoast-schema-graph\">{\"@context\":\"https:\/\/schema.org\",\"@graph\":[{\"@type\":\"CollectionPage\",\"@id\":null,\"url\":\"\",\"name\":\"\",\"isPartOf\":{\"@id\":\"https:\/\/www.herba-medica.si\/#website\"},\"inLanguage\":\"bs-BA\"},{\"@type\":\"WebSite\",\"@id\":\"https:\/\/www.herba-medica.si\/#website\",\"url\":\"https:\/\/www.herba-medica.si\/\",\"name\":\"Herba\",\"description\":\"Medica\",\"potentialAction\":[{\"@type\":\"SearchAction\",\"target\":{\"@type\":\"EntryPoint\",\"urlTemplate\":\"https:\/\/www.herba-medica.si\/?s={search_term_string}\"},\"query-input\":{\"@type\":\"PropertyValueSpecification\",\"valueRequired\":true,\"valueName\":\"search_term_string\"}}],\"inLanguage\":\"bs-BA\"}]}<\/script>\n<!-- \/ Yoast SEO Premium plugin. -->","yoast_head_json":{"title":"Herba","robots":{"index":"index","follow":"follow","max-snippet":"max-snippet:-1","max-image-preview":"max-image-preview:large","max-video-preview":"max-video-preview:-1"},"canonical":"https:\/\/www.herba-medica.si\/bs\/wp-json\/wp\/v2\/product\/5297","og_locale":"bs_BA","og_type":"article","og_url":"https:\/\/www.herba-medica.si\/bs\/wp-json\/wp\/v2\/product\/5297","og_site_name":"Herba","twitter_card":"summary_large_image","schema":{"@context":"https:\/\/schema.org","@graph":[{"@type":"CollectionPage","@id":null,"url":"","name":"","isPartOf":{"@id":"https:\/\/www.herba-medica.si\/#website"},"inLanguage":"bs-BA"},{"@type":"WebSite","@id":"https:\/\/www.herba-medica.si\/#website","url":"https:\/\/www.herba-medica.si\/","name":"Grb","description":"Medica","potentialAction":[{"@type":"SearchAction","target":{"@type":"EntryPoint","urlTemplate":"https:\/\/www.herba-medica.si\/?s={search_term_string}"},"query-input":{"@type":"PropertyValueSpecification","valueRequired":true,"valueName":"search_term_string"}}],"inLanguage":"bs-BA"}]}},"_links":{"self":[{"href":"https:\/\/www.herba-medica.si\/bs\/wp-json\/wp\/v2\/product\/5297"}],"collection":[{"href":"https:\/\/www.herba-medica.si\/bs\/wp-json\/wp\/v2\/product"}],"about":[{"href":"https:\/\/www.herba-medica.si\/bs\/wp-json\/wp\/v2\/types\/product"}],"replies":[{"embeddable":true,"href":"https:\/\/www.herba-medica.si\/bs\/wp-json\/wp\/v2\/comments?post=5297"}],"wp:featuredmedia":[{"embeddable":true,"href":"https:\/\/www.herba-medica.si\/bs\/wp-json\/wp\/v2\/media\/7009"}],"wp:attachment":[{"href":"https:\/\/www.herba-medica.si\/bs\/wp-json\/wp\/v2\/media?parent=5297"}],"wp:term":[{"taxonomy":"product_brand","embeddable":true,"href":"https:\/\/www.herba-medica.si\/bs\/wp-json\/wp\/v2\/product_brand?post=5297"},{"taxonomy":"product_cat","embeddable":true,"href":"https:\/\/www.herba-medica.si\/bs\/wp-json\/wp\/v2\/product_cat?post=5297"},{"taxonomy":"product_tag","embeddable":true,"href":"https:\/\/www.herba-medica.si\/bs\/wp-json\/wp\/v2\/product_tag?post=5297"}],"curies":[{"name":"wp","href":"https:\/\/api.w.org\/{rel}","templated":true}]}}