{"id":1003,"date":"2024-05-27T02:36:44","date_gmt":"2024-05-27T05:41:42","guid":{"rendered":"https:\/\/herba.medica.4futureagency.com\/?post_type=product&#038;p=1003"},"modified":"2026-03-11T12:16:14","modified_gmt":"2026-03-11T11:16:14","slug":"223-immunocare-nucleotides-zinc-vitamin-c-capsules","status":"publish","type":"product","link":"https:\/\/www.herba-medica.si\/en\/product\/223-immunocare-nucleotides-zinc-vitamin-c-capsules\/","title":{"rendered":"IMUNOCARE | Nukleotidi + Cink + Vitamin C KAPSULE"},"content":{"rendered":"<p>Ko patogen vstopi v telo, imunski sistem za\u010dne proizvajati imunske signalne celice (interlevkine), protitelesa (imunoglobuline) in imunske celice, ki napadejo patogen. Za to pa imunski sistem potrebuje gradnike teh molekul in pomo\u010d pri delitvi celic, da se imunske celice lahko mno\u017eijo in premagajo patogen.<\/p>\n<p class=\"has-text-align-left\"><strong>222 \u2013 IMUNO<\/strong><em>CARE<\/em><strong>\u00a0kapsule:<\/strong><\/p>\n<ul>\n<li>Prvi t.i. post-biotik v Sloveniji \u017ee od leta 2020.<\/li>\n<li>Vir gradnikov, ki jih lahko uporabi tako prirojeni, kot pridobljeni imunski sistem za svoje optimalno delovanje.<\/li>\n<li>Nukleotidi so gradniki RNK v mitohondrijih, protiteles (imunoglobulinov) in imunskih signalnih celic.<\/li>\n<li>Nukleotide najdemo v kolostrumu, materinem mleku, a nukleotidi v ImunoCare kapsulah so veganskega izvora.<\/li>\n<li>Cink sodeluje pri gradnji RNK in DNK, pri delitvi celic in pri imunskem sistemu.* Med imunsko reakcijo na patogen telo namre\u010d za\u010dne proizvajati imunske signalne molekule in protitelesa.<\/li>\n<li>Cink sodeluje pri gradnji proteinov, med katerimi najdemo signalne molekule in protitelesa.**<\/li>\n<li>Vitamin C je antioksidant, ki sodeluje pri normalnem delovanju imunskega sistema.***<\/li>\n<\/ul>\n<p><strong>222 \u2013 IMUNO<\/strong><em>CARE<\/em><strong> kapsule so namenjene:<br \/>\n<\/strong><\/p>\n<ul>\n<li>Ljudem z oslabljeno imunostjo.<\/li>\n<li>Kot pomo\u010d imunskemu sistemu za normalno delovanje skozi jesen in zimo.<\/li>\n<li>Kot pomo\u010d imunskemu sistemu pri normalnem delovanju ob bakterijskih in virusnih oku\u017ebah.<\/li>\n<\/ul>\n<p><strong>Pakirano v veganskih\/celuloznih kapsulah (HPMC):<br \/>\n<\/strong><\/p>\n<ul>\n<li>Odli\u010dna za\u0161\u010dita nukleotidov in vitamina C pred razkrojem in kontaminacijo.<\/li>\n<\/ul>\n<p><strong>Pakirano v blistrih<\/strong>:<\/p>\n<ul>\n<li>Odli\u010dna za\u0161\u010dita pred kontaminacijo.<\/li>\n<li>Bolj\u0161a obstojnost kapsul in sestavin (za\u0161\u010dita pred vlago in kisikom).<\/li>\n<\/ul>\n<p><strong>Razvito in izdelano v Sloveniji v proizvodnji s certifikati GMP, IFS, ISO9001 in BIO.<\/strong><\/p>\n<p>* Zdravstveni trditvi ID292, ID293 dovoljeni s strani evropskega regulatorja EFSA.<\/p>\n<p>** Zdravstvena trditev ID293 dovoljena s strani evropskega regulatorja EFSA.<\/p>\n<p>*** Zdravstvene trditve ID138, ID143, ID148, ID3331 dovoljene s strani evropskega regulatorja EFSA.<\/p>\n<p><!-- NE SPREMINJAJ PO TEJ TO\u010cKI NAPREJ --><div class=\"bde-div-336-277-336-1 bde-div bde-div-336-277\">\n  \n  \n\t\n\n\n\n<div class=\"bde-globalblock-336-304-336-1 bde-globalblock bde-globalblock-336-304\"><div class=\"bde-div-4157-100-336-1-4157-1 bde-div bde-div-4157-100\">\n  \n  \n\t\n\n\n\n<h3 class=\"bde-heading-4157-101-336-1-4157-1 bde-heading bde-heading-4157-101\">\nPovezani izdelki\n<\/h3><div class=\"bde-code-block-4157-102-336-1-4157-1 bde-code-block bde-code-block-4157-102\">\n\n\n\n<\/div><div class=\"bde-wooproductslist-4157-103-336-1-4157-1 bde-wooproductslist bde-wooproductslist-4157-103 breakdance-woocommerce\"><div class=\"woocommerce\"><ul class=\"products\">\n<li class=\"product type-product post-117 status-publish first instock product_cat-dopolnila-2 product_cat-koza product_cat-dopolnila product_tag-37 product_tag-dopolnila-life-enhancer product_tag-life-enhancer product_tag-napitek has-post-thumbnail taxable shipping-taxable purchasable product-type-simple\" >\n\t<a href=\"https:\/\/www.herba-medica.si\/en\/product\/beautycare-collagen\/\" class=\"woocommerce-LoopProduct-link woocommerce-loop-product__link\"><div class=\"bde-woo-product-image\"><img fetchpriority=\"high\" decoding=\"async\" width=\"300\" height=\"300\" src=\"https:\/\/www.herba-medica.si\/wp-content\/uploads\/2024\/04\/80g_531-\u2013-BEAUTYCARE-kolagen-Naticol\u00ae-hialuronska-kislina-MSM-biotin-cink-NAPITEK-300x300.jpg\" class=\"attachment-woocommerce_thumbnail size-woocommerce_thumbnail\" alt=\"Herba Medica BeautyCare Kolagen Naticol s hialuronsko kislino, vitaminom C\" srcset=\"https:\/\/www.herba-medica.si\/wp-content\/uploads\/2024\/04\/80g_531-\u2013-BEAUTYCARE-kolagen-Naticol\u00ae-hialuronska-kislina-MSM-biotin-cink-NAPITEK-300x300.jpg 300w, https:\/\/www.herba-medica.si\/wp-content\/uploads\/2024\/04\/80g_531-\u2013-BEAUTYCARE-kolagen-Naticol\u00ae-hialuronska-kislina-MSM-biotin-cink-NAPITEK-150x150.jpg 150w, https:\/\/www.herba-medica.si\/wp-content\/uploads\/2024\/04\/80g_531-\u2013-BEAUTYCARE-kolagen-Naticol\u00ae-hialuronska-kislina-MSM-biotin-cink-NAPITEK-768x768.jpg 768w, https:\/\/www.herba-medica.si\/wp-content\/uploads\/2024\/04\/80g_531-\u2013-BEAUTYCARE-kolagen-Naticol\u00ae-hialuronska-kislina-MSM-biotin-cink-NAPITEK.jpg 1000w\" sizes=\"(max-width: 300px) 100vw, 300px\" \/><\/div><p class=\"bde-woo-categories-list\">Dopolnila, Ko\u017ea, lasje in nohti, Naravna dopolnila<\/p>\n<h2 class=\"woocommerce-loop-product__title\">BEAUTYCARE kolagen Naticol\u00ae |Hialuronska kislina, MSM, Biotin, Cink, Vitamin C NAPITEK, 15 vre\u010dk<\/h2>\n\t<span class=\"price\"><span class=\"woocommerce-Price-amount amount\"><bdi>17,00&nbsp;<span class=\"woocommerce-Price-currencySymbol\">&euro;<\/span><\/bdi><\/span><\/span>\n<\/a><div class=\"bde-woo-product-footer\"><a href=\"\/en\/wp-json\/wp\/v2\/product\/1003?add-to-cart=117\" aria-describedby=\"woocommerce_loop_add_to_cart_link_describedby_117\" data-quantity=\"1\" class=\"button product_type_simple add_to_cart_button ajax_add_to_cart\" data-product_id=\"117\" data-product_sku=\"50900\" aria-label=\"Dodaj v ko\u0161arico: &ldquo;BEAUTYCARE kolagen Naticol\u00ae |Hialuronska kislina, MSM, Biotin, Cink, Vitamin C NAPITEK, 15 vre\u010dk&rdquo;\" rel=\"nofollow\" data-success_message=\"&ldquo;BEAUTYCARE kolagen Naticol\u00ae |Hialuronska kislina, MSM, Biotin, Cink, Vitamin C NAPITEK, 15 vre\u010dk&rdquo; has been added to your cart\" role=\"button\">Add to cart<\/a>\t<span id=\"woocommerce_loop_add_to_cart_link_describedby_117\" class=\"screen-reader-text\">\n\t\t\t<\/span>\n<\/div><\/li>\n<li class=\"product type-product post-1014 status-publish instock product_cat-dopolnila product_cat-prebava-in-zelodec product_cat-zeliscni-caj product_tag-33 product_tag-caji-life-enhancer product_tag-filter product_tag-pharmacopoeia-europaea has-post-thumbnail taxable shipping-taxable purchasable product-type-simple\" >\n\t<a href=\"https:\/\/www.herba-medica.si\/en\/product\/gastrocare-tea-for-the-stomach\/\" class=\"woocommerce-LoopProduct-link woocommerce-loop-product__link\"><div class=\"bde-woo-product-image\"><img decoding=\"async\" width=\"300\" height=\"300\" src=\"https:\/\/www.herba-medica.si\/wp-content\/uploads\/2024\/05\/GASTROCARE-\u2013-CAJ-300x300.jpg\" class=\"attachment-woocommerce_thumbnail size-woocommerce_thumbnail\" alt=\"GASTROCARE Zeli\u0161\u010dni \u010daj v \u0161katli z 25 \u010dajnimi vre\u010dkami za prebavo\" srcset=\"https:\/\/www.herba-medica.si\/wp-content\/uploads\/2024\/05\/GASTROCARE-\u2013-CAJ-300x300.jpg 300w, https:\/\/www.herba-medica.si\/wp-content\/uploads\/2024\/05\/GASTROCARE-\u2013-CAJ-150x150.jpg 150w, https:\/\/www.herba-medica.si\/wp-content\/uploads\/2024\/05\/GASTROCARE-\u2013-CAJ-768x768.jpg 768w, https:\/\/www.herba-medica.si\/wp-content\/uploads\/2024\/05\/GASTROCARE-\u2013-CAJ-12x12.jpg 12w, https:\/\/www.herba-medica.si\/wp-content\/uploads\/2024\/05\/GASTROCARE-\u2013-CAJ.jpg 1000w\" sizes=\"(max-width: 300px) 100vw, 300px\" \/><\/div><p class=\"bde-woo-categories-list\">Naravna dopolnila, Prebava in \u017eelodec, Zeli\u0161\u010dni \u010daj<\/p>\n<h2 class=\"woocommerce-loop-product__title\">GASTROCARE \u010caj | za \u017eelodec 25 vre\u010dk<\/h2>\n\t<span class=\"price\"><span class=\"woocommerce-Price-amount amount\"><bdi>4,50&nbsp;<span class=\"woocommerce-Price-currencySymbol\">&euro;<\/span><\/bdi><\/span><\/span>\n<\/a><div class=\"bde-woo-product-footer\"><a href=\"\/en\/wp-json\/wp\/v2\/product\/1003?add-to-cart=1014\" aria-describedby=\"woocommerce_loop_add_to_cart_link_describedby_1014\" data-quantity=\"1\" class=\"button product_type_simple add_to_cart_button ajax_add_to_cart\" data-product_id=\"1014\" data-product_sku=\"50773\" aria-label=\"Dodaj v ko\u0161arico: &ldquo;GASTROCARE \u010caj | za \u017eelodec 25 vre\u010dk&rdquo;\" rel=\"nofollow\" data-success_message=\"&ldquo;GASTROCARE \u010caj | za \u017eelodec 25 vre\u010dk&rdquo; has been added to your cart\" role=\"button\">Add to cart<\/a>\t<span id=\"woocommerce_loop_add_to_cart_link_describedby_1014\" class=\"screen-reader-text\">\n\t\t\t<\/span>\n<\/div><\/li>\n<li class=\"product type-product post-1022 status-publish instock product_cat-anti-age-in-antioksidanti product_cat-energija-in-fokus product_cat-dopolnila product_cat-zeliscni-caj product_tag-filter product_tag-hemp-medica has-post-thumbnail taxable shipping-taxable purchasable product-type-simple\" >\n\t<a href=\"https:\/\/www.herba-medica.si\/en\/product\/t-fit\/\" class=\"woocommerce-LoopProduct-link woocommerce-loop-product__link\"><div class=\"bde-woo-product-image\"><img decoding=\"async\" width=\"300\" height=\"300\" src=\"https:\/\/www.herba-medica.si\/wp-content\/uploads\/2024\/05\/Herba-Medica-T-FIT-1-300x300.jpg\" class=\"attachment-woocommerce_thumbnail size-woocommerce_thumbnail\" alt=\"Konopljin \u010daj s \u010drnim \u010dajem, 25 filter vre\u010dk od Herba Medica\" srcset=\"https:\/\/www.herba-medica.si\/wp-content\/uploads\/2024\/05\/Herba-Medica-T-FIT-1-300x300.jpg 300w, https:\/\/www.herba-medica.si\/wp-content\/uploads\/2024\/05\/Herba-Medica-T-FIT-1-150x150.jpg 150w, https:\/\/www.herba-medica.si\/wp-content\/uploads\/2024\/05\/Herba-Medica-T-FIT-1-768x768.jpg 768w, https:\/\/www.herba-medica.si\/wp-content\/uploads\/2024\/05\/Herba-Medica-T-FIT-1-12x12.jpg 12w, https:\/\/www.herba-medica.si\/wp-content\/uploads\/2024\/05\/Herba-Medica-T-FIT-1.jpg 1000w\" sizes=\"(max-width: 300px) 100vw, 300px\" \/><\/div><p class=\"bde-woo-categories-list\">Anti-age in antioksidanti, Energija in fokus, Naravna dopolnila, Zeli\u0161\u010dni \u010daj<\/p>\n<h2 class=\"woocommerce-loop-product__title\">HEMP MEDICA T FIT | Konoplja, \u010drni \u010daj in bergamotka 25 vre\u010dk<\/h2>\n\t<span class=\"price\"><span class=\"woocommerce-Price-amount amount\"><bdi>4,90&nbsp;<span class=\"woocommerce-Price-currencySymbol\">&euro;<\/span><\/bdi><\/span><\/span>\n<\/a><div class=\"bde-woo-product-footer\"><a href=\"\/en\/wp-json\/wp\/v2\/product\/1003?add-to-cart=1022\" aria-describedby=\"woocommerce_loop_add_to_cart_link_describedby_1022\" data-quantity=\"1\" class=\"button product_type_simple add_to_cart_button ajax_add_to_cart\" data-product_id=\"1022\" data-product_sku=\"50659\" aria-label=\"Dodaj v ko\u0161arico: &ldquo;HEMP MEDICA T FIT | Konoplja, \u010drni \u010daj in bergamotka 25 vre\u010dk&rdquo;\" rel=\"nofollow\" data-success_message=\"&ldquo;HEMP MEDICA T FIT | Konoplja, \u010drni \u010daj in bergamotka 25 vre\u010dk&rdquo; has been added to your cart\" role=\"button\">Add to cart<\/a>\t<span id=\"woocommerce_loop_add_to_cart_link_describedby_1022\" class=\"screen-reader-text\">\n\t\t\t<\/span>\n<\/div><\/li>\n<\/ul>\n<\/div>\r\n<\/div>\n<\/div><\/div><div class=\"bde-div-336-245-336-1 bde-div bde-div-336-245\">\n  \n  \n\t\n\n\n\n<div class=\"bde-div-336-305-336-1 bde-div bde-div-336-305\">\n  \n  \n\t\n\n\n\n<h3 class=\"bde-heading-336-306-336-1 bde-heading bde-heading-336-306\">\nNa\u0161i izdelki so na voljo tudi v lekarnah, trgovinah in drogerijah.\n<\/h3><div class=\"bde-grid-336-307-336-1 bde-grid bde-grid-336-307\">\n  \n  \n\t\n\n\n\n<div class=\"bde-image-336-308-336-1 bde-image bde-image-336-308\">\n<figure class=\"breakdance-image breakdance-image--4187\">\n\t<div class=\"breakdance-image-container\">\n\t\t<div class=\"breakdance-image-clip\"><img loading=\"lazy\" decoding=\"async\" class=\"breakdance-image-object\" src=\"https:\/\/www.herba-medica.si\/wp-content\/uploads\/2024\/05\/herba-medica-lekarna-ljubljana-logo.png\" width=\"421\" height=\"163\" srcset=\"https:\/\/www.herba-medica.si\/wp-content\/uploads\/2024\/05\/herba-medica-lekarna-ljubljana-logo.png 421w, https:\/\/www.herba-medica.si\/wp-content\/uploads\/2024\/05\/herba-medica-lekarna-ljubljana-logo-300x116.png 300w, https:\/\/www.herba-medica.si\/wp-content\/uploads\/2024\/05\/herba-medica-lekarna-ljubljana-logo-18x7.png 18w\" sizes=\"(max-width: 421px) 100vw, 421px\"><\/div>\n\t<\/div><\/figure>\n\n<\/div><div class=\"bde-image-336-309-336-1 bde-image bde-image-336-309\">\n<figure class=\"breakdance-image breakdance-image--4186\">\n\t<div class=\"breakdance-image-container\">\n\t\t<div class=\"breakdance-image-clip\"><img loading=\"lazy\" decoding=\"async\" class=\"breakdance-image-object\" src=\"https:\/\/www.herba-medica.si\/wp-content\/uploads\/2024\/05\/herba-medica-lekarna-velenje-logo.png\" width=\"421\" height=\"163\" srcset=\"https:\/\/www.herba-medica.si\/wp-content\/uploads\/2024\/05\/herba-medica-lekarna-velenje-logo.png 421w, https:\/\/www.herba-medica.si\/wp-content\/uploads\/2024\/05\/herba-medica-lekarna-velenje-logo-300x116.png 300w, https:\/\/www.herba-medica.si\/wp-content\/uploads\/2024\/05\/herba-medica-lekarna-velenje-logo-18x7.png 18w\" sizes=\"(max-width: 421px) 100vw, 421px\"><\/div>\n\t<\/div><\/figure>\n\n<\/div><div class=\"bde-image-336-310-336-1 bde-image bde-image-336-310\">\n<figure class=\"breakdance-image breakdance-image--4185\">\n\t<div class=\"breakdance-image-container\">\n\t\t<div class=\"breakdance-image-clip\"><img loading=\"lazy\" decoding=\"async\" class=\"breakdance-image-object\" src=\"https:\/\/www.herba-medica.si\/wp-content\/uploads\/2024\/05\/herba-medica-dolenjske-lekarne-logo.png\" width=\"421\" height=\"163\" srcset=\"https:\/\/www.herba-medica.si\/wp-content\/uploads\/2024\/05\/herba-medica-dolenjske-lekarne-logo.png 421w, https:\/\/www.herba-medica.si\/wp-content\/uploads\/2024\/05\/herba-medica-dolenjske-lekarne-logo-300x116.png 300w, https:\/\/www.herba-medica.si\/wp-content\/uploads\/2024\/05\/herba-medica-dolenjske-lekarne-logo-18x7.png 18w\" sizes=\"(max-width: 421px) 100vw, 421px\"><\/div>\n\t<\/div><\/figure>\n\n<\/div><div class=\"bde-image-336-311-336-1 bde-image bde-image-336-311\">\n<figure class=\"breakdance-image breakdance-image--4182\">\n\t<div class=\"breakdance-image-container\">\n\t\t<div class=\"breakdance-image-clip\"><img loading=\"lazy\" decoding=\"async\" class=\"breakdance-image-object\" src=\"https:\/\/www.herba-medica.si\/wp-content\/uploads\/2024\/05\/herba-medica-celjske-lekarne-logo.png\" width=\"421\" height=\"163\" srcset=\"https:\/\/www.herba-medica.si\/wp-content\/uploads\/2024\/05\/herba-medica-celjske-lekarne-logo.png 421w, https:\/\/www.herba-medica.si\/wp-content\/uploads\/2024\/05\/herba-medica-celjske-lekarne-logo-300x116.png 300w, https:\/\/www.herba-medica.si\/wp-content\/uploads\/2024\/05\/herba-medica-celjske-lekarne-logo-18x7.png 18w\" sizes=\"(max-width: 421px) 100vw, 421px\"><\/div>\n\t<\/div><\/figure>\n\n<\/div><div class=\"bde-image-336-312-336-1 bde-image bde-image-336-312\">\n<figure class=\"breakdance-image breakdance-image--4183\">\n\t<div class=\"breakdance-image-container\">\n\t\t<div class=\"breakdance-image-clip\"><img loading=\"lazy\" decoding=\"async\" class=\"breakdance-image-object\" src=\"https:\/\/www.herba-medica.si\/wp-content\/uploads\/2024\/05\/herba-medica-koroska-lekarna-logo.png\" width=\"421\" height=\"163\" srcset=\"https:\/\/www.herba-medica.si\/wp-content\/uploads\/2024\/05\/herba-medica-koroska-lekarna-logo.png 421w, https:\/\/www.herba-medica.si\/wp-content\/uploads\/2024\/05\/herba-medica-koroska-lekarna-logo-300x116.png 300w, https:\/\/www.herba-medica.si\/wp-content\/uploads\/2024\/05\/herba-medica-koroska-lekarna-logo-18x7.png 18w\" sizes=\"(max-width: 421px) 100vw, 421px\"><\/div>\n\t<\/div><\/figure>\n\n<\/div><div class=\"bde-image-336-313-336-1 bde-image bde-image-336-313\">\n<figure class=\"breakdance-image breakdance-image--4184\">\n\t<div class=\"breakdance-image-container\">\n\t\t<div class=\"breakdance-image-clip\"><img loading=\"lazy\" decoding=\"async\" class=\"breakdance-image-object\" src=\"https:\/\/www.herba-medica.si\/wp-content\/uploads\/2024\/05\/herba-medica-mestne-lekarne-logo.png\" width=\"421\" height=\"163\" srcset=\"https:\/\/www.herba-medica.si\/wp-content\/uploads\/2024\/05\/herba-medica-mestne-lekarne-logo.png 421w, https:\/\/www.herba-medica.si\/wp-content\/uploads\/2024\/05\/herba-medica-mestne-lekarne-logo-300x116.png 300w, https:\/\/www.herba-medica.si\/wp-content\/uploads\/2024\/05\/herba-medica-mestne-lekarne-logo-18x7.png 18w\" sizes=\"(max-width: 421px) 100vw, 421px\"><\/div>\n\t<\/div><\/figure>\n\n<\/div>\n<\/div>\n<\/div>\n<\/div>\n<\/div><\/p>\n","protected":false},"excerpt":{"rendered":"<p>Prehransko dopolnilo s kombinacijo sestavin:<\/p>\n<ul>\n<li><strong>Immunell\u2122:<\/strong> 4 nukleotidi, gradniki imunskih celic, protiteles in signalnih molekul<\/li>\n<\/ul>\n<ul>\n<li><strong>Cink:<\/strong> ima vlogo pri delovanju imunskega sistema in pri delitvi celic<\/li>\n<\/ul>\n<ul>\n<li><strong>Vitamin C:<\/strong> antioksidant, ki ima vlogo pri delo delovanju imunskega sistema<\/li>\n<\/ul>\n<p>za podporo imunskemu sistemu.<\/p>\n","protected":false},"featured_media":2153,"comment_status":"open","ping_status":"closed","template":"","meta":{"_acf_changed":false},"product_brand":[],"product_cat":[96,71,31,25],"product_tag":[34,41,46,19],"class_list":{"0":"post-1003","1":"product","2":"type-product","3":"status-publish","4":"has-post-thumbnail","6":"product_cat-dopolnila-2","7":"product_cat-dopolnila","8":"product_cat-imunski-sistem-in-odpornost","9":"product_cat-prebava-in-zelodec","10":"product_tag-34","11":"product_tag-dopolnila-life-enhancer","12":"product_tag-kapsule","13":"product_tag-life-enhancer","15":"first","16":"instock","17":"taxable","18":"shipping-taxable","19":"purchasable","20":"product-type-simple"},"acf":[],"yoast_head":"<!-- This site is optimized with the Yoast SEO Premium plugin v26.6 (Yoast SEO v26.7) - https:\/\/yoast.com\/wordpress\/plugins\/seo\/ -->\n<title>Herba<\/title>\n<meta name=\"robots\" content=\"index, follow, max-snippet:-1, max-image-preview:large, max-video-preview:-1\" \/>\n<link rel=\"canonical\" href=\"https:\/\/www.herba-medica.si\/en\/wp-json\/wp\/v2\/product\/1003\" \/>\n<meta property=\"og:locale\" content=\"en_US\" \/>\n<meta property=\"og:type\" content=\"article\" \/>\n<meta property=\"og:url\" content=\"https:\/\/www.herba-medica.si\/en\/wp-json\/wp\/v2\/product\/1003\" \/>\n<meta property=\"og:site_name\" content=\"Herba\" \/>\n<meta name=\"twitter:card\" content=\"summary_large_image\" \/>\n<script type=\"application\/ld+json\" class=\"yoast-schema-graph\">{\"@context\":\"https:\/\/schema.org\",\"@graph\":[{\"@type\":\"CollectionPage\",\"@id\":null,\"url\":\"\",\"name\":\"\",\"isPartOf\":{\"@id\":\"https:\/\/www.herba-medica.si\/#website\"},\"inLanguage\":\"en-US\"},{\"@type\":\"WebSite\",\"@id\":\"https:\/\/www.herba-medica.si\/#website\",\"url\":\"https:\/\/www.herba-medica.si\/\",\"name\":\"Herba\",\"description\":\"Medica\",\"potentialAction\":[{\"@type\":\"SearchAction\",\"target\":{\"@type\":\"EntryPoint\",\"urlTemplate\":\"https:\/\/www.herba-medica.si\/?s={search_term_string}\"},\"query-input\":{\"@type\":\"PropertyValueSpecification\",\"valueRequired\":true,\"valueName\":\"search_term_string\"}}],\"inLanguage\":\"en-US\"}]}<\/script>\n<!-- \/ Yoast SEO Premium plugin. -->","yoast_head_json":{"title":"Herba","robots":{"index":"index","follow":"follow","max-snippet":"max-snippet:-1","max-image-preview":"max-image-preview:large","max-video-preview":"max-video-preview:-1"},"canonical":"https:\/\/www.herba-medica.si\/en\/wp-json\/wp\/v2\/product\/1003","og_locale":"en_US","og_type":"article","og_url":"https:\/\/www.herba-medica.si\/en\/wp-json\/wp\/v2\/product\/1003","og_site_name":"Herba","twitter_card":"summary_large_image","schema":{"@context":"https:\/\/schema.org","@graph":[{"@type":"CollectionPage","@id":null,"url":"","name":"","isPartOf":{"@id":"https:\/\/www.herba-medica.si\/#website"},"inLanguage":"en-US"},{"@type":"WebSite","@id":"https:\/\/www.herba-medica.si\/#website","url":"https:\/\/www.herba-medica.si\/","name":"Coat of arms","description":"Medica","potentialAction":[{"@type":"SearchAction","target":{"@type":"EntryPoint","urlTemplate":"https:\/\/www.herba-medica.si\/?s={search_term_string}"},"query-input":{"@type":"PropertyValueSpecification","valueRequired":true,"valueName":"search_term_string"}}],"inLanguage":"en-US"}]}},"_links":{"self":[{"href":"https:\/\/www.herba-medica.si\/en\/wp-json\/wp\/v2\/product\/1003"}],"collection":[{"href":"https:\/\/www.herba-medica.si\/en\/wp-json\/wp\/v2\/product"}],"about":[{"href":"https:\/\/www.herba-medica.si\/en\/wp-json\/wp\/v2\/types\/product"}],"replies":[{"embeddable":true,"href":"https:\/\/www.herba-medica.si\/en\/wp-json\/wp\/v2\/comments?post=1003"}],"wp:featuredmedia":[{"embeddable":true,"href":"https:\/\/www.herba-medica.si\/en\/wp-json\/wp\/v2\/media\/2153"}],"wp:attachment":[{"href":"https:\/\/www.herba-medica.si\/en\/wp-json\/wp\/v2\/media?parent=1003"}],"wp:term":[{"taxonomy":"product_brand","embeddable":true,"href":"https:\/\/www.herba-medica.si\/en\/wp-json\/wp\/v2\/product_brand?post=1003"},{"taxonomy":"product_cat","embeddable":true,"href":"https:\/\/www.herba-medica.si\/en\/wp-json\/wp\/v2\/product_cat?post=1003"},{"taxonomy":"product_tag","embeddable":true,"href":"https:\/\/www.herba-medica.si\/en\/wp-json\/wp\/v2\/product_tag?post=1003"}],"curies":[{"name":"wp","href":"https:\/\/api.w.org\/{rel}","templated":true}]}}