{"id":1046,"date":"2024-05-26T22:11:13","date_gmt":"2024-05-26T16:05:37","guid":{"rendered":"https:\/\/herba.medica.4futureagency.com\/izdelek\/caj-za-dva\/"},"modified":"2026-03-10T11:54:18","modified_gmt":"2026-03-10T10:54:18","slug":"tea-for-two","status":"publish","type":"product","link":"https:\/\/www.herba-medica.si\/en\/product\/tea-for-two\/","title":{"rendered":"\u010caj za dva | 25 vre\u010dk"},"content":{"rendered":"<p>Aroma in okus, ki pri\u010darata romanti\u010dno vzdu\u0161je.<\/p>\n<p>Ne\u017een, zapeljiv, sladkoben kot vanilija, ujet v odtenke rde\u010dih jabolk.<\/p>\n<p>\u010caj za dva je pre\u017eet z vonjem po\u00a0<strong>jagodah<\/strong>\u00a0in\u00a0<strong>vaniliji<\/strong>, ko\u0161\u010dki\u00a0<strong>jabolka<\/strong> v njem pa simbolizirajo sku\u0161njavo.<\/p>\n<p><strong>Poskrbite, da bo valentinovo vsak dan v letu. Presenetite svojo ljubljeno osebo s prav posebnim \u010dajem, \u010digar vonju in aromi se nih\u010de ne more upreti. Vsak dan ji \u017ee za zajtrk podarite \u010disto ljubezen, zve\u010der pa razvajajte v toplini doma.<\/strong><!-- NE SPREMINJAJ PO TEJ TO\u010cKI NAPREJ --><br \/>\n<div class=\"bde-div-336-277-336-1 bde-div bde-div-336-277\">\n  \n  \n\t\n\n\n\n<div class=\"bde-globalblock-336-304-336-1 bde-globalblock bde-globalblock-336-304\"><div class=\"bde-div-4157-100-336-1-4157-1 bde-div bde-div-4157-100\">\n  \n  \n\t\n\n\n\n<h3 class=\"bde-heading-4157-101-336-1-4157-1 bde-heading bde-heading-4157-101\">\nPovezani izdelki\n<\/h3><div class=\"bde-code-block-4157-102-336-1-4157-1 bde-code-block bde-code-block-4157-102\">\n\n\n\n<\/div><div class=\"bde-wooproductslist-4157-103-336-1-4157-1 bde-wooproductslist bde-wooproductslist-4157-103 breakdance-woocommerce\"><div class=\"woocommerce\"><ul class=\"products\">\n<li class=\"product type-product post-1056 status-publish first instock product_cat-caji-large product_cat-sadno-zeliscni-caj product_tag-rinfuza-caj has-post-thumbnail taxable shipping-taxable purchasable product-type-simple\" >\n\t<a href=\"https:\/\/www.herba-medica.si\/en\/product\/mountain-herbal-tea-rinfuza\/\" class=\"woocommerce-LoopProduct-link woocommerce-loop-product__link\"><div class=\"bde-woo-product-image\"><img fetchpriority=\"high\" decoding=\"async\" width=\"300\" height=\"300\" src=\"https:\/\/www.herba-medica.si\/wp-content\/uploads\/2024\/05\/RINFUZA-CAJ-Planinski-01-300x300.png\" class=\"attachment-woocommerce_thumbnail size-woocommerce_thumbnail\" alt=\"Herba Medica gorski zeli\u0161\u010dni \u010daj v papirnati embala\u017ei\" srcset=\"https:\/\/www.herba-medica.si\/wp-content\/uploads\/2024\/05\/RINFUZA-CAJ-Planinski-01-300x300.png 300w, https:\/\/www.herba-medica.si\/wp-content\/uploads\/2024\/05\/RINFUZA-CAJ-Planinski-01-1024x1024.png 1024w, https:\/\/www.herba-medica.si\/wp-content\/uploads\/2024\/05\/RINFUZA-CAJ-Planinski-01-150x150.png 150w, https:\/\/www.herba-medica.si\/wp-content\/uploads\/2024\/05\/RINFUZA-CAJ-Planinski-01-768x768.png 768w, https:\/\/www.herba-medica.si\/wp-content\/uploads\/2024\/05\/RINFUZA-CAJ-Planinski-01-1536x1536.png 1536w, https:\/\/www.herba-medica.si\/wp-content\/uploads\/2024\/05\/RINFUZA-CAJ-Planinski-01-2048x2048.png 2048w\" sizes=\"(max-width: 300px) 100vw, 300px\" \/><\/div><p class=\"bde-woo-categories-list\">caji large, Sadno-zeli\u0161\u010dni \u010daj<\/p>\n<h2 class=\"woocommerce-loop-product__title\">Planinski \u010daj | (rinfuza \u010daj), 1 kg<\/h2>\n\t<span class=\"price\"><span class=\"woocommerce-Price-amount amount\"><bdi>8,90&nbsp;<span class=\"woocommerce-Price-currencySymbol\">&euro;<\/span><\/bdi><\/span><\/span>\n<\/a><div class=\"bde-woo-product-footer\"><a href=\"\/en\/wp-json\/wp\/v2\/product\/1046?add-to-cart=1056\" aria-describedby=\"woocommerce_loop_add_to_cart_link_describedby_1056\" data-quantity=\"1\" class=\"button product_type_simple add_to_cart_button ajax_add_to_cart\" data-product_id=\"1056\" data-product_sku=\"50065\" aria-label=\"Dodaj v ko\u0161arico: &ldquo;Planinski \u010daj | (rinfuza \u010daj), 1 kg&rdquo;\" rel=\"nofollow\" data-success_message=\"&ldquo;Planinski \u010daj | (rinfuza \u010daj), 1 kg&rdquo; has been added to your cart\" role=\"button\">Add to cart<\/a>\t<span id=\"woocommerce_loop_add_to_cart_link_describedby_1056\" class=\"screen-reader-text\">\n\t\t\t<\/span>\n<\/div><\/li>\n<li class=\"product type-product post-1064 status-publish instock product_cat-caji-large product_cat-gastro-horeca product_cat-sadno-zeliscni-caj product_tag-filter product_tag-gastro-konvencionalni-caji has-post-thumbnail taxable shipping-taxable purchasable product-type-simple\" >\n\t<a href=\"https:\/\/www.herba-medica.si\/en\/product\/caj-gastro-bozicni\/\" class=\"woocommerce-LoopProduct-link woocommerce-loop-product__link\"><div class=\"bde-woo-product-image\"><img decoding=\"async\" width=\"300\" height=\"300\" src=\"https:\/\/www.herba-medica.si\/wp-content\/uploads\/2024\/05\/Bozicni-caj-GASTRO_40-300x300.jpg\" class=\"attachment-woocommerce_thumbnail size-woocommerce_thumbnail\" alt=\"Herba Medica Bo\u017ei\u010dna \u0161katla \u010daja s prazni\u010dnimi jelen\u010dki in sne\u017einkami\" srcset=\"https:\/\/www.herba-medica.si\/wp-content\/uploads\/2024\/05\/Bozicni-caj-GASTRO_40-300x300.jpg 300w, https:\/\/www.herba-medica.si\/wp-content\/uploads\/2024\/05\/Bozicni-caj-GASTRO_40-150x150.jpg 150w, https:\/\/www.herba-medica.si\/wp-content\/uploads\/2024\/05\/Bozicni-caj-GASTRO_40-768x768.jpg 768w, https:\/\/www.herba-medica.si\/wp-content\/uploads\/2024\/05\/Bozicni-caj-GASTRO_40-12x12.jpg 12w, https:\/\/www.herba-medica.si\/wp-content\/uploads\/2024\/05\/Bozicni-caj-GASTRO_40.jpg 1000w\" sizes=\"(max-width: 300px) 100vw, 300px\" \/><\/div><p class=\"bde-woo-categories-list\">caji large, Gastro\/Horeca, Sadno-zeli\u0161\u010dni \u010daj<\/p>\n<h2 class=\"woocommerce-loop-product__title\">GASTRO \u010cAJ | Bo\u017ei\u010dni \u010daj 40 vre\u010dk<\/h2>\n\t<span class=\"price\"><span class=\"woocommerce-Price-amount amount\"><bdi>10,20&nbsp;<span class=\"woocommerce-Price-currencySymbol\">&euro;<\/span><\/bdi><\/span><\/span>\n<\/a><div class=\"bde-woo-product-footer\"><a href=\"\/en\/wp-json\/wp\/v2\/product\/1046?add-to-cart=1064\" aria-describedby=\"woocommerce_loop_add_to_cart_link_describedby_1064\" data-quantity=\"1\" class=\"button product_type_simple add_to_cart_button ajax_add_to_cart\" data-product_id=\"1064\" data-product_sku=\"50198\" aria-label=\"Dodaj v ko\u0161arico: &ldquo;GASTRO \u010cAJ | Bo\u017ei\u010dni \u010daj 40 vre\u010dk&rdquo;\" rel=\"nofollow\" data-success_message=\"&ldquo;GASTRO \u010cAJ | Bo\u017ei\u010dni \u010daj 40 vre\u010dk&rdquo; has been added to your cart\" role=\"button\">Add to cart<\/a>\t<span id=\"woocommerce_loop_add_to_cart_link_describedby_1064\" class=\"screen-reader-text\">\n\t\t\t<\/span>\n<\/div><\/li>\n<li class=\"product type-product post-1049 status-publish instock product_cat-dopolnila product_cat-otroski product_cat-pomiritev product_cat-sadno-zeliscni-caj product_tag-cajcek-tolovajcek product_tag-filter has-post-thumbnail taxable shipping-taxable purchasable product-type-simple\" >\n\t<a href=\"https:\/\/www.herba-medica.si\/en\/product\/little-thief-little-dragon\/\" class=\"woocommerce-LoopProduct-link woocommerce-loop-product__link\"><div class=\"bde-woo-product-image\"><img decoding=\"async\" width=\"300\" height=\"300\" src=\"https:\/\/www.herba-medica.si\/wp-content\/uploads\/2024\/05\/Herba-Medica-cajcek-tolovajcek-25-300x300.jpg\" class=\"attachment-woocommerce_thumbnail size-woocommerce_thumbnail\" alt=\"Zeli\u0161\u010dni \u010daj za otroke z likom zmaja in igrivim dizajnom.\" srcset=\"https:\/\/www.herba-medica.si\/wp-content\/uploads\/2024\/05\/Herba-Medica-cajcek-tolovajcek-25-300x300.jpg 300w, https:\/\/www.herba-medica.si\/wp-content\/uploads\/2024\/05\/Herba-Medica-cajcek-tolovajcek-25-150x150.jpg 150w, https:\/\/www.herba-medica.si\/wp-content\/uploads\/2024\/05\/Herba-Medica-cajcek-tolovajcek-25-768x768.jpg 768w, https:\/\/www.herba-medica.si\/wp-content\/uploads\/2024\/05\/Herba-Medica-cajcek-tolovajcek-25-12x12.jpg 12w, https:\/\/www.herba-medica.si\/wp-content\/uploads\/2024\/05\/Herba-Medica-cajcek-tolovajcek-25.jpg 1000w\" sizes=\"(max-width: 300px) 100vw, 300px\" \/><\/div><p class=\"bde-woo-categories-list\">Naravna dopolnila, Otro\u0161ki, Pomiritev, Sadno-zeli\u0161\u010dni \u010daj<\/p>\n<h2 class=\"woocommerce-loop-product__title\">\u010caj\u010dek tolovaj\u010dek | Zmaj\u010dek 25 vre\u010dk<\/h2>\n\t<span class=\"price\"><span class=\"woocommerce-Price-amount amount\"><bdi>2,65&nbsp;<span class=\"woocommerce-Price-currencySymbol\">&euro;<\/span><\/bdi><\/span><\/span>\n<\/a><div class=\"bde-woo-product-footer\"><a href=\"\/en\/wp-json\/wp\/v2\/product\/1046?add-to-cart=1049\" aria-describedby=\"woocommerce_loop_add_to_cart_link_describedby_1049\" data-quantity=\"1\" class=\"button product_type_simple add_to_cart_button ajax_add_to_cart\" data-product_id=\"1049\" data-product_sku=\"50197\" aria-label=\"Dodaj v ko\u0161arico: &ldquo;\u010caj\u010dek tolovaj\u010dek | Zmaj\u010dek 25 vre\u010dk&rdquo;\" rel=\"nofollow\" data-success_message=\"&ldquo;\u010caj\u010dek tolovaj\u010dek | Zmaj\u010dek 25 vre\u010dk&rdquo; has been added to your cart\" role=\"button\">Add to cart<\/a>\t<span id=\"woocommerce_loop_add_to_cart_link_describedby_1049\" class=\"screen-reader-text\">\n\t\t\t<\/span>\n<\/div><\/li>\n<\/ul>\n<\/div>\r\n<\/div>\n<\/div><\/div><div class=\"bde-div-336-245-336-1 bde-div bde-div-336-245\">\n  \n  \n\t\n\n\n\n<div class=\"bde-div-336-305-336-1 bde-div bde-div-336-305\">\n  \n  \n\t\n\n\n\n<h3 class=\"bde-heading-336-306-336-1 bde-heading bde-heading-336-306\">\nNa\u0161i izdelki so na voljo tudi v lekarnah, trgovinah in drogerijah.\n<\/h3><div class=\"bde-grid-336-307-336-1 bde-grid bde-grid-336-307\">\n  \n  \n\t\n\n\n\n<div class=\"bde-image-336-308-336-1 bde-image bde-image-336-308\">\n<figure class=\"breakdance-image breakdance-image--4187\">\n\t<div class=\"breakdance-image-container\">\n\t\t<div class=\"breakdance-image-clip\"><img loading=\"lazy\" decoding=\"async\" class=\"breakdance-image-object\" src=\"https:\/\/www.herba-medica.si\/wp-content\/uploads\/2024\/05\/herba-medica-lekarna-ljubljana-logo.png\" width=\"421\" height=\"163\" srcset=\"https:\/\/www.herba-medica.si\/wp-content\/uploads\/2024\/05\/herba-medica-lekarna-ljubljana-logo.png 421w, https:\/\/www.herba-medica.si\/wp-content\/uploads\/2024\/05\/herba-medica-lekarna-ljubljana-logo-300x116.png 300w, https:\/\/www.herba-medica.si\/wp-content\/uploads\/2024\/05\/herba-medica-lekarna-ljubljana-logo-18x7.png 18w\" sizes=\"(max-width: 421px) 100vw, 421px\"><\/div>\n\t<\/div><\/figure>\n\n<\/div><div class=\"bde-image-336-309-336-1 bde-image bde-image-336-309\">\n<figure class=\"breakdance-image breakdance-image--4186\">\n\t<div class=\"breakdance-image-container\">\n\t\t<div class=\"breakdance-image-clip\"><img loading=\"lazy\" decoding=\"async\" class=\"breakdance-image-object\" src=\"https:\/\/www.herba-medica.si\/wp-content\/uploads\/2024\/05\/herba-medica-lekarna-velenje-logo.png\" width=\"421\" height=\"163\" srcset=\"https:\/\/www.herba-medica.si\/wp-content\/uploads\/2024\/05\/herba-medica-lekarna-velenje-logo.png 421w, https:\/\/www.herba-medica.si\/wp-content\/uploads\/2024\/05\/herba-medica-lekarna-velenje-logo-300x116.png 300w, https:\/\/www.herba-medica.si\/wp-content\/uploads\/2024\/05\/herba-medica-lekarna-velenje-logo-18x7.png 18w\" sizes=\"(max-width: 421px) 100vw, 421px\"><\/div>\n\t<\/div><\/figure>\n\n<\/div><div class=\"bde-image-336-310-336-1 bde-image bde-image-336-310\">\n<figure class=\"breakdance-image breakdance-image--4185\">\n\t<div class=\"breakdance-image-container\">\n\t\t<div class=\"breakdance-image-clip\"><img loading=\"lazy\" decoding=\"async\" class=\"breakdance-image-object\" src=\"https:\/\/www.herba-medica.si\/wp-content\/uploads\/2024\/05\/herba-medica-dolenjske-lekarne-logo.png\" width=\"421\" height=\"163\" srcset=\"https:\/\/www.herba-medica.si\/wp-content\/uploads\/2024\/05\/herba-medica-dolenjske-lekarne-logo.png 421w, https:\/\/www.herba-medica.si\/wp-content\/uploads\/2024\/05\/herba-medica-dolenjske-lekarne-logo-300x116.png 300w, https:\/\/www.herba-medica.si\/wp-content\/uploads\/2024\/05\/herba-medica-dolenjske-lekarne-logo-18x7.png 18w\" sizes=\"(max-width: 421px) 100vw, 421px\"><\/div>\n\t<\/div><\/figure>\n\n<\/div><div class=\"bde-image-336-311-336-1 bde-image bde-image-336-311\">\n<figure class=\"breakdance-image breakdance-image--4182\">\n\t<div class=\"breakdance-image-container\">\n\t\t<div class=\"breakdance-image-clip\"><img loading=\"lazy\" decoding=\"async\" class=\"breakdance-image-object\" src=\"https:\/\/www.herba-medica.si\/wp-content\/uploads\/2024\/05\/herba-medica-celjske-lekarne-logo.png\" width=\"421\" height=\"163\" srcset=\"https:\/\/www.herba-medica.si\/wp-content\/uploads\/2024\/05\/herba-medica-celjske-lekarne-logo.png 421w, https:\/\/www.herba-medica.si\/wp-content\/uploads\/2024\/05\/herba-medica-celjske-lekarne-logo-300x116.png 300w, https:\/\/www.herba-medica.si\/wp-content\/uploads\/2024\/05\/herba-medica-celjske-lekarne-logo-18x7.png 18w\" sizes=\"(max-width: 421px) 100vw, 421px\"><\/div>\n\t<\/div><\/figure>\n\n<\/div><div class=\"bde-image-336-312-336-1 bde-image bde-image-336-312\">\n<figure class=\"breakdance-image breakdance-image--4183\">\n\t<div class=\"breakdance-image-container\">\n\t\t<div class=\"breakdance-image-clip\"><img loading=\"lazy\" decoding=\"async\" class=\"breakdance-image-object\" src=\"https:\/\/www.herba-medica.si\/wp-content\/uploads\/2024\/05\/herba-medica-koroska-lekarna-logo.png\" width=\"421\" height=\"163\" srcset=\"https:\/\/www.herba-medica.si\/wp-content\/uploads\/2024\/05\/herba-medica-koroska-lekarna-logo.png 421w, https:\/\/www.herba-medica.si\/wp-content\/uploads\/2024\/05\/herba-medica-koroska-lekarna-logo-300x116.png 300w, https:\/\/www.herba-medica.si\/wp-content\/uploads\/2024\/05\/herba-medica-koroska-lekarna-logo-18x7.png 18w\" sizes=\"(max-width: 421px) 100vw, 421px\"><\/div>\n\t<\/div><\/figure>\n\n<\/div><div class=\"bde-image-336-313-336-1 bde-image bde-image-336-313\">\n<figure class=\"breakdance-image breakdance-image--4184\">\n\t<div class=\"breakdance-image-container\">\n\t\t<div class=\"breakdance-image-clip\"><img loading=\"lazy\" decoding=\"async\" class=\"breakdance-image-object\" src=\"https:\/\/www.herba-medica.si\/wp-content\/uploads\/2024\/05\/herba-medica-mestne-lekarne-logo.png\" width=\"421\" height=\"163\" srcset=\"https:\/\/www.herba-medica.si\/wp-content\/uploads\/2024\/05\/herba-medica-mestne-lekarne-logo.png 421w, https:\/\/www.herba-medica.si\/wp-content\/uploads\/2024\/05\/herba-medica-mestne-lekarne-logo-300x116.png 300w, https:\/\/www.herba-medica.si\/wp-content\/uploads\/2024\/05\/herba-medica-mestne-lekarne-logo-18x7.png 18w\" sizes=\"(max-width: 421px) 100vw, 421px\"><\/div>\n\t<\/div><\/figure>\n\n<\/div>\n<\/div>\n<\/div>\n<\/div>\n<\/div><\/p>\n","protected":false},"excerpt":{"rendered":"<div class=\"woocommerce-product-details__short-description\">\n<p>Aroma in okus \u010dajne me\u0161anice pri\u010darata romanti\u010dno vzdu\u0161je.<\/p>\n<\/div>\n<form class=\"cart\" action=\"https:\/\/www.herba-medica.si\/product\/caj-za-dva\/\" enctype=\"multipart\/form-data\" method=\"post\">\n<div class=\"ct-cart-actions\">\n<div class=\"quantity\" data-type=\"type-2\"><\/div>\n<\/div>\n<\/form>\n","protected":false},"featured_media":2460,"comment_status":"open","ping_status":"closed","template":"","meta":{"_acf_changed":false},"product_brand":[],"product_cat":[59],"product_tag":[50,63],"class_list":{"0":"post-1046","1":"product","2":"type-product","3":"status-publish","4":"has-post-thumbnail","6":"product_cat-sadno-zeliscni-caj","7":"product_tag-filter","8":"product_tag-posebne-edicije","10":"first","11":"instock","12":"taxable","13":"shipping-taxable","14":"purchasable","15":"product-type-simple"},"acf":[],"yoast_head":"<!-- This site is optimized with the Yoast SEO Premium plugin v26.6 (Yoast SEO v26.7) - https:\/\/yoast.com\/wordpress\/plugins\/seo\/ -->\n<title>Herba<\/title>\n<meta name=\"robots\" content=\"index, follow, max-snippet:-1, max-image-preview:large, max-video-preview:-1\" \/>\n<link rel=\"canonical\" href=\"https:\/\/www.herba-medica.si\/en\/wp-json\/wp\/v2\/product\/1046\" \/>\n<meta property=\"og:locale\" content=\"en_US\" \/>\n<meta property=\"og:type\" content=\"article\" \/>\n<meta property=\"og:url\" content=\"https:\/\/www.herba-medica.si\/en\/wp-json\/wp\/v2\/product\/1046\" \/>\n<meta property=\"og:site_name\" content=\"Herba\" \/>\n<meta name=\"twitter:card\" content=\"summary_large_image\" \/>\n<script type=\"application\/ld+json\" class=\"yoast-schema-graph\">{\"@context\":\"https:\/\/schema.org\",\"@graph\":[{\"@type\":\"CollectionPage\",\"@id\":null,\"url\":\"\",\"name\":\"\",\"isPartOf\":{\"@id\":\"https:\/\/www.herba-medica.si\/#website\"},\"inLanguage\":\"en-US\"},{\"@type\":\"WebSite\",\"@id\":\"https:\/\/www.herba-medica.si\/#website\",\"url\":\"https:\/\/www.herba-medica.si\/\",\"name\":\"Herba\",\"description\":\"Medica\",\"potentialAction\":[{\"@type\":\"SearchAction\",\"target\":{\"@type\":\"EntryPoint\",\"urlTemplate\":\"https:\/\/www.herba-medica.si\/?s={search_term_string}\"},\"query-input\":{\"@type\":\"PropertyValueSpecification\",\"valueRequired\":true,\"valueName\":\"search_term_string\"}}],\"inLanguage\":\"en-US\"}]}<\/script>\n<!-- \/ Yoast SEO Premium plugin. -->","yoast_head_json":{"title":"Herba","robots":{"index":"index","follow":"follow","max-snippet":"max-snippet:-1","max-image-preview":"max-image-preview:large","max-video-preview":"max-video-preview:-1"},"canonical":"https:\/\/www.herba-medica.si\/en\/wp-json\/wp\/v2\/product\/1046","og_locale":"en_US","og_type":"article","og_url":"https:\/\/www.herba-medica.si\/en\/wp-json\/wp\/v2\/product\/1046","og_site_name":"Herba","twitter_card":"summary_large_image","schema":{"@context":"https:\/\/schema.org","@graph":[{"@type":"CollectionPage","@id":null,"url":"","name":"","isPartOf":{"@id":"https:\/\/www.herba-medica.si\/#website"},"inLanguage":"en-US"},{"@type":"WebSite","@id":"https:\/\/www.herba-medica.si\/#website","url":"https:\/\/www.herba-medica.si\/","name":"Coat of arms","description":"Medica","potentialAction":[{"@type":"SearchAction","target":{"@type":"EntryPoint","urlTemplate":"https:\/\/www.herba-medica.si\/?s={search_term_string}"},"query-input":{"@type":"PropertyValueSpecification","valueRequired":true,"valueName":"search_term_string"}}],"inLanguage":"en-US"}]}},"_links":{"self":[{"href":"https:\/\/www.herba-medica.si\/en\/wp-json\/wp\/v2\/product\/1046"}],"collection":[{"href":"https:\/\/www.herba-medica.si\/en\/wp-json\/wp\/v2\/product"}],"about":[{"href":"https:\/\/www.herba-medica.si\/en\/wp-json\/wp\/v2\/types\/product"}],"replies":[{"embeddable":true,"href":"https:\/\/www.herba-medica.si\/en\/wp-json\/wp\/v2\/comments?post=1046"}],"wp:featuredmedia":[{"embeddable":true,"href":"https:\/\/www.herba-medica.si\/en\/wp-json\/wp\/v2\/media\/2460"}],"wp:attachment":[{"href":"https:\/\/www.herba-medica.si\/en\/wp-json\/wp\/v2\/media?parent=1046"}],"wp:term":[{"taxonomy":"product_brand","embeddable":true,"href":"https:\/\/www.herba-medica.si\/en\/wp-json\/wp\/v2\/product_brand?post=1046"},{"taxonomy":"product_cat","embeddable":true,"href":"https:\/\/www.herba-medica.si\/en\/wp-json\/wp\/v2\/product_cat?post=1046"},{"taxonomy":"product_tag","embeddable":true,"href":"https:\/\/www.herba-medica.si\/en\/wp-json\/wp\/v2\/product_tag?post=1046"}],"curies":[{"name":"wp","href":"https:\/\/api.w.org\/{rel}","templated":true}]}}