{"id":1015,"date":"2024-05-26T19:13:18","date_gmt":"2024-05-26T21:35:03","guid":{"rendered":"https:\/\/herba.medica.4futureagency.com\/izdelek\/glukocare-caj\/"},"modified":"2026-03-10T10:59:12","modified_gmt":"2026-03-10T09:59:12","slug":"glukocare-the-pour-diabetiques","status":"publish","type":"product","link":"https:\/\/www.herba-medica.si\/fr\/produit\/glukocare-the-pour-diabetiques\/","title":{"rendered":"GLUKOCARE \u010caj | za uravnavanje krvnega sladkorja 25 vre\u010dk"},"content":{"rendered":"<p>GlukoCare \u010daj je zeli\u0161\u010dni \u010daj za uravnote\u017eeno presnovo sladkorja.<\/p>\n<p>V Life enhancer \u010dajih so zeli\u0161\u010da prav posebne vrste. Pridelana so namre\u010d v skladu in s certifikatom Evropske Farmakopeje (Pharmacopoeia Europea).<\/p>\n<p>To pomeni, da morajo ta zeli\u0161\u010da, preden se jih uporabi za \u010daj, dosegati stroge ocene na podro\u010dju kvalitete, \u010distosti in sestave.<\/p>\n<p>Ocene temeljijo na koli\u010dini eteri\u010dnih olj, flavonoidov in polifenolov.<\/p>\n<p>Posamezno zeli\u0161\u010de mora vsebovati vsaj 40% terapevtskih vrednosti.<!-- NE SPREMINJAJ PO TEJ TO\u010cKI NAPREJ --><br \/>\n<div class=\"bde-div-336-277-336-1 bde-div bde-div-336-277\">\n  \n  \n\t\n\n\n\n<div class=\"bde-globalblock-336-304-336-1 bde-globalblock bde-globalblock-336-304\"><div class=\"bde-div-4157-100-336-1-4157-1 bde-div bde-div-4157-100\">\n  \n  \n\t\n\n\n\n<h3 class=\"bde-heading-4157-101-336-1-4157-1 bde-heading bde-heading-4157-101\">\nPovezani izdelki\n<\/h3><div class=\"bde-code-block-4157-102-336-1-4157-1 bde-code-block bde-code-block-4157-102\">\n\n\n\n<\/div><div class=\"bde-wooproductslist-4157-103-336-1-4157-1 bde-wooproductslist bde-wooproductslist-4157-103 breakdance-woocommerce\"><div class=\"woocommerce\"><ul class=\"products\">\n<li class=\"product type-product post-1017 status-publish first instock product_cat-izgorelost-in-stres product_cat-dopolnila product_cat-pomiritev product_tag-dopolnila-bernard product_tag-kapsule has-post-thumbnail taxable shipping-taxable purchasable product-type-simple\" >\n\t<a href=\"https:\/\/www.herba-medica.si\/fr\/produit\/capsules-complexe-b\/\" class=\"woocommerce-LoopProduct-link woocommerce-loop-product__link\"><div class=\"bde-woo-product-image\"><img fetchpriority=\"high\" decoding=\"async\" width=\"300\" height=\"300\" src=\"https:\/\/www.herba-medica.si\/wp-content\/uploads\/2024\/05\/Herba-Medica-Kapsule-Bernard-B-kompleks-300x300.jpg\" class=\"attachment-woocommerce_thumbnail size-woocommerce_thumbnail\" alt=\"B kompleks prehransko dopolnilo v \u0161katli s 60 kapsulami za zdravje.\" srcset=\"https:\/\/www.herba-medica.si\/wp-content\/uploads\/2024\/05\/Herba-Medica-Kapsule-Bernard-B-kompleks-300x300.jpg 300w, https:\/\/www.herba-medica.si\/wp-content\/uploads\/2024\/05\/Herba-Medica-Kapsule-Bernard-B-kompleks-150x150.jpg 150w, https:\/\/www.herba-medica.si\/wp-content\/uploads\/2024\/05\/Herba-Medica-Kapsule-Bernard-B-kompleks-768x768.jpg 768w, https:\/\/www.herba-medica.si\/wp-content\/uploads\/2024\/05\/Herba-Medica-Kapsule-Bernard-B-kompleks-12x12.jpg 12w, https:\/\/www.herba-medica.si\/wp-content\/uploads\/2024\/05\/Herba-Medica-Kapsule-Bernard-B-kompleks.jpg 1000w\" sizes=\"(max-width: 300px) 100vw, 300px\" \/><\/div><p class=\"bde-woo-categories-list\">Izgorelost in stres, Naravna dopolnila, Pomiritev<\/p>\n<h2 class=\"woocommerce-loop-product__title\">Celoten B Kompleks | 60 kapsul<\/h2>\n\t<span class=\"price\"><span class=\"woocommerce-Price-amount amount\"><bdi>6,60&nbsp;<span class=\"woocommerce-Price-currencySymbol\">&euro;<\/span><\/bdi><\/span><\/span>\n<\/a><div class=\"bde-woo-product-footer\"><a href=\"\/fr\/wp-json\/wp\/v2\/product\/1015?add-to-cart=1017\" aria-describedby=\"woocommerce_loop_add_to_cart_link_describedby_1017\" data-quantity=\"1\" class=\"button product_type_simple add_to_cart_button ajax_add_to_cart\" data-product_id=\"1017\" data-product_sku=\"50092\" aria-label=\"Ajouter au panier\u00a0: &ldquo;Celoten B Kompleks | 60 kapsul&rdquo;\" rel=\"nofollow\" data-success_message=\"\u00ab\u00a0Celoten B Kompleks | 60 kapsul\u00a0\u00bb a \u00e9t\u00e9 ajout\u00e9 \u00e0 votre panier\" role=\"button\">Ajouter au panier<\/a>\t<span id=\"woocommerce_loop_add_to_cart_link_describedby_1017\" class=\"screen-reader-text\">\n\t\t\t<\/span>\n<\/div><\/li>\n<li class=\"product type-product post-1049 status-publish instock product_cat-dopolnila product_cat-otroski product_cat-pomiritev product_cat-sadno-zeliscni-caj product_tag-cajcek-tolovajcek product_tag-filter has-post-thumbnail taxable shipping-taxable purchasable product-type-simple\" >\n\t<a href=\"https:\/\/www.herba-medica.si\/fr\/produit\/petit-voleur-petit-dragon\/\" class=\"woocommerce-LoopProduct-link woocommerce-loop-product__link\"><div class=\"bde-woo-product-image\"><img decoding=\"async\" width=\"300\" height=\"300\" src=\"https:\/\/www.herba-medica.si\/wp-content\/uploads\/2024\/05\/Herba-Medica-cajcek-tolovajcek-25-300x300.jpg\" class=\"attachment-woocommerce_thumbnail size-woocommerce_thumbnail\" alt=\"Zeli\u0161\u010dni \u010daj za otroke z likom zmaja in igrivim dizajnom.\" srcset=\"https:\/\/www.herba-medica.si\/wp-content\/uploads\/2024\/05\/Herba-Medica-cajcek-tolovajcek-25-300x300.jpg 300w, https:\/\/www.herba-medica.si\/wp-content\/uploads\/2024\/05\/Herba-Medica-cajcek-tolovajcek-25-150x150.jpg 150w, https:\/\/www.herba-medica.si\/wp-content\/uploads\/2024\/05\/Herba-Medica-cajcek-tolovajcek-25-768x768.jpg 768w, https:\/\/www.herba-medica.si\/wp-content\/uploads\/2024\/05\/Herba-Medica-cajcek-tolovajcek-25-12x12.jpg 12w, https:\/\/www.herba-medica.si\/wp-content\/uploads\/2024\/05\/Herba-Medica-cajcek-tolovajcek-25.jpg 1000w\" sizes=\"(max-width: 300px) 100vw, 300px\" \/><\/div><p class=\"bde-woo-categories-list\">Naravna dopolnila, Otro\u0161ki, Pomiritev, Sadno-zeli\u0161\u010dni \u010daj<\/p>\n<h2 class=\"woocommerce-loop-product__title\">\u010caj\u010dek tolovaj\u010dek | Zmaj\u010dek 25 vre\u010dk<\/h2>\n\t<span class=\"price\"><span class=\"woocommerce-Price-amount amount\"><bdi>2,65&nbsp;<span class=\"woocommerce-Price-currencySymbol\">&euro;<\/span><\/bdi><\/span><\/span>\n<\/a><div class=\"bde-woo-product-footer\"><a href=\"\/fr\/wp-json\/wp\/v2\/product\/1015?add-to-cart=1049\" aria-describedby=\"woocommerce_loop_add_to_cart_link_describedby_1049\" data-quantity=\"1\" class=\"button product_type_simple add_to_cart_button ajax_add_to_cart\" data-product_id=\"1049\" data-product_sku=\"50197\" aria-label=\"Ajouter au panier\u00a0: &ldquo;\u010caj\u010dek tolovaj\u010dek | Zmaj\u010dek 25 vre\u010dk&rdquo;\" rel=\"nofollow\" data-success_message=\"\u00ab\u00a0\u010caj\u010dek tolovaj\u010dek | Zmaj\u010dek 25 vre\u010dk\u00a0\u00bb a \u00e9t\u00e9 ajout\u00e9 \u00e0 votre panier\" role=\"button\">Ajouter au panier<\/a>\t<span id=\"woocommerce_loop_add_to_cart_link_describedby_1049\" class=\"screen-reader-text\">\n\t\t\t<\/span>\n<\/div><\/li>\n<li class=\"product type-product post-1005 status-publish instock product_cat-dopolnila-2 product_cat-imunski-sistem-in-odpornost product_cat-dopolnila product_tag-34 product_tag-dopolnila-life-enhancer product_tag-life-enhancer product_tag-napitek has-post-thumbnail taxable shipping-taxable purchasable product-type-simple\" >\n\t<a href=\"https:\/\/www.herba-medica.si\/fr\/produit\/232-immunocare-echinacee-americaine-vitamine-d3-selenium-bio-acerola-boisson\/\" class=\"woocommerce-LoopProduct-link woocommerce-loop-product__link\"><div class=\"bde-woo-product-image\"><img decoding=\"async\" width=\"300\" height=\"300\" src=\"https:\/\/www.herba-medica.si\/wp-content\/uploads\/2024\/05\/80g_232\u2013-IMUNOCARE-Echinacea-Crni-bezeg-napitek-300x300.jpg\" class=\"attachment-woocommerce_thumbnail size-woocommerce_thumbnail\" alt=\"Herba Medica ImunoCare Echinacea Vitamin D3 s \u010drnim bezgom, acerolo\" srcset=\"https:\/\/www.herba-medica.si\/wp-content\/uploads\/2024\/05\/80g_232\u2013-IMUNOCARE-Echinacea-Crni-bezeg-napitek-300x300.jpg 300w, https:\/\/www.herba-medica.si\/wp-content\/uploads\/2024\/05\/80g_232\u2013-IMUNOCARE-Echinacea-Crni-bezeg-napitek-150x150.jpg 150w, https:\/\/www.herba-medica.si\/wp-content\/uploads\/2024\/05\/80g_232\u2013-IMUNOCARE-Echinacea-Crni-bezeg-napitek-768x768.jpg 768w, https:\/\/www.herba-medica.si\/wp-content\/uploads\/2024\/05\/80g_232\u2013-IMUNOCARE-Echinacea-Crni-bezeg-napitek.jpg 1000w\" sizes=\"(max-width: 300px) 100vw, 300px\" \/><\/div><p class=\"bde-woo-categories-list\">Dopolnila, Imunski sistem in odpornost, Naravna dopolnila<\/p>\n<h2 class=\"woocommerce-loop-product__title\">IMUNOCARE | Ameri\u0161ki slamnik, vitamin D3, selen, BIO acerola NAPITEK 15 vre\u010dk<\/h2>\n\t<span class=\"price\"><span class=\"woocommerce-Price-amount amount\"><bdi>13,90&nbsp;<span class=\"woocommerce-Price-currencySymbol\">&euro;<\/span><\/bdi><\/span><\/span>\n<\/a><div class=\"bde-woo-product-footer\"><a href=\"\/fr\/wp-json\/wp\/v2\/product\/1015?add-to-cart=1005\" aria-describedby=\"woocommerce_loop_add_to_cart_link_describedby_1005\" data-quantity=\"1\" class=\"button product_type_simple add_to_cart_button ajax_add_to_cart\" data-product_id=\"1005\" data-product_sku=\"50762\" aria-label=\"Ajouter au panier\u00a0: &ldquo;IMUNOCARE | Ameri\u0161ki slamnik, vitamin D3, selen, BIO acerola NAPITEK 15 vre\u010dk&rdquo;\" rel=\"nofollow\" data-success_message=\"\u00ab\u00a0IMUNOCARE | Ameri\u0161ki slamnik, vitamin D3, selen, BIO acerola NAPITEK 15 vre\u010dk\u00a0\u00bb a \u00e9t\u00e9 ajout\u00e9 \u00e0 votre panier\" role=\"button\">Ajouter au panier<\/a>\t<span id=\"woocommerce_loop_add_to_cart_link_describedby_1005\" class=\"screen-reader-text\">\n\t\t\t<\/span>\n<\/div><\/li>\n<\/ul>\n<\/div>\r\n<\/div>\n<\/div><\/div><div class=\"bde-div-336-245-336-1 bde-div bde-div-336-245\">\n  \n  \n\t\n\n\n\n<div class=\"bde-div-336-305-336-1 bde-div bde-div-336-305\">\n  \n  \n\t\n\n\n\n<h3 class=\"bde-heading-336-306-336-1 bde-heading bde-heading-336-306\">\nNa\u0161i izdelki so na voljo tudi v lekarnah, trgovinah in drogerijah.\n<\/h3><div class=\"bde-grid-336-307-336-1 bde-grid bde-grid-336-307\">\n  \n  \n\t\n\n\n\n<div class=\"bde-image-336-308-336-1 bde-image bde-image-336-308\">\n<figure class=\"breakdance-image breakdance-image--4187\">\n\t<div class=\"breakdance-image-container\">\n\t\t<div class=\"breakdance-image-clip\"><img loading=\"lazy\" decoding=\"async\" class=\"breakdance-image-object\" src=\"https:\/\/www.herba-medica.si\/wp-content\/uploads\/2024\/05\/herba-medica-lekarna-ljubljana-logo.png\" width=\"421\" height=\"163\" srcset=\"https:\/\/www.herba-medica.si\/wp-content\/uploads\/2024\/05\/herba-medica-lekarna-ljubljana-logo.png 421w, https:\/\/www.herba-medica.si\/wp-content\/uploads\/2024\/05\/herba-medica-lekarna-ljubljana-logo-300x116.png 300w, https:\/\/www.herba-medica.si\/wp-content\/uploads\/2024\/05\/herba-medica-lekarna-ljubljana-logo-18x7.png 18w\" sizes=\"(max-width: 421px) 100vw, 421px\"><\/div>\n\t<\/div><\/figure>\n\n<\/div><div class=\"bde-image-336-309-336-1 bde-image bde-image-336-309\">\n<figure class=\"breakdance-image breakdance-image--4186\">\n\t<div class=\"breakdance-image-container\">\n\t\t<div class=\"breakdance-image-clip\"><img loading=\"lazy\" decoding=\"async\" class=\"breakdance-image-object\" src=\"https:\/\/www.herba-medica.si\/wp-content\/uploads\/2024\/05\/herba-medica-lekarna-velenje-logo.png\" width=\"421\" height=\"163\" srcset=\"https:\/\/www.herba-medica.si\/wp-content\/uploads\/2024\/05\/herba-medica-lekarna-velenje-logo.png 421w, https:\/\/www.herba-medica.si\/wp-content\/uploads\/2024\/05\/herba-medica-lekarna-velenje-logo-300x116.png 300w, https:\/\/www.herba-medica.si\/wp-content\/uploads\/2024\/05\/herba-medica-lekarna-velenje-logo-18x7.png 18w\" sizes=\"(max-width: 421px) 100vw, 421px\"><\/div>\n\t<\/div><\/figure>\n\n<\/div><div class=\"bde-image-336-310-336-1 bde-image bde-image-336-310\">\n<figure class=\"breakdance-image breakdance-image--4185\">\n\t<div class=\"breakdance-image-container\">\n\t\t<div class=\"breakdance-image-clip\"><img loading=\"lazy\" decoding=\"async\" class=\"breakdance-image-object\" src=\"https:\/\/www.herba-medica.si\/wp-content\/uploads\/2024\/05\/herba-medica-dolenjske-lekarne-logo.png\" width=\"421\" height=\"163\" srcset=\"https:\/\/www.herba-medica.si\/wp-content\/uploads\/2024\/05\/herba-medica-dolenjske-lekarne-logo.png 421w, https:\/\/www.herba-medica.si\/wp-content\/uploads\/2024\/05\/herba-medica-dolenjske-lekarne-logo-300x116.png 300w, https:\/\/www.herba-medica.si\/wp-content\/uploads\/2024\/05\/herba-medica-dolenjske-lekarne-logo-18x7.png 18w\" sizes=\"(max-width: 421px) 100vw, 421px\"><\/div>\n\t<\/div><\/figure>\n\n<\/div><div class=\"bde-image-336-311-336-1 bde-image bde-image-336-311\">\n<figure class=\"breakdance-image breakdance-image--4182\">\n\t<div class=\"breakdance-image-container\">\n\t\t<div class=\"breakdance-image-clip\"><img loading=\"lazy\" decoding=\"async\" class=\"breakdance-image-object\" src=\"https:\/\/www.herba-medica.si\/wp-content\/uploads\/2024\/05\/herba-medica-celjske-lekarne-logo.png\" width=\"421\" height=\"163\" srcset=\"https:\/\/www.herba-medica.si\/wp-content\/uploads\/2024\/05\/herba-medica-celjske-lekarne-logo.png 421w, https:\/\/www.herba-medica.si\/wp-content\/uploads\/2024\/05\/herba-medica-celjske-lekarne-logo-300x116.png 300w, https:\/\/www.herba-medica.si\/wp-content\/uploads\/2024\/05\/herba-medica-celjske-lekarne-logo-18x7.png 18w\" sizes=\"(max-width: 421px) 100vw, 421px\"><\/div>\n\t<\/div><\/figure>\n\n<\/div><div class=\"bde-image-336-312-336-1 bde-image bde-image-336-312\">\n<figure class=\"breakdance-image breakdance-image--4183\">\n\t<div class=\"breakdance-image-container\">\n\t\t<div class=\"breakdance-image-clip\"><img loading=\"lazy\" decoding=\"async\" class=\"breakdance-image-object\" src=\"https:\/\/www.herba-medica.si\/wp-content\/uploads\/2024\/05\/herba-medica-koroska-lekarna-logo.png\" width=\"421\" height=\"163\" srcset=\"https:\/\/www.herba-medica.si\/wp-content\/uploads\/2024\/05\/herba-medica-koroska-lekarna-logo.png 421w, https:\/\/www.herba-medica.si\/wp-content\/uploads\/2024\/05\/herba-medica-koroska-lekarna-logo-300x116.png 300w, https:\/\/www.herba-medica.si\/wp-content\/uploads\/2024\/05\/herba-medica-koroska-lekarna-logo-18x7.png 18w\" sizes=\"(max-width: 421px) 100vw, 421px\"><\/div>\n\t<\/div><\/figure>\n\n<\/div><div class=\"bde-image-336-313-336-1 bde-image bde-image-336-313\">\n<figure class=\"breakdance-image breakdance-image--4184\">\n\t<div class=\"breakdance-image-container\">\n\t\t<div class=\"breakdance-image-clip\"><img loading=\"lazy\" decoding=\"async\" class=\"breakdance-image-object\" src=\"https:\/\/www.herba-medica.si\/wp-content\/uploads\/2024\/05\/herba-medica-mestne-lekarne-logo.png\" width=\"421\" height=\"163\" srcset=\"https:\/\/www.herba-medica.si\/wp-content\/uploads\/2024\/05\/herba-medica-mestne-lekarne-logo.png 421w, https:\/\/www.herba-medica.si\/wp-content\/uploads\/2024\/05\/herba-medica-mestne-lekarne-logo-300x116.png 300w, https:\/\/www.herba-medica.si\/wp-content\/uploads\/2024\/05\/herba-medica-mestne-lekarne-logo-18x7.png 18w\" sizes=\"(max-width: 421px) 100vw, 421px\"><\/div>\n\t<\/div><\/figure>\n\n<\/div>\n<\/div>\n<\/div>\n<\/div>\n<\/div><\/p>\n","protected":false},"excerpt":{"rendered":"<p><strong>GLUKOCARE, visoko kakovosten \u010daj z zeli\u0161\u010di Evropske Farmakopeje, ki se tradicionalno uporabljajo za uravnavanje krvnega sladkorja.<\/strong><\/p>\n","protected":false},"featured_media":2492,"comment_status":"open","ping_status":"closed","template":"","meta":{"_acf_changed":false},"product_brand":[],"product_cat":[71,66,57],"product_tag":[33,64,50,65],"class_list":{"0":"post-1015","1":"product","2":"type-product","3":"status-publish","4":"has-post-thumbnail","6":"product_cat-dopolnila","7":"product_cat-diabetes-in-presnovni-problemi","8":"product_cat-zeliscni-caj","9":"product_tag-33","10":"product_tag-caji-life-enhancer","11":"product_tag-filter","12":"product_tag-pharmacopoeia-europaea","14":"first","15":"outofstock","16":"taxable","17":"shipping-taxable","18":"purchasable","19":"product-type-simple"},"acf":[],"yoast_head":"<!-- This site is optimized with the Yoast SEO Premium plugin v26.6 (Yoast SEO v26.7) - https:\/\/yoast.com\/wordpress\/plugins\/seo\/ -->\n<title>Herba<\/title>\n<meta name=\"robots\" content=\"index, follow, max-snippet:-1, max-image-preview:large, max-video-preview:-1\" \/>\n<link rel=\"canonical\" href=\"https:\/\/www.herba-medica.si\/fr\/wp-json\/wp\/v2\/product\/1015\" \/>\n<meta property=\"og:locale\" content=\"fr_FR\" \/>\n<meta property=\"og:type\" content=\"article\" \/>\n<meta property=\"og:url\" content=\"https:\/\/www.herba-medica.si\/fr\/wp-json\/wp\/v2\/product\/1015\" \/>\n<meta property=\"og:site_name\" content=\"Herba\" \/>\n<meta name=\"twitter:card\" content=\"summary_large_image\" \/>\n<script type=\"application\/ld+json\" class=\"yoast-schema-graph\">{\"@context\":\"https:\/\/schema.org\",\"@graph\":[{\"@type\":\"CollectionPage\",\"@id\":null,\"url\":\"\",\"name\":\"\",\"isPartOf\":{\"@id\":\"https:\/\/www.herba-medica.si\/#website\"},\"inLanguage\":\"fr-FR\"},{\"@type\":\"WebSite\",\"@id\":\"https:\/\/www.herba-medica.si\/#website\",\"url\":\"https:\/\/www.herba-medica.si\/\",\"name\":\"Herba\",\"description\":\"Medica\",\"potentialAction\":[{\"@type\":\"SearchAction\",\"target\":{\"@type\":\"EntryPoint\",\"urlTemplate\":\"https:\/\/www.herba-medica.si\/?s={search_term_string}\"},\"query-input\":{\"@type\":\"PropertyValueSpecification\",\"valueRequired\":true,\"valueName\":\"search_term_string\"}}],\"inLanguage\":\"fr-FR\"}]}<\/script>\n<!-- \/ Yoast SEO Premium plugin. -->","yoast_head_json":{"title":"Herba","robots":{"index":"index","follow":"follow","max-snippet":"max-snippet:-1","max-image-preview":"max-image-preview:large","max-video-preview":"max-video-preview:-1"},"canonical":"https:\/\/www.herba-medica.si\/fr\/wp-json\/wp\/v2\/product\/1015","og_locale":"fr_FR","og_type":"article","og_url":"https:\/\/www.herba-medica.si\/fr\/wp-json\/wp\/v2\/product\/1015","og_site_name":"Herba","twitter_card":"summary_large_image","schema":{"@context":"https:\/\/schema.org","@graph":[{"@type":"CollectionPage","@id":null,"url":"","name":"","isPartOf":{"@id":"https:\/\/www.herba-medica.si\/#website"},"inLanguage":"fr-FR"},{"@type":"WebSite","@id":"https:\/\/www.herba-medica.si\/#website","url":"https:\/\/www.herba-medica.si\/","name":"Herba","description":"Medica","potentialAction":[{"@type":"SearchAction","target":{"@type":"EntryPoint","urlTemplate":"https:\/\/www.herba-medica.si\/?s={search_term_string}"},"query-input":{"@type":"PropertyValueSpecification","valueRequired":true,"valueName":"search_term_string"}}],"inLanguage":"fr-FR"}]}},"_links":{"self":[{"href":"https:\/\/www.herba-medica.si\/fr\/wp-json\/wp\/v2\/product\/1015"}],"collection":[{"href":"https:\/\/www.herba-medica.si\/fr\/wp-json\/wp\/v2\/product"}],"about":[{"href":"https:\/\/www.herba-medica.si\/fr\/wp-json\/wp\/v2\/types\/product"}],"replies":[{"embeddable":true,"href":"https:\/\/www.herba-medica.si\/fr\/wp-json\/wp\/v2\/comments?post=1015"}],"wp:featuredmedia":[{"embeddable":true,"href":"https:\/\/www.herba-medica.si\/fr\/wp-json\/wp\/v2\/media\/2492"}],"wp:attachment":[{"href":"https:\/\/www.herba-medica.si\/fr\/wp-json\/wp\/v2\/media?parent=1015"}],"wp:term":[{"taxonomy":"product_brand","embeddable":true,"href":"https:\/\/www.herba-medica.si\/fr\/wp-json\/wp\/v2\/product_brand?post=1015"},{"taxonomy":"product_cat","embeddable":true,"href":"https:\/\/www.herba-medica.si\/fr\/wp-json\/wp\/v2\/product_cat?post=1015"},{"taxonomy":"product_tag","embeddable":true,"href":"https:\/\/www.herba-medica.si\/fr\/wp-json\/wp\/v2\/product_tag?post=1015"}],"curies":[{"name":"wp","href":"https:\/\/api.w.org\/{rel}","templated":true}]}}