{"id":1005,"date":"2024-05-26T03:06:41","date_gmt":"2024-05-26T10:22:23","guid":{"rendered":"https:\/\/herba.medica.4futureagency.com\/izdelek\/232-imunocare-ameriski-slamnik-vitamin-d3-selen-bio-acerola-napitek\/"},"modified":"2026-01-30T18:54:03","modified_gmt":"2026-01-30T17:54:03","slug":"232-immunocare-amerikaanse-zonnehoed-vitamine-d3-selenium-bio-acerola-drank","status":"publish","type":"product","link":"https:\/\/www.herba-medica.si\/nl\/product\/232-immunocare-amerikaanse-zonnehoed-vitamine-d3-selenium-bio-acerola-drank\/","title":{"rendered":"IMUNOCARE | Ameri\u0161ki slamnik, vitamin D3, selen, BIO acerola NAPITEK 15 vre\u010dk"},"content":{"rendered":"<p><strong>232 \u2013 IMUNO<\/strong><em>CARE<\/em><strong>&nbsp;napitek je napitek za<\/strong>:<\/p>\n<ul>\n<li>Podporo telesu pri oku\u017ebah zgornjih dihal in pri prehladih (prehladu in gripi).<\/li>\n<\/ul>\n<p><strong>232 \u2013 IMUNO<\/strong><em>CARE<\/em><strong> napitek je namenjen<\/strong>:<\/p>\n<ul>\n<li>Odraslim osebam, ki so zbolele za prehladom ali gripo.<\/li>\n<\/ul>\n<p>Zaradi imunomodulatorskih u\u010dinkov ameri\u0161kega slamnika se odsvetuje uporaba pri nose\u010dnicah in doje\u010dih mamicah.<\/p>\n<p><strong>Pakirano v vre\u010dkah<\/strong>:<\/p>\n<ul>\n<li>Zagotovi za\u0161\u010dito pred vlago, kisikom in patogeni.<\/li>\n<li>Za sestavine, kjer je za bolj\u0161o absorpcijo potrebno popiti zadostno koli\u010dino vode.<\/li>\n<li>Omogo\u010da pakiranje ve\u010djih koli\u010din sestavin. Saj je za nekatere sestavine priporo\u010deni dnevni odmerek prevelik, da bi ga lahko zapakirali v kapsulo, ki ima majhen volumen.<\/li>\n<\/ul>\n<p><strong>Razvito in izdelano v Sloveniji v proizvodnji s certifikati GMP, IFS, ISO9001 in BIO.<\/strong><\/p>\n<p><!-- NE SPREMINJAJ PO TEJ TO\u010cKI NAPREJ --><div class=\"bde-div-336-277-336-1 bde-div bde-div-336-277\">\n  \n  \n\t\n\n\n\n<div class=\"bde-globalblock-336-304-336-1 bde-globalblock bde-globalblock-336-304\"><div class=\"bde-div-4157-100-336-1-4157-1 bde-div bde-div-4157-100\">\n  \n  \n\t\n\n\n\n<h3 class=\"bde-heading-4157-101-336-1-4157-1 bde-heading bde-heading-4157-101\">\nPovezani izdelki\n<\/h3><div class=\"bde-code-block-4157-102-336-1-4157-1 bde-code-block bde-code-block-4157-102\">\n\n\n\n<\/div><div class=\"bde-wooproductslist-4157-103-336-1-4157-1 bde-wooproductslist bde-wooproductslist-4157-103 breakdance-woocommerce\"><div class=\"woocommerce\"><ul class=\"products\">\n<li class=\"product type-product post-5297 status-publish first instock product_cat-dopolnila-2 product_cat-energija-in-fokus product_cat-izgorelost-in-stres product_cat-kognicija product_cat-dopolnila product_tag-dopolnila-life-enhancer has-post-thumbnail taxable shipping-taxable purchasable product-type-simple\" >\n\t<a href=\"https:\/\/www.herba-medica.si\/nl\/product\/421-cognicare\/\" class=\"woocommerce-LoopProduct-link woocommerce-loop-product__link\"><div class=\"bde-woo-product-image\"><img fetchpriority=\"high\" decoding=\"async\" width=\"300\" height=\"300\" src=\"https:\/\/www.herba-medica.si\/wp-content\/uploads\/2025\/03\/okok5-300x300.jpg\" class=\"attachment-woocommerce_thumbnail size-woocommerce_thumbnail\" alt=\"Herba Medica CogniCare dodatek z ginkgo bilobo, fosfatidilserinom in kognizinom.\" srcset=\"https:\/\/www.herba-medica.si\/wp-content\/uploads\/2025\/03\/okok5-300x300.jpg 300w, https:\/\/www.herba-medica.si\/wp-content\/uploads\/2025\/03\/okok5-150x150.jpg 150w, https:\/\/www.herba-medica.si\/wp-content\/uploads\/2025\/03\/okok5-768x768.jpg 768w, https:\/\/www.herba-medica.si\/wp-content\/uploads\/2025\/03\/okok5-12x12.jpg 12w, https:\/\/www.herba-medica.si\/wp-content\/uploads\/2025\/03\/okok5-600x600.jpg 600w, https:\/\/www.herba-medica.si\/wp-content\/uploads\/2025\/03\/okok5-64x64.jpg 64w, https:\/\/www.herba-medica.si\/wp-content\/uploads\/2025\/03\/okok5.jpg 1000w\" sizes=\"(max-width: 300px) 100vw, 300px\" \/><\/div><p class=\"bde-woo-categories-list\">Dopolnila, Energija in fokus, Izgorelost in stres, Kognicija, Naravna dopolnila<\/p>\n<h2 class=\"woocommerce-loop-product__title\">COGNICARE<\/h2>\n\t<span class=\"price\"><span class=\"woocommerce-Price-amount amount\"><bdi>30,00&nbsp;<span class=\"woocommerce-Price-currencySymbol\">&euro;<\/span><\/bdi><\/span><\/span>\n<\/a><div class=\"bde-woo-product-footer\"><a href=\"\/nl\/wp-json\/wp\/v2\/product\/1005?add-to-cart=5297\" aria-describedby=\"woocommerce_loop_add_to_cart_link_describedby_5297\" data-quantity=\"1\" class=\"button product_type_simple add_to_cart_button ajax_add_to_cart\" data-product_id=\"5297\" data-product_sku=\"\" aria-label=\"Toevoegen aan winkelwagen: &ldquo;COGNICARE&ldquo;\" rel=\"nofollow\" data-success_message=\"&#039;COGNICARE&#039; is toegevoegd aan je winkelmand\" role=\"button\">Toevoegen aan winkelwagen<\/a>\t<span id=\"woocommerce_loop_add_to_cart_link_describedby_5297\" class=\"screen-reader-text\">\n\t\t\t<\/span>\n<\/div><\/li>\n<li class=\"product type-product post-7810 status-publish instock product_cat-dopolnila-2 product_cat-dopolnila product_tag-dopolnila-life-enhancer product_tag-life-enhancer product_tag-mosko-zdravje has-post-thumbnail taxable shipping-taxable purchasable product-type-simple\" >\n\t<a href=\"https:\/\/www.herba-medica.si\/nl\/product\/prosta-care\/\" class=\"woocommerce-LoopProduct-link woocommerce-loop-product__link\"><div class=\"bde-woo-product-image\"><img decoding=\"async\" width=\"300\" height=\"300\" src=\"https:\/\/www.herba-medica.si\/wp-content\/uploads\/2026\/02\/1-300x300.png\" class=\"attachment-woocommerce_thumbnail size-woocommerce_thumbnail\" alt=\"PROSTACARE|kot naravna podpora za normalno delovanje prostate|KAPSULE\" srcset=\"https:\/\/www.herba-medica.si\/wp-content\/uploads\/2026\/02\/1-300x300.png 300w, https:\/\/www.herba-medica.si\/wp-content\/uploads\/2026\/02\/1-1024x1024.png 1024w, https:\/\/www.herba-medica.si\/wp-content\/uploads\/2026\/02\/1-150x150.png 150w, https:\/\/www.herba-medica.si\/wp-content\/uploads\/2026\/02\/1-768x768.png 768w, https:\/\/www.herba-medica.si\/wp-content\/uploads\/2026\/02\/1-12x12.png 12w, https:\/\/www.herba-medica.si\/wp-content\/uploads\/2026\/02\/1-64x64.png 64w, https:\/\/www.herba-medica.si\/wp-content\/uploads\/2026\/02\/1.png 1417w\" sizes=\"(max-width: 300px) 100vw, 300px\" \/><\/div><p class=\"bde-woo-categories-list\">Dopolnila, Naravna dopolnila<\/p>\n<h2 class=\"woocommerce-loop-product__title\">PROSTACARE|kot naravna podpora za normalno delovanje prostate|KAPSULE<\/h2>\n\t<span class=\"price\"><span class=\"woocommerce-Price-amount amount\"><bdi>10,00&nbsp;<span class=\"woocommerce-Price-currencySymbol\">&euro;<\/span><\/bdi><\/span><\/span>\n<\/a><div class=\"bde-woo-product-footer\"><a href=\"\/nl\/wp-json\/wp\/v2\/product\/1005?add-to-cart=7810\" aria-describedby=\"woocommerce_loop_add_to_cart_link_describedby_7810\" data-quantity=\"1\" class=\"button product_type_simple add_to_cart_button ajax_add_to_cart\" data-product_id=\"7810\" data-product_sku=\"\" aria-label=\"Toevoegen aan winkelwagen: &ldquo;PROSTACARE|kot naravna podpora za normalno delovanje prostate|KAPSULE&ldquo;\" rel=\"nofollow\" data-success_message=\"&#039;PROSTACARE|kot naravna podpora za normalno delovanje prostate|KAPSULE&#039; is toegevoegd aan je winkelmand\" role=\"button\">Toevoegen aan winkelwagen<\/a>\t<span id=\"woocommerce_loop_add_to_cart_link_describedby_7810\" class=\"screen-reader-text\">\n\t\t\t<\/span>\n<\/div><\/li>\n<li class=\"product type-product post-7913 status-publish instock product_cat-dopolnila-2 product_tag-bio-certifikat product_tag-prehransko-dopolnilo has-post-thumbnail taxable shipping-taxable purchasable product-type-simple\" >\n\t<a href=\"https:\/\/www.herba-medica.si\/nl\/product\/lovilec-sanj-najbolj-celovit-dodatek-za-podporo-spanju\/\" class=\"woocommerce-LoopProduct-link woocommerce-loop-product__link\"><div class=\"bde-woo-product-image\"><img decoding=\"async\" width=\"300\" height=\"300\" src=\"https:\/\/www.herba-medica.si\/wp-content\/uploads\/2026\/02\/prostacrejpeg2-without-bg-4-300x300.png\" class=\"attachment-woocommerce_thumbnail size-woocommerce_thumbnail\" alt=\"Lovilec Sanj | Najbolj celovit dodatek za podporo spanju\" srcset=\"https:\/\/www.herba-medica.si\/wp-content\/uploads\/2026\/02\/prostacrejpeg2-without-bg-4-300x300.png 300w, https:\/\/www.herba-medica.si\/wp-content\/uploads\/2026\/02\/prostacrejpeg2-without-bg-4-150x150.png 150w, https:\/\/www.herba-medica.si\/wp-content\/uploads\/2026\/02\/prostacrejpeg2-without-bg-4-12x12.png 12w, https:\/\/www.herba-medica.si\/wp-content\/uploads\/2026\/02\/prostacrejpeg2-without-bg-4-64x64.png 64w, https:\/\/www.herba-medica.si\/wp-content\/uploads\/2026\/02\/prostacrejpeg2-without-bg-4.png 767w\" sizes=\"(max-width: 300px) 100vw, 300px\" \/><\/div><p class=\"bde-woo-categories-list\">Dopolnila<\/p>\n<h2 class=\"woocommerce-loop-product__title\">Lovilec Sanj | Najbolj celovit dodatek za podporo spanju<\/h2>\n\t<span class=\"price\"><span class=\"woocommerce-Price-amount amount\"><bdi>25,90&nbsp;<span class=\"woocommerce-Price-currencySymbol\">&euro;<\/span><\/bdi><\/span><\/span>\n<\/a><div class=\"bde-woo-product-footer\"><a href=\"\/nl\/wp-json\/wp\/v2\/product\/1005?add-to-cart=7913\" aria-describedby=\"woocommerce_loop_add_to_cart_link_describedby_7913\" data-quantity=\"1\" class=\"button product_type_simple add_to_cart_button ajax_add_to_cart\" data-product_id=\"7913\" data-product_sku=\"\" aria-label=\"Toevoegen aan winkelwagen: &ldquo;Lovilec Sanj | Najbolj celovit dodatek za podporo spanju&ldquo;\" rel=\"nofollow\" data-success_message=\"&#039;Lovilec Sanj | Najbolj celovit dodatek za podporo spanju&#039; is toegevoegd aan je winkelmand\" role=\"button\">Toevoegen aan winkelwagen<\/a>\t<span id=\"woocommerce_loop_add_to_cart_link_describedby_7913\" class=\"screen-reader-text\">\n\t\t\t<\/span>\n<\/div><\/li>\n<\/ul>\n<\/div>\r\n<\/div>\n<\/div><\/div><div class=\"bde-div-336-245-336-1 bde-div bde-div-336-245\">\n  \n  \n\t\n\n\n\n<div class=\"bde-div-336-305-336-1 bde-div bde-div-336-305\">\n  \n  \n\t\n\n\n\n<h3 class=\"bde-heading-336-306-336-1 bde-heading bde-heading-336-306\">\nNa\u0161i izdelki so na voljo tudi v lekarnah, trgovinah in drogerijah.\n<\/h3><div class=\"bde-grid-336-307-336-1 bde-grid bde-grid-336-307\">\n  \n  \n\t\n\n\n\n<div class=\"bde-image-336-308-336-1 bde-image bde-image-336-308\">\n<figure class=\"breakdance-image breakdance-image--4187\">\n\t<div class=\"breakdance-image-container\">\n\t\t<div class=\"breakdance-image-clip\"><img loading=\"lazy\" decoding=\"async\" class=\"breakdance-image-object\" src=\"https:\/\/www.herba-medica.si\/wp-content\/uploads\/2024\/05\/herba-medica-lekarna-ljubljana-logo.png\" width=\"421\" height=\"163\" srcset=\"https:\/\/www.herba-medica.si\/wp-content\/uploads\/2024\/05\/herba-medica-lekarna-ljubljana-logo.png 421w, https:\/\/www.herba-medica.si\/wp-content\/uploads\/2024\/05\/herba-medica-lekarna-ljubljana-logo-300x116.png 300w, https:\/\/www.herba-medica.si\/wp-content\/uploads\/2024\/05\/herba-medica-lekarna-ljubljana-logo-18x7.png 18w\" sizes=\"(max-width: 421px) 100vw, 421px\"><\/div>\n\t<\/div><\/figure>\n\n<\/div><div class=\"bde-image-336-309-336-1 bde-image bde-image-336-309\">\n<figure class=\"breakdance-image breakdance-image--4186\">\n\t<div class=\"breakdance-image-container\">\n\t\t<div class=\"breakdance-image-clip\"><img loading=\"lazy\" decoding=\"async\" class=\"breakdance-image-object\" src=\"https:\/\/www.herba-medica.si\/wp-content\/uploads\/2024\/05\/herba-medica-lekarna-velenje-logo.png\" width=\"421\" height=\"163\" srcset=\"https:\/\/www.herba-medica.si\/wp-content\/uploads\/2024\/05\/herba-medica-lekarna-velenje-logo.png 421w, https:\/\/www.herba-medica.si\/wp-content\/uploads\/2024\/05\/herba-medica-lekarna-velenje-logo-300x116.png 300w, https:\/\/www.herba-medica.si\/wp-content\/uploads\/2024\/05\/herba-medica-lekarna-velenje-logo-18x7.png 18w\" sizes=\"(max-width: 421px) 100vw, 421px\"><\/div>\n\t<\/div><\/figure>\n\n<\/div><div class=\"bde-image-336-310-336-1 bde-image bde-image-336-310\">\n<figure class=\"breakdance-image breakdance-image--4185\">\n\t<div class=\"breakdance-image-container\">\n\t\t<div class=\"breakdance-image-clip\"><img loading=\"lazy\" decoding=\"async\" class=\"breakdance-image-object\" src=\"https:\/\/www.herba-medica.si\/wp-content\/uploads\/2024\/05\/herba-medica-dolenjske-lekarne-logo.png\" width=\"421\" height=\"163\" srcset=\"https:\/\/www.herba-medica.si\/wp-content\/uploads\/2024\/05\/herba-medica-dolenjske-lekarne-logo.png 421w, https:\/\/www.herba-medica.si\/wp-content\/uploads\/2024\/05\/herba-medica-dolenjske-lekarne-logo-300x116.png 300w, https:\/\/www.herba-medica.si\/wp-content\/uploads\/2024\/05\/herba-medica-dolenjske-lekarne-logo-18x7.png 18w\" sizes=\"(max-width: 421px) 100vw, 421px\"><\/div>\n\t<\/div><\/figure>\n\n<\/div><div class=\"bde-image-336-311-336-1 bde-image bde-image-336-311\">\n<figure class=\"breakdance-image breakdance-image--4182\">\n\t<div class=\"breakdance-image-container\">\n\t\t<div class=\"breakdance-image-clip\"><img loading=\"lazy\" decoding=\"async\" class=\"breakdance-image-object\" src=\"https:\/\/www.herba-medica.si\/wp-content\/uploads\/2024\/05\/herba-medica-celjske-lekarne-logo.png\" width=\"421\" height=\"163\" srcset=\"https:\/\/www.herba-medica.si\/wp-content\/uploads\/2024\/05\/herba-medica-celjske-lekarne-logo.png 421w, https:\/\/www.herba-medica.si\/wp-content\/uploads\/2024\/05\/herba-medica-celjske-lekarne-logo-300x116.png 300w, https:\/\/www.herba-medica.si\/wp-content\/uploads\/2024\/05\/herba-medica-celjske-lekarne-logo-18x7.png 18w\" sizes=\"(max-width: 421px) 100vw, 421px\"><\/div>\n\t<\/div><\/figure>\n\n<\/div><div class=\"bde-image-336-312-336-1 bde-image bde-image-336-312\">\n<figure class=\"breakdance-image breakdance-image--4183\">\n\t<div class=\"breakdance-image-container\">\n\t\t<div class=\"breakdance-image-clip\"><img loading=\"lazy\" decoding=\"async\" class=\"breakdance-image-object\" src=\"https:\/\/www.herba-medica.si\/wp-content\/uploads\/2024\/05\/herba-medica-koroska-lekarna-logo.png\" width=\"421\" height=\"163\" srcset=\"https:\/\/www.herba-medica.si\/wp-content\/uploads\/2024\/05\/herba-medica-koroska-lekarna-logo.png 421w, https:\/\/www.herba-medica.si\/wp-content\/uploads\/2024\/05\/herba-medica-koroska-lekarna-logo-300x116.png 300w, https:\/\/www.herba-medica.si\/wp-content\/uploads\/2024\/05\/herba-medica-koroska-lekarna-logo-18x7.png 18w\" sizes=\"(max-width: 421px) 100vw, 421px\"><\/div>\n\t<\/div><\/figure>\n\n<\/div><div class=\"bde-image-336-313-336-1 bde-image bde-image-336-313\">\n<figure class=\"breakdance-image breakdance-image--4184\">\n\t<div class=\"breakdance-image-container\">\n\t\t<div class=\"breakdance-image-clip\"><img loading=\"lazy\" decoding=\"async\" class=\"breakdance-image-object\" src=\"https:\/\/www.herba-medica.si\/wp-content\/uploads\/2024\/05\/herba-medica-mestne-lekarne-logo.png\" width=\"421\" height=\"163\" srcset=\"https:\/\/www.herba-medica.si\/wp-content\/uploads\/2024\/05\/herba-medica-mestne-lekarne-logo.png 421w, https:\/\/www.herba-medica.si\/wp-content\/uploads\/2024\/05\/herba-medica-mestne-lekarne-logo-300x116.png 300w, https:\/\/www.herba-medica.si\/wp-content\/uploads\/2024\/05\/herba-medica-mestne-lekarne-logo-18x7.png 18w\" sizes=\"(max-width: 421px) 100vw, 421px\"><\/div>\n\t<\/div><\/figure>\n\n<\/div>\n<\/div>\n<\/div>\n<\/div>\n<\/div><\/p>\n","protected":false},"excerpt":{"rendered":"<p>Prehransko dopolnilo s tremi kategorijami sestavin:<\/p>\n<ul>\n<li><strong>2 najbolj uporabljani tradicionalni zeli\u0161\u010di za prehlade:<\/strong>\n<ul>\n<li><strong>Ameri\u0161ki slamnik&nbsp;<\/strong>(<em>Echinacea purpurea<\/em>&nbsp;(L.) Moench)<\/li>\n<li><strong>\u010crni bezeg<\/strong><\/li>\n<\/ul>\n<\/li>\n<li><strong>2 esencialna vitamina za imunski sistem<\/strong>\n<ul>\n<li><strong>Vitamin D3&nbsp;<\/strong>(400 UI)<\/li>\n<li><strong>Vitamin C (iz BIO acerole<\/strong>)<\/li>\n<\/ul>\n<\/li>\n<li><strong>Selen,&nbsp;<\/strong>gradnik ve\u010d kot 100 selenoproteinov.<\/li>\n<\/ul>\n<p>za podporo telesu pri oku\u017ebah zgornjih dihal in pri prehladih.<\/p>\n","protected":false},"featured_media":1635,"comment_status":"open","ping_status":"closed","template":"","meta":{"_acf_changed":false},"product_brand":[],"product_cat":[96,71,31],"product_tag":[34,41,19,47],"class_list":{"0":"post-1005","1":"product","2":"type-product","3":"status-publish","4":"has-post-thumbnail","6":"product_cat-dopolnila-2","7":"product_cat-dopolnila","8":"product_cat-imunski-sistem-in-odpornost","9":"product_tag-34","10":"product_tag-dopolnila-life-enhancer","11":"product_tag-life-enhancer","12":"product_tag-napitek","14":"first","15":"instock","16":"taxable","17":"shipping-taxable","18":"purchasable","19":"product-type-simple"},"acf":[],"yoast_head":"<!-- This site is optimized with the Yoast SEO Premium plugin v26.6 (Yoast SEO v26.7) - https:\/\/yoast.com\/wordpress\/plugins\/seo\/ -->\n<title>Herba<\/title>\n<meta name=\"robots\" content=\"index, follow, max-snippet:-1, max-image-preview:large, max-video-preview:-1\" \/>\n<link rel=\"canonical\" href=\"https:\/\/www.herba-medica.si\/nl\/wp-json\/wp\/v2\/product\/1005\" \/>\n<meta property=\"og:locale\" content=\"nl_NL\" \/>\n<meta property=\"og:type\" content=\"article\" \/>\n<meta property=\"og:url\" content=\"https:\/\/www.herba-medica.si\/nl\/wp-json\/wp\/v2\/product\/1005\" \/>\n<meta property=\"og:site_name\" content=\"Herba\" \/>\n<meta name=\"twitter:card\" content=\"summary_large_image\" \/>\n<script type=\"application\/ld+json\" class=\"yoast-schema-graph\">{\"@context\":\"https:\/\/schema.org\",\"@graph\":[{\"@type\":\"CollectionPage\",\"@id\":null,\"url\":\"\",\"name\":\"\",\"isPartOf\":{\"@id\":\"https:\/\/www.herba-medica.si\/#website\"},\"inLanguage\":\"nl-NL\"},{\"@type\":\"WebSite\",\"@id\":\"https:\/\/www.herba-medica.si\/#website\",\"url\":\"https:\/\/www.herba-medica.si\/\",\"name\":\"Herba\",\"description\":\"Medica\",\"potentialAction\":[{\"@type\":\"SearchAction\",\"target\":{\"@type\":\"EntryPoint\",\"urlTemplate\":\"https:\/\/www.herba-medica.si\/?s={search_term_string}\"},\"query-input\":{\"@type\":\"PropertyValueSpecification\",\"valueRequired\":true,\"valueName\":\"search_term_string\"}}],\"inLanguage\":\"nl-NL\"}]}<\/script>\n<!-- \/ Yoast SEO Premium plugin. -->","yoast_head_json":{"title":"Herba","robots":{"index":"index","follow":"follow","max-snippet":"max-snippet:-1","max-image-preview":"max-image-preview:large","max-video-preview":"max-video-preview:-1"},"canonical":"https:\/\/www.herba-medica.si\/nl\/wp-json\/wp\/v2\/product\/1005","og_locale":"nl_NL","og_type":"article","og_url":"https:\/\/www.herba-medica.si\/nl\/wp-json\/wp\/v2\/product\/1005","og_site_name":"Herba","twitter_card":"summary_large_image","schema":{"@context":"https:\/\/schema.org","@graph":[{"@type":"CollectionPage","@id":null,"url":"","name":"","isPartOf":{"@id":"https:\/\/www.herba-medica.si\/#website"},"inLanguage":"nl-NL"},{"@type":"WebSite","@id":"https:\/\/www.herba-medica.si\/#website","url":"https:\/\/www.herba-medica.si\/","name":"Herba","description":"Medica","potentialAction":[{"@type":"SearchAction","target":{"@type":"EntryPoint","urlTemplate":"https:\/\/www.herba-medica.si\/?s={search_term_string}"},"query-input":{"@type":"PropertyValueSpecification","valueRequired":true,"valueName":"search_term_string"}}],"inLanguage":"nl-NL"}]}},"_links":{"self":[{"href":"https:\/\/www.herba-medica.si\/nl\/wp-json\/wp\/v2\/product\/1005"}],"collection":[{"href":"https:\/\/www.herba-medica.si\/nl\/wp-json\/wp\/v2\/product"}],"about":[{"href":"https:\/\/www.herba-medica.si\/nl\/wp-json\/wp\/v2\/types\/product"}],"replies":[{"embeddable":true,"href":"https:\/\/www.herba-medica.si\/nl\/wp-json\/wp\/v2\/comments?post=1005"}],"wp:featuredmedia":[{"embeddable":true,"href":"https:\/\/www.herba-medica.si\/nl\/wp-json\/wp\/v2\/media\/1635"}],"wp:attachment":[{"href":"https:\/\/www.herba-medica.si\/nl\/wp-json\/wp\/v2\/media?parent=1005"}],"wp:term":[{"taxonomy":"product_brand","embeddable":true,"href":"https:\/\/www.herba-medica.si\/nl\/wp-json\/wp\/v2\/product_brand?post=1005"},{"taxonomy":"product_cat","embeddable":true,"href":"https:\/\/www.herba-medica.si\/nl\/wp-json\/wp\/v2\/product_cat?post=1005"},{"taxonomy":"product_tag","embeddable":true,"href":"https:\/\/www.herba-medica.si\/nl\/wp-json\/wp\/v2\/product_tag?post=1005"}],"curies":[{"name":"wp","href":"https:\/\/api.w.org\/{rel}","templated":true}]}}