{"id":1049,"date":"2024-05-26T15:28:01","date_gmt":"2024-05-27T09:20:51","guid":{"rendered":"https:\/\/herba.medica.4futureagency.com\/izdelek\/cajcek-tolovajcek-zmajcek\/"},"modified":"2026-03-05T20:43:49","modified_gmt":"2026-03-05T19:43:49","slug":"cajcek-tolovajcek-zmajcek","status":"publish","type":"product","link":"https:\/\/www.herba-medica.si\/nl\/product\/cajcek-tolovajcek-zmajcek\/","title":{"rendered":"\u010caj\u010dek tolovaj\u010dek | Zmaj\u010dek 25 vre\u010dk"},"content":{"rendered":"<p>Aromatiziran\u00a0sadni \u010daj, primeren za otroke vseh starosti.<\/p>\n<p>Blaga sadno-zeli\u0161\u010dna me\u0161anica z dodatkom vanilije deluje prijetno mehko.<\/p>\n<p>Najprimernej\u0161a osnova, ki daje \u010daju zelo prijetno zasnovo in ga tudi naravno osladi, so ko\u0161\u010dki jabolk.<\/p>\n<p>Dodatek hibiskusa daje \u010daju izrazito rde\u010do barvo in osve\u017eilno noto, pomaran\u010dni olupki pa le \u0161e zaokro\u017eijo okus in barvo \u010daja.<\/p>\n<p>Napitek v prikupni embala\u017ei s svojo sve\u017eino in prijetnim okusom blagodejno delujejo na po\u010dutje otrok.<!-- NE SPREMINJAJ PO TEJ TO\u010cKI NAPREJ --><br \/>\n<div class=\"bde-div-336-277-336-1 bde-div bde-div-336-277\">\n  \n  \n\t\n\n\n\n<div class=\"bde-globalblock-336-304-336-1 bde-globalblock bde-globalblock-336-304\"><div class=\"bde-div-4157-100-336-1-4157-1 bde-div bde-div-4157-100\">\n  \n  \n\t\n\n\n\n<h3 class=\"bde-heading-4157-101-336-1-4157-1 bde-heading bde-heading-4157-101\">\nPovezani izdelki\n<\/h3><div class=\"bde-code-block-4157-102-336-1-4157-1 bde-code-block bde-code-block-4157-102\">\n\n\n\n<\/div><div class=\"bde-wooproductslist-4157-103-336-1-4157-1 bde-wooproductslist bde-wooproductslist-4157-103 breakdance-woocommerce\"><div class=\"woocommerce\"><ul class=\"products\">\n<li class=\"product type-product post-992 status-publish first instock product_cat-dopolnila-2 product_cat-imunski-sistem-in-odpornost product_cat-dopolnila product_cat-prebava-in-zelodec product_tag-33 product_tag-dopolnila-life-enhancer product_tag-kapsule has-post-thumbnail taxable shipping-taxable purchasable product-type-simple\" >\n\t<a href=\"https:\/\/www.herba-medica.si\/nl\/product\/121-gastrocare-complete-biotics-10-soorten-inuline-capsules\/\" class=\"woocommerce-LoopProduct-link woocommerce-loop-product__link\"><div class=\"bde-woo-product-image\"><img fetchpriority=\"high\" decoding=\"async\" width=\"300\" height=\"300\" src=\"https:\/\/www.herba-medica.si\/wp-content\/uploads\/2024\/05\/kapsule_121-\u2013-GASTROCARE-Complete-Biotics-10-sevov-Inulin-KAPSULE-1-300x300.jpg\" class=\"attachment-woocommerce_thumbnail size-woocommerce_thumbnail\" alt=\"Herba Medica GastroCare Complete Biotics z inulinom, 30 kapsul\" srcset=\"https:\/\/www.herba-medica.si\/wp-content\/uploads\/2024\/05\/kapsule_121-\u2013-GASTROCARE-Complete-Biotics-10-sevov-Inulin-KAPSULE-1-300x300.jpg 300w, https:\/\/www.herba-medica.si\/wp-content\/uploads\/2024\/05\/kapsule_121-\u2013-GASTROCARE-Complete-Biotics-10-sevov-Inulin-KAPSULE-1-150x150.jpg 150w, https:\/\/www.herba-medica.si\/wp-content\/uploads\/2024\/05\/kapsule_121-\u2013-GASTROCARE-Complete-Biotics-10-sevov-Inulin-KAPSULE-1-768x768.jpg 768w, https:\/\/www.herba-medica.si\/wp-content\/uploads\/2024\/05\/kapsule_121-\u2013-GASTROCARE-Complete-Biotics-10-sevov-Inulin-KAPSULE-1.jpg 1000w\" sizes=\"(max-width: 300px) 100vw, 300px\" \/><\/div><p class=\"bde-woo-categories-list\">Dopolnila, Imunski sistem in odpornost, Naravna dopolnila, Prebava in \u017eelodec<\/p>\n<h2 class=\"woocommerce-loop-product__title\">GASTROCARE Complete Biotics | 10 sevov + Inulin KAPSULE<\/h2>\n\t<span class=\"price\"><span class=\"woocommerce-Price-amount amount\"><bdi>11,60&nbsp;<span class=\"woocommerce-Price-currencySymbol\">&euro;<\/span><\/bdi><\/span><\/span>\n<\/a><div class=\"bde-woo-product-footer\"><a href=\"\/nl\/wp-json\/wp\/v2\/product\/1049?add-to-cart=992\" aria-describedby=\"woocommerce_loop_add_to_cart_link_describedby_992\" data-quantity=\"1\" class=\"button product_type_simple add_to_cart_button ajax_add_to_cart\" data-product_id=\"992\" data-product_sku=\"50761\" aria-label=\"Toevoegen aan winkelwagen: &ldquo;GASTROCARE Complete Biotics | 10 sevov + Inulin KAPSULE&ldquo;\" rel=\"nofollow\" data-success_message=\"&#039;GASTROCARE Complete Biotics | 10 sevov + Inulin KAPSULE&#039; is toegevoegd aan je winkelmand\" role=\"button\">Toevoegen aan winkelwagen<\/a>\t<span id=\"woocommerce_loop_add_to_cart_link_describedby_992\" class=\"screen-reader-text\">\n\t\t\t<\/span>\n<\/div><\/li>\n<li class=\"product type-product post-1025 status-publish instock product_cat-bio product_cat-bio-certifikat product_cat-energija-in-fokus product_cat-dopolnila product_cat-pomiritev product_cat-zeliscni-caj product_tag-bio-certifikat product_tag-bio-caji product_tag-filter has-post-thumbnail taxable shipping-taxable purchasable product-type-simple\" >\n\t<a href=\"https:\/\/www.herba-medica.si\/nl\/product\/biologische-muntthee-met-citroengras\/\" class=\"woocommerce-LoopProduct-link woocommerce-loop-product__link\"><div class=\"bde-woo-product-image\"><img decoding=\"async\" width=\"300\" height=\"300\" src=\"https:\/\/www.herba-medica.si\/wp-content\/uploads\/2024\/05\/Bio-Caj-meta-s-citronelo-1-300x300.jpg\" class=\"attachment-woocommerce_thumbnail size-woocommerce_thumbnail\" alt=\"Ekolo\u0161ki metin \u010daj z 25 \u010dajnimi vre\u010dkami iz Herba Medica\" srcset=\"https:\/\/www.herba-medica.si\/wp-content\/uploads\/2024\/05\/Bio-Caj-meta-s-citronelo-1-300x300.jpg 300w, https:\/\/www.herba-medica.si\/wp-content\/uploads\/2024\/05\/Bio-Caj-meta-s-citronelo-1-150x150.jpg 150w, https:\/\/www.herba-medica.si\/wp-content\/uploads\/2024\/05\/Bio-Caj-meta-s-citronelo-1-768x768.jpg 768w, https:\/\/www.herba-medica.si\/wp-content\/uploads\/2024\/05\/Bio-Caj-meta-s-citronelo-1-12x12.jpg 12w, https:\/\/www.herba-medica.si\/wp-content\/uploads\/2024\/05\/Bio-Caj-meta-s-citronelo-1.jpg 1000w\" sizes=\"(max-width: 300px) 100vw, 300px\" \/><\/div><p class=\"bde-woo-categories-list\">BIO, Bio certifikat, Energija in fokus, Naravna dopolnila, Pomiritev, Zeli\u0161\u010dni \u010daj<\/p>\n<h2 class=\"woocommerce-loop-product__title\">BIO \u010caj | meta z limonsko travo, 25 vre\u010dk<\/h2>\n\t<span class=\"price\"><span class=\"woocommerce-Price-amount amount\"><bdi>2,80&nbsp;<span class=\"woocommerce-Price-currencySymbol\">&euro;<\/span><\/bdi><\/span><\/span>\n<\/a><div class=\"bde-woo-product-footer\"><a href=\"\/nl\/wp-json\/wp\/v2\/product\/1049?add-to-cart=1025\" aria-describedby=\"woocommerce_loop_add_to_cart_link_describedby_1025\" data-quantity=\"1\" class=\"button product_type_simple add_to_cart_button ajax_add_to_cart\" data-product_id=\"1025\" data-product_sku=\"50106\" aria-label=\"Toevoegen aan winkelwagen: &ldquo;BIO \u010caj | meta z limonsko travo, 25 vre\u010dk&ldquo;\" rel=\"nofollow\" data-success_message=\"&#039;BIO \u010caj | meta z limonsko travo, 25 vre\u010dk&#039; is toegevoegd aan je winkelmand\" role=\"button\">Toevoegen aan winkelwagen<\/a>\t<span id=\"woocommerce_loop_add_to_cart_link_describedby_1025\" class=\"screen-reader-text\">\n\t\t\t<\/span>\n<\/div><\/li>\n<li class=\"product type-product post-1019 status-publish instock product_cat-anti-age-in-antioksidanti product_cat-energija-in-fokus product_cat-izgorelost-in-stres product_cat-kognicija product_cat-dopolnila product_cat-srce-kri-in-ozilje product_tag-dopolnila-bernard product_tag-kapsule has-post-thumbnail taxable shipping-taxable purchasable product-type-simple\" >\n\t<a href=\"https:\/\/www.herba-medica.si\/nl\/product\/co-enzym-q10-vital\/\" class=\"woocommerce-LoopProduct-link woocommerce-loop-product__link\"><div class=\"bde-woo-product-image\"><img decoding=\"async\" width=\"300\" height=\"300\" src=\"https:\/\/www.herba-medica.si\/wp-content\/uploads\/2024\/05\/Herba-MedicaKapsule-Bernard-Q10-Vital-300x300.jpg\" class=\"attachment-woocommerce_thumbnail size-woocommerce_thumbnail\" alt=\"Koencim Q10 Vital prehransko dopolnilo, \u0161katlica s 60 kapsulami\" srcset=\"https:\/\/www.herba-medica.si\/wp-content\/uploads\/2024\/05\/Herba-MedicaKapsule-Bernard-Q10-Vital-300x300.jpg 300w, https:\/\/www.herba-medica.si\/wp-content\/uploads\/2024\/05\/Herba-MedicaKapsule-Bernard-Q10-Vital-150x150.jpg 150w, https:\/\/www.herba-medica.si\/wp-content\/uploads\/2024\/05\/Herba-MedicaKapsule-Bernard-Q10-Vital-768x768.jpg 768w, https:\/\/www.herba-medica.si\/wp-content\/uploads\/2024\/05\/Herba-MedicaKapsule-Bernard-Q10-Vital-12x12.jpg 12w, https:\/\/www.herba-medica.si\/wp-content\/uploads\/2024\/05\/Herba-MedicaKapsule-Bernard-Q10-Vital.jpg 1000w\" sizes=\"(max-width: 300px) 100vw, 300px\" \/><\/div><p class=\"bde-woo-categories-list\">Anti-age in antioksidanti, Energija in fokus, Izgorelost in stres, Kognicija, Naravna dopolnila, Srce in o\u017eilje<\/p>\n<h2 class=\"woocommerce-loop-product__title\">Koencim | Q10 Vital, 60 kapsul<\/h2>\n\t<span class=\"price\"><span class=\"woocommerce-Price-amount amount\"><bdi>8,60&nbsp;<span class=\"woocommerce-Price-currencySymbol\">&euro;<\/span><\/bdi><\/span><\/span>\n<\/a><div class=\"bde-woo-product-footer\"><a href=\"\/nl\/wp-json\/wp\/v2\/product\/1049?add-to-cart=1019\" aria-describedby=\"woocommerce_loop_add_to_cart_link_describedby_1019\" data-quantity=\"1\" class=\"button product_type_simple add_to_cart_button ajax_add_to_cart\" data-product_id=\"1019\" data-product_sku=\"50088\" aria-label=\"Toevoegen aan winkelwagen: &ldquo;Koencim | Q10 Vital, 60 kapsul&ldquo;\" rel=\"nofollow\" data-success_message=\"&#039;Koencim | Q10 Vital, 60 kapsul&#039; is toegevoegd aan je winkelmand\" role=\"button\">Toevoegen aan winkelwagen<\/a>\t<span id=\"woocommerce_loop_add_to_cart_link_describedby_1019\" class=\"screen-reader-text\">\n\t\t\t<\/span>\n<\/div><\/li>\n<\/ul>\n<\/div>\r\n<\/div>\n<\/div><\/div><div class=\"bde-div-336-245-336-1 bde-div bde-div-336-245\">\n  \n  \n\t\n\n\n\n<div class=\"bde-div-336-305-336-1 bde-div bde-div-336-305\">\n  \n  \n\t\n\n\n\n<h3 class=\"bde-heading-336-306-336-1 bde-heading bde-heading-336-306\">\nNa\u0161i izdelki so na voljo tudi v lekarnah, trgovinah in drogerijah.\n<\/h3><div class=\"bde-grid-336-307-336-1 bde-grid bde-grid-336-307\">\n  \n  \n\t\n\n\n\n<div class=\"bde-image-336-308-336-1 bde-image bde-image-336-308\">\n<figure class=\"breakdance-image breakdance-image--4187\">\n\t<div class=\"breakdance-image-container\">\n\t\t<div class=\"breakdance-image-clip\"><img loading=\"lazy\" decoding=\"async\" class=\"breakdance-image-object\" src=\"https:\/\/www.herba-medica.si\/wp-content\/uploads\/2024\/05\/herba-medica-lekarna-ljubljana-logo.png\" width=\"421\" height=\"163\" srcset=\"https:\/\/www.herba-medica.si\/wp-content\/uploads\/2024\/05\/herba-medica-lekarna-ljubljana-logo.png 421w, https:\/\/www.herba-medica.si\/wp-content\/uploads\/2024\/05\/herba-medica-lekarna-ljubljana-logo-300x116.png 300w, https:\/\/www.herba-medica.si\/wp-content\/uploads\/2024\/05\/herba-medica-lekarna-ljubljana-logo-18x7.png 18w\" sizes=\"(max-width: 421px) 100vw, 421px\"><\/div>\n\t<\/div><\/figure>\n\n<\/div><div class=\"bde-image-336-309-336-1 bde-image bde-image-336-309\">\n<figure class=\"breakdance-image breakdance-image--4186\">\n\t<div class=\"breakdance-image-container\">\n\t\t<div class=\"breakdance-image-clip\"><img loading=\"lazy\" decoding=\"async\" class=\"breakdance-image-object\" src=\"https:\/\/www.herba-medica.si\/wp-content\/uploads\/2024\/05\/herba-medica-lekarna-velenje-logo.png\" width=\"421\" height=\"163\" srcset=\"https:\/\/www.herba-medica.si\/wp-content\/uploads\/2024\/05\/herba-medica-lekarna-velenje-logo.png 421w, https:\/\/www.herba-medica.si\/wp-content\/uploads\/2024\/05\/herba-medica-lekarna-velenje-logo-300x116.png 300w, https:\/\/www.herba-medica.si\/wp-content\/uploads\/2024\/05\/herba-medica-lekarna-velenje-logo-18x7.png 18w\" sizes=\"(max-width: 421px) 100vw, 421px\"><\/div>\n\t<\/div><\/figure>\n\n<\/div><div class=\"bde-image-336-310-336-1 bde-image bde-image-336-310\">\n<figure class=\"breakdance-image breakdance-image--4185\">\n\t<div class=\"breakdance-image-container\">\n\t\t<div class=\"breakdance-image-clip\"><img loading=\"lazy\" decoding=\"async\" class=\"breakdance-image-object\" src=\"https:\/\/www.herba-medica.si\/wp-content\/uploads\/2024\/05\/herba-medica-dolenjske-lekarne-logo.png\" width=\"421\" height=\"163\" srcset=\"https:\/\/www.herba-medica.si\/wp-content\/uploads\/2024\/05\/herba-medica-dolenjske-lekarne-logo.png 421w, https:\/\/www.herba-medica.si\/wp-content\/uploads\/2024\/05\/herba-medica-dolenjske-lekarne-logo-300x116.png 300w, https:\/\/www.herba-medica.si\/wp-content\/uploads\/2024\/05\/herba-medica-dolenjske-lekarne-logo-18x7.png 18w\" sizes=\"(max-width: 421px) 100vw, 421px\"><\/div>\n\t<\/div><\/figure>\n\n<\/div><div class=\"bde-image-336-311-336-1 bde-image bde-image-336-311\">\n<figure class=\"breakdance-image breakdance-image--4182\">\n\t<div class=\"breakdance-image-container\">\n\t\t<div class=\"breakdance-image-clip\"><img loading=\"lazy\" decoding=\"async\" class=\"breakdance-image-object\" src=\"https:\/\/www.herba-medica.si\/wp-content\/uploads\/2024\/05\/herba-medica-celjske-lekarne-logo.png\" width=\"421\" height=\"163\" srcset=\"https:\/\/www.herba-medica.si\/wp-content\/uploads\/2024\/05\/herba-medica-celjske-lekarne-logo.png 421w, https:\/\/www.herba-medica.si\/wp-content\/uploads\/2024\/05\/herba-medica-celjske-lekarne-logo-300x116.png 300w, https:\/\/www.herba-medica.si\/wp-content\/uploads\/2024\/05\/herba-medica-celjske-lekarne-logo-18x7.png 18w\" sizes=\"(max-width: 421px) 100vw, 421px\"><\/div>\n\t<\/div><\/figure>\n\n<\/div><div class=\"bde-image-336-312-336-1 bde-image bde-image-336-312\">\n<figure class=\"breakdance-image breakdance-image--4183\">\n\t<div class=\"breakdance-image-container\">\n\t\t<div class=\"breakdance-image-clip\"><img loading=\"lazy\" decoding=\"async\" class=\"breakdance-image-object\" src=\"https:\/\/www.herba-medica.si\/wp-content\/uploads\/2024\/05\/herba-medica-koroska-lekarna-logo.png\" width=\"421\" height=\"163\" srcset=\"https:\/\/www.herba-medica.si\/wp-content\/uploads\/2024\/05\/herba-medica-koroska-lekarna-logo.png 421w, https:\/\/www.herba-medica.si\/wp-content\/uploads\/2024\/05\/herba-medica-koroska-lekarna-logo-300x116.png 300w, https:\/\/www.herba-medica.si\/wp-content\/uploads\/2024\/05\/herba-medica-koroska-lekarna-logo-18x7.png 18w\" sizes=\"(max-width: 421px) 100vw, 421px\"><\/div>\n\t<\/div><\/figure>\n\n<\/div><div class=\"bde-image-336-313-336-1 bde-image bde-image-336-313\">\n<figure class=\"breakdance-image breakdance-image--4184\">\n\t<div class=\"breakdance-image-container\">\n\t\t<div class=\"breakdance-image-clip\"><img loading=\"lazy\" decoding=\"async\" class=\"breakdance-image-object\" src=\"https:\/\/www.herba-medica.si\/wp-content\/uploads\/2024\/05\/herba-medica-mestne-lekarne-logo.png\" width=\"421\" height=\"163\" srcset=\"https:\/\/www.herba-medica.si\/wp-content\/uploads\/2024\/05\/herba-medica-mestne-lekarne-logo.png 421w, https:\/\/www.herba-medica.si\/wp-content\/uploads\/2024\/05\/herba-medica-mestne-lekarne-logo-300x116.png 300w, https:\/\/www.herba-medica.si\/wp-content\/uploads\/2024\/05\/herba-medica-mestne-lekarne-logo-18x7.png 18w\" sizes=\"(max-width: 421px) 100vw, 421px\"><\/div>\n\t<\/div><\/figure>\n\n<\/div>\n<\/div>\n<\/div>\n<\/div>\n<\/div><\/p>\n","protected":false},"excerpt":{"rendered":"<p><i>\u201cKmalu je \u017eivljenje spet postalo okusno in takoj, ko sem za\u010del plavati in \u010dofotati, sem opazil, da je vsa bole\u010dina izginila. In potem sem razumel. Nisem bil ve\u010d zmaj, postal sem spet normalen otrok&#8230;\u201d<\/i><br \/>\n\u2013 Zmaj Evstahij, zmaj Zgodbe iz Narnije<\/p>\n<p>Aromatiziran sadni \u010daj z dodatki zeli\u0161\u010d, primeren za otroke vseh starosti.<\/p>\n<p>Vsak zmaj potrebuje svoj \u010daj.<\/p>\n","protected":false},"featured_media":2479,"comment_status":"open","ping_status":"closed","template":"","meta":{"_acf_changed":false},"product_brand":[],"product_cat":[71,60,77,59],"product_tag":[43,50],"class_list":{"0":"post-1049","1":"product","2":"type-product","3":"status-publish","4":"has-post-thumbnail","6":"product_cat-dopolnila","7":"product_cat-pomiritev","8":"product_cat-otroski","9":"product_cat-sadno-zeliscni-caj","10":"product_tag-cajcek-tolovajcek","11":"product_tag-filter","13":"first","14":"instock","15":"taxable","16":"shipping-taxable","17":"purchasable","18":"product-type-simple"},"acf":[],"yoast_head":"<!-- This site is optimized with the Yoast SEO Premium plugin v26.6 (Yoast SEO v26.7) - https:\/\/yoast.com\/wordpress\/plugins\/seo\/ -->\n<title>Herba<\/title>\n<meta name=\"robots\" content=\"index, follow, max-snippet:-1, max-image-preview:large, max-video-preview:-1\" \/>\n<link rel=\"canonical\" href=\"https:\/\/www.herba-medica.si\/nl\/wp-json\/wp\/v2\/product\/1049\" \/>\n<meta property=\"og:locale\" content=\"nl_NL\" \/>\n<meta property=\"og:type\" content=\"article\" \/>\n<meta property=\"og:url\" content=\"https:\/\/www.herba-medica.si\/nl\/wp-json\/wp\/v2\/product\/1049\" \/>\n<meta property=\"og:site_name\" content=\"Herba\" \/>\n<meta name=\"twitter:card\" content=\"summary_large_image\" \/>\n<script type=\"application\/ld+json\" class=\"yoast-schema-graph\">{\"@context\":\"https:\/\/schema.org\",\"@graph\":[{\"@type\":\"CollectionPage\",\"@id\":null,\"url\":\"\",\"name\":\"\",\"isPartOf\":{\"@id\":\"https:\/\/www.herba-medica.si\/#website\"},\"inLanguage\":\"nl-NL\"},{\"@type\":\"WebSite\",\"@id\":\"https:\/\/www.herba-medica.si\/#website\",\"url\":\"https:\/\/www.herba-medica.si\/\",\"name\":\"Herba\",\"description\":\"Medica\",\"potentialAction\":[{\"@type\":\"SearchAction\",\"target\":{\"@type\":\"EntryPoint\",\"urlTemplate\":\"https:\/\/www.herba-medica.si\/?s={search_term_string}\"},\"query-input\":{\"@type\":\"PropertyValueSpecification\",\"valueRequired\":true,\"valueName\":\"search_term_string\"}}],\"inLanguage\":\"nl-NL\"}]}<\/script>\n<!-- \/ Yoast SEO Premium plugin. -->","yoast_head_json":{"title":"Herba","robots":{"index":"index","follow":"follow","max-snippet":"max-snippet:-1","max-image-preview":"max-image-preview:large","max-video-preview":"max-video-preview:-1"},"canonical":"https:\/\/www.herba-medica.si\/nl\/wp-json\/wp\/v2\/product\/1049","og_locale":"nl_NL","og_type":"article","og_url":"https:\/\/www.herba-medica.si\/nl\/wp-json\/wp\/v2\/product\/1049","og_site_name":"Herba","twitter_card":"summary_large_image","schema":{"@context":"https:\/\/schema.org","@graph":[{"@type":"CollectionPage","@id":null,"url":"","name":"","isPartOf":{"@id":"https:\/\/www.herba-medica.si\/#website"},"inLanguage":"nl-NL"},{"@type":"WebSite","@id":"https:\/\/www.herba-medica.si\/#website","url":"https:\/\/www.herba-medica.si\/","name":"Herba","description":"Medica","potentialAction":[{"@type":"SearchAction","target":{"@type":"EntryPoint","urlTemplate":"https:\/\/www.herba-medica.si\/?s={search_term_string}"},"query-input":{"@type":"PropertyValueSpecification","valueRequired":true,"valueName":"search_term_string"}}],"inLanguage":"nl-NL"}]}},"_links":{"self":[{"href":"https:\/\/www.herba-medica.si\/nl\/wp-json\/wp\/v2\/product\/1049"}],"collection":[{"href":"https:\/\/www.herba-medica.si\/nl\/wp-json\/wp\/v2\/product"}],"about":[{"href":"https:\/\/www.herba-medica.si\/nl\/wp-json\/wp\/v2\/types\/product"}],"replies":[{"embeddable":true,"href":"https:\/\/www.herba-medica.si\/nl\/wp-json\/wp\/v2\/comments?post=1049"}],"wp:featuredmedia":[{"embeddable":true,"href":"https:\/\/www.herba-medica.si\/nl\/wp-json\/wp\/v2\/media\/2479"}],"wp:attachment":[{"href":"https:\/\/www.herba-medica.si\/nl\/wp-json\/wp\/v2\/media?parent=1049"}],"wp:term":[{"taxonomy":"product_brand","embeddable":true,"href":"https:\/\/www.herba-medica.si\/nl\/wp-json\/wp\/v2\/product_brand?post=1049"},{"taxonomy":"product_cat","embeddable":true,"href":"https:\/\/www.herba-medica.si\/nl\/wp-json\/wp\/v2\/product_cat?post=1049"},{"taxonomy":"product_tag","embeddable":true,"href":"https:\/\/www.herba-medica.si\/nl\/wp-json\/wp\/v2\/product_tag?post=1049"}],"curies":[{"name":"wp","href":"https:\/\/api.w.org\/{rel}","templated":true}]}}