{"id":1090,"date":"2024-05-27T01:25:10","date_gmt":"2024-05-26T23:12:46","guid":{"rendered":"https:\/\/herba.medica.4futureagency.com\/izdelek\/gastro-bio-planinski-caj\/"},"modified":"2026-03-11T12:10:13","modified_gmt":"2026-03-11T11:10:13","slug":"gastro-bio-bergthee","status":"publish","type":"product","link":"https:\/\/www.herba-medica.si\/nl\/product\/gastro-bio-bergthee\/","title":{"rendered":"Planinski \u010daj | (BIO Gastro\/Horeca)"},"content":{"rendered":"<p>Zakladnica zeli\u0161\u010d, tipi\u010dnih za alpske regije, ki ima prijetno aromo in je osve\u017eilnega okusa. Primeren je za vse generacije in ob vsaki prilo\u017enosti.<!-- NE SPREMINJAJ PO TEJ TO\u010cKI NAPREJ --><br \/>\n<div class=\"bde-div-336-277-336-1 bde-div bde-div-336-277\">\n  \n  \n\t\n\n\n\n<div class=\"bde-globalblock-336-304-336-1 bde-globalblock bde-globalblock-336-304\"><div class=\"bde-div-4157-100-336-1-4157-1 bde-div bde-div-4157-100\">\n  \n  \n\t\n\n\n\n<h3 class=\"bde-heading-4157-101-336-1-4157-1 bde-heading bde-heading-4157-101\">\nPovezani izdelki\n<\/h3><div class=\"bde-code-block-4157-102-336-1-4157-1 bde-code-block bde-code-block-4157-102\">\n\n\n\n<\/div><div class=\"bde-wooproductslist-4157-103-336-1-4157-1 bde-wooproductslist bde-wooproductslist-4157-103 breakdance-woocommerce\"><div class=\"woocommerce\"><ul class=\"products\">\n<li class=\"product type-product post-1014 status-publish first instock product_cat-dopolnila product_cat-prebava-in-zelodec product_cat-zeliscni-caj product_tag-33 product_tag-caji-life-enhancer product_tag-filter product_tag-pharmacopoeia-europaea has-post-thumbnail taxable shipping-taxable purchasable product-type-simple\" >\n\t<a href=\"https:\/\/www.herba-medica.si\/nl\/product\/gastrocare-thee-voor-de-maag\/\" class=\"woocommerce-LoopProduct-link woocommerce-loop-product__link\"><div class=\"bde-woo-product-image\"><img fetchpriority=\"high\" decoding=\"async\" width=\"300\" height=\"300\" src=\"https:\/\/www.herba-medica.si\/wp-content\/uploads\/2024\/05\/GASTROCARE-\u2013-CAJ-300x300.jpg\" class=\"attachment-woocommerce_thumbnail size-woocommerce_thumbnail\" alt=\"GASTROCARE Zeli\u0161\u010dni \u010daj v \u0161katli z 25 \u010dajnimi vre\u010dkami za prebavo\" srcset=\"https:\/\/www.herba-medica.si\/wp-content\/uploads\/2024\/05\/GASTROCARE-\u2013-CAJ-300x300.jpg 300w, https:\/\/www.herba-medica.si\/wp-content\/uploads\/2024\/05\/GASTROCARE-\u2013-CAJ-150x150.jpg 150w, https:\/\/www.herba-medica.si\/wp-content\/uploads\/2024\/05\/GASTROCARE-\u2013-CAJ-768x768.jpg 768w, https:\/\/www.herba-medica.si\/wp-content\/uploads\/2024\/05\/GASTROCARE-\u2013-CAJ-12x12.jpg 12w, https:\/\/www.herba-medica.si\/wp-content\/uploads\/2024\/05\/GASTROCARE-\u2013-CAJ.jpg 1000w\" sizes=\"(max-width: 300px) 100vw, 300px\" \/><\/div><p class=\"bde-woo-categories-list\">Naravna dopolnila, Prebava in \u017eelodec, Zeli\u0161\u010dni \u010daj<\/p>\n<h2 class=\"woocommerce-loop-product__title\">GASTROCARE \u010caj | za \u017eelodec 25 vre\u010dk<\/h2>\n\t<span class=\"price\"><span class=\"woocommerce-Price-amount amount\"><bdi>4,50&nbsp;<span class=\"woocommerce-Price-currencySymbol\">&euro;<\/span><\/bdi><\/span><\/span>\n<\/a><div class=\"bde-woo-product-footer\"><a href=\"\/nl\/wp-json\/wp\/v2\/product\/1090?add-to-cart=1014\" aria-describedby=\"woocommerce_loop_add_to_cart_link_describedby_1014\" data-quantity=\"1\" class=\"button product_type_simple add_to_cart_button ajax_add_to_cart\" data-product_id=\"1014\" data-product_sku=\"50773\" aria-label=\"Toevoegen aan winkelwagen: &ldquo;GASTROCARE \u010caj | za \u017eelodec 25 vre\u010dk&ldquo;\" rel=\"nofollow\" data-success_message=\"&#039;GASTROCARE \u010caj | za \u017eelodec 25 vre\u010dk&#039; is toegevoegd aan je winkelmand\" role=\"button\">Toevoegen aan winkelwagen<\/a>\t<span id=\"woocommerce_loop_add_to_cart_link_describedby_1014\" class=\"screen-reader-text\">\n\t\t\t<\/span>\n<\/div><\/li>\n<li class=\"product type-product post-122 status-publish instock product_cat-bio product_cat-bio-certifikat product_cat-dopolnila product_cat-nosecnost product_cat-prebava-in-zelodec product_tag-bio-certifikat product_tag-bio-caji product_tag-filter has-post-thumbnail taxable shipping-taxable purchasable product-type-simple\" >\n\t<a href=\"https:\/\/www.herba-medica.si\/nl\/product\/biologische-thee-voor-zuigelingen-25-zakjes\/\" class=\"woocommerce-LoopProduct-link woocommerce-loop-product__link\"><div class=\"bde-woo-product-image\"><img decoding=\"async\" width=\"300\" height=\"300\" src=\"https:\/\/www.herba-medica.si\/wp-content\/uploads\/2024\/04\/Bio-caj-za-dojencke-300x300.jpg\" class=\"attachment-woocommerce_thumbnail size-woocommerce_thumbnail\" alt=\"Embala\u017ea za organski otro\u0161ki \u010daj Herba Medica z ne\u017enim cvetli\u010dnim motivom.\" srcset=\"https:\/\/www.herba-medica.si\/wp-content\/uploads\/2024\/04\/Bio-caj-za-dojencke-300x300.jpg 300w, https:\/\/www.herba-medica.si\/wp-content\/uploads\/2024\/04\/Bio-caj-za-dojencke-150x150.jpg 150w, https:\/\/www.herba-medica.si\/wp-content\/uploads\/2024\/04\/Bio-caj-za-dojencke-768x768.jpg 768w, https:\/\/www.herba-medica.si\/wp-content\/uploads\/2024\/04\/Bio-caj-za-dojencke-12x12.jpg 12w, https:\/\/www.herba-medica.si\/wp-content\/uploads\/2024\/04\/Bio-caj-za-dojencke.jpg 1000w\" sizes=\"(max-width: 300px) 100vw, 300px\" \/><\/div><p class=\"bde-woo-categories-list\">BIO, Bio certifikat, Naravna dopolnila, Nose\u010dnost, Prebava in \u017eelodec<\/p>\n<h2 class=\"woocommerce-loop-product__title\">BIO \u010cAJ | Za dojen\u010dke, 25 vre\u010dk<\/h2>\n\t<span class=\"price\"><span class=\"woocommerce-Price-amount amount\"><bdi>2,80&nbsp;<span class=\"woocommerce-Price-currencySymbol\">&euro;<\/span><\/bdi><\/span><\/span>\n<\/a><div class=\"bde-woo-product-footer\"><a href=\"\/nl\/wp-json\/wp\/v2\/product\/1090?add-to-cart=122\" aria-describedby=\"woocommerce_loop_add_to_cart_link_describedby_122\" data-quantity=\"1\" class=\"button product_type_simple add_to_cart_button ajax_add_to_cart\" data-product_id=\"122\" data-product_sku=\"50037\" aria-label=\"Toevoegen aan winkelwagen: &ldquo;BIO \u010cAJ | Za dojen\u010dke, 25 vre\u010dk&ldquo;\" rel=\"nofollow\" data-success_message=\"&#039;BIO \u010cAJ | Za dojen\u010dke, 25 vre\u010dk&#039; is toegevoegd aan je winkelmand\" role=\"button\">Toevoegen aan winkelwagen<\/a>\t<span id=\"woocommerce_loop_add_to_cart_link_describedby_122\" class=\"screen-reader-text\">\n\t\t\t<\/span>\n<\/div><\/li>\n<li class=\"product type-product post-1081 status-publish instock product_cat-caji-large product_cat-sadni-caj product_tag-rinfuza-caj has-post-thumbnail taxable shipping-taxable purchasable product-type-simple\" >\n\t<a href=\"https:\/\/www.herba-medica.si\/nl\/product\/caj-bosvruchten-rinfuza-2\/\" class=\"woocommerce-LoopProduct-link woocommerce-loop-product__link\"><div class=\"bde-woo-product-image\"><img decoding=\"async\" width=\"300\" height=\"300\" src=\"https:\/\/www.herba-medica.si\/wp-content\/uploads\/2024\/05\/RINFUZA-CAJ-Gozdni-sadezi-01-300x300.jpg\" class=\"attachment-woocommerce_thumbnail size-woocommerce_thumbnail\" alt=\"Herba Medica \u010daj iz divjih sade\u017eev v papirnati embala\u017ei\" srcset=\"https:\/\/www.herba-medica.si\/wp-content\/uploads\/2024\/05\/RINFUZA-CAJ-Gozdni-sadezi-01-300x300.jpg 300w, https:\/\/www.herba-medica.si\/wp-content\/uploads\/2024\/05\/RINFUZA-CAJ-Gozdni-sadezi-01-1024x1024.jpg 1024w, https:\/\/www.herba-medica.si\/wp-content\/uploads\/2024\/05\/RINFUZA-CAJ-Gozdni-sadezi-01-150x150.jpg 150w, https:\/\/www.herba-medica.si\/wp-content\/uploads\/2024\/05\/RINFUZA-CAJ-Gozdni-sadezi-01-768x768.jpg 768w, https:\/\/www.herba-medica.si\/wp-content\/uploads\/2024\/05\/RINFUZA-CAJ-Gozdni-sadezi-01-1536x1536.jpg 1536w, https:\/\/www.herba-medica.si\/wp-content\/uploads\/2024\/05\/RINFUZA-CAJ-Gozdni-sadezi-01-2048x2048.jpg 2048w\" sizes=\"(max-width: 300px) 100vw, 300px\" \/><\/div><p class=\"bde-woo-categories-list\">caji large, Sadni \u010daj<\/p>\n<h2 class=\"woocommerce-loop-product__title\">Gozdni sade\u017ei | (rinfuza \u010daj), 1 kg<\/h2>\n\t<span class=\"price\"><span class=\"woocommerce-Price-amount amount\"><bdi>8,90&nbsp;<span class=\"woocommerce-Price-currencySymbol\">&euro;<\/span><\/bdi><\/span><\/span>\n<\/a><div class=\"bde-woo-product-footer\"><a href=\"\/nl\/wp-json\/wp\/v2\/product\/1090?add-to-cart=1081\" aria-describedby=\"woocommerce_loop_add_to_cart_link_describedby_1081\" data-quantity=\"1\" class=\"button product_type_simple add_to_cart_button ajax_add_to_cart\" data-product_id=\"1081\" data-product_sku=\"50068\" aria-label=\"Toevoegen aan winkelwagen: &ldquo;Gozdni sade\u017ei | (rinfuza \u010daj), 1 kg&ldquo;\" rel=\"nofollow\" data-success_message=\"&#039;Gozdni sade\u017ei | (rinfuza \u010daj), 1 kg&#039; is toegevoegd aan je winkelmand\" role=\"button\">Toevoegen aan winkelwagen<\/a>\t<span id=\"woocommerce_loop_add_to_cart_link_describedby_1081\" class=\"screen-reader-text\">\n\t\t\t<\/span>\n<\/div><\/li>\n<\/ul>\n<\/div>\r\n<\/div>\n<\/div><\/div><div class=\"bde-div-336-245-336-1 bde-div bde-div-336-245\">\n  \n  \n\t\n\n\n\n<div class=\"bde-div-336-305-336-1 bde-div bde-div-336-305\">\n  \n  \n\t\n\n\n\n<h3 class=\"bde-heading-336-306-336-1 bde-heading bde-heading-336-306\">\nNa\u0161i izdelki so na voljo tudi v lekarnah, trgovinah in drogerijah.\n<\/h3><div class=\"bde-grid-336-307-336-1 bde-grid bde-grid-336-307\">\n  \n  \n\t\n\n\n\n<div class=\"bde-image-336-308-336-1 bde-image bde-image-336-308\">\n<figure class=\"breakdance-image breakdance-image--4187\">\n\t<div class=\"breakdance-image-container\">\n\t\t<div class=\"breakdance-image-clip\"><img loading=\"lazy\" decoding=\"async\" class=\"breakdance-image-object\" src=\"https:\/\/www.herba-medica.si\/wp-content\/uploads\/2024\/05\/herba-medica-lekarna-ljubljana-logo.png\" width=\"421\" height=\"163\" srcset=\"https:\/\/www.herba-medica.si\/wp-content\/uploads\/2024\/05\/herba-medica-lekarna-ljubljana-logo.png 421w, https:\/\/www.herba-medica.si\/wp-content\/uploads\/2024\/05\/herba-medica-lekarna-ljubljana-logo-300x116.png 300w, https:\/\/www.herba-medica.si\/wp-content\/uploads\/2024\/05\/herba-medica-lekarna-ljubljana-logo-18x7.png 18w\" sizes=\"(max-width: 421px) 100vw, 421px\"><\/div>\n\t<\/div><\/figure>\n\n<\/div><div class=\"bde-image-336-309-336-1 bde-image bde-image-336-309\">\n<figure class=\"breakdance-image breakdance-image--4186\">\n\t<div class=\"breakdance-image-container\">\n\t\t<div class=\"breakdance-image-clip\"><img loading=\"lazy\" decoding=\"async\" class=\"breakdance-image-object\" src=\"https:\/\/www.herba-medica.si\/wp-content\/uploads\/2024\/05\/herba-medica-lekarna-velenje-logo.png\" width=\"421\" height=\"163\" srcset=\"https:\/\/www.herba-medica.si\/wp-content\/uploads\/2024\/05\/herba-medica-lekarna-velenje-logo.png 421w, https:\/\/www.herba-medica.si\/wp-content\/uploads\/2024\/05\/herba-medica-lekarna-velenje-logo-300x116.png 300w, https:\/\/www.herba-medica.si\/wp-content\/uploads\/2024\/05\/herba-medica-lekarna-velenje-logo-18x7.png 18w\" sizes=\"(max-width: 421px) 100vw, 421px\"><\/div>\n\t<\/div><\/figure>\n\n<\/div><div class=\"bde-image-336-310-336-1 bde-image bde-image-336-310\">\n<figure class=\"breakdance-image breakdance-image--4185\">\n\t<div class=\"breakdance-image-container\">\n\t\t<div class=\"breakdance-image-clip\"><img loading=\"lazy\" decoding=\"async\" class=\"breakdance-image-object\" src=\"https:\/\/www.herba-medica.si\/wp-content\/uploads\/2024\/05\/herba-medica-dolenjske-lekarne-logo.png\" width=\"421\" height=\"163\" srcset=\"https:\/\/www.herba-medica.si\/wp-content\/uploads\/2024\/05\/herba-medica-dolenjske-lekarne-logo.png 421w, https:\/\/www.herba-medica.si\/wp-content\/uploads\/2024\/05\/herba-medica-dolenjske-lekarne-logo-300x116.png 300w, https:\/\/www.herba-medica.si\/wp-content\/uploads\/2024\/05\/herba-medica-dolenjske-lekarne-logo-18x7.png 18w\" sizes=\"(max-width: 421px) 100vw, 421px\"><\/div>\n\t<\/div><\/figure>\n\n<\/div><div class=\"bde-image-336-311-336-1 bde-image bde-image-336-311\">\n<figure class=\"breakdance-image breakdance-image--4182\">\n\t<div class=\"breakdance-image-container\">\n\t\t<div class=\"breakdance-image-clip\"><img loading=\"lazy\" decoding=\"async\" class=\"breakdance-image-object\" src=\"https:\/\/www.herba-medica.si\/wp-content\/uploads\/2024\/05\/herba-medica-celjske-lekarne-logo.png\" width=\"421\" height=\"163\" srcset=\"https:\/\/www.herba-medica.si\/wp-content\/uploads\/2024\/05\/herba-medica-celjske-lekarne-logo.png 421w, https:\/\/www.herba-medica.si\/wp-content\/uploads\/2024\/05\/herba-medica-celjske-lekarne-logo-300x116.png 300w, https:\/\/www.herba-medica.si\/wp-content\/uploads\/2024\/05\/herba-medica-celjske-lekarne-logo-18x7.png 18w\" sizes=\"(max-width: 421px) 100vw, 421px\"><\/div>\n\t<\/div><\/figure>\n\n<\/div><div class=\"bde-image-336-312-336-1 bde-image bde-image-336-312\">\n<figure class=\"breakdance-image breakdance-image--4183\">\n\t<div class=\"breakdance-image-container\">\n\t\t<div class=\"breakdance-image-clip\"><img loading=\"lazy\" decoding=\"async\" class=\"breakdance-image-object\" src=\"https:\/\/www.herba-medica.si\/wp-content\/uploads\/2024\/05\/herba-medica-koroska-lekarna-logo.png\" width=\"421\" height=\"163\" srcset=\"https:\/\/www.herba-medica.si\/wp-content\/uploads\/2024\/05\/herba-medica-koroska-lekarna-logo.png 421w, https:\/\/www.herba-medica.si\/wp-content\/uploads\/2024\/05\/herba-medica-koroska-lekarna-logo-300x116.png 300w, https:\/\/www.herba-medica.si\/wp-content\/uploads\/2024\/05\/herba-medica-koroska-lekarna-logo-18x7.png 18w\" sizes=\"(max-width: 421px) 100vw, 421px\"><\/div>\n\t<\/div><\/figure>\n\n<\/div><div class=\"bde-image-336-313-336-1 bde-image bde-image-336-313\">\n<figure class=\"breakdance-image breakdance-image--4184\">\n\t<div class=\"breakdance-image-container\">\n\t\t<div class=\"breakdance-image-clip\"><img loading=\"lazy\" decoding=\"async\" class=\"breakdance-image-object\" src=\"https:\/\/www.herba-medica.si\/wp-content\/uploads\/2024\/05\/herba-medica-mestne-lekarne-logo.png\" width=\"421\" height=\"163\" srcset=\"https:\/\/www.herba-medica.si\/wp-content\/uploads\/2024\/05\/herba-medica-mestne-lekarne-logo.png 421w, https:\/\/www.herba-medica.si\/wp-content\/uploads\/2024\/05\/herba-medica-mestne-lekarne-logo-300x116.png 300w, https:\/\/www.herba-medica.si\/wp-content\/uploads\/2024\/05\/herba-medica-mestne-lekarne-logo-18x7.png 18w\" sizes=\"(max-width: 421px) 100vw, 421px\"><\/div>\n\t<\/div><\/figure>\n\n<\/div>\n<\/div>\n<\/div>\n<\/div>\n<\/div><\/p>\n","protected":false},"excerpt":{"rendered":"<p>Zakladnica zeli\u0161\u010d, tipi\u010dnih za alpske regije.<\/p>\n<p>Ti \u010daji so namenjeni ve\u010djim porabnikom, saj iz ene filter vre\u010dke naredimo 3 L do 5 L \u010daja.<\/p>\n","protected":false},"featured_media":2422,"comment_status":"open","ping_status":"closed","template":"","meta":{"_acf_changed":false},"product_brand":[],"product_cat":[18,75,74,57,97],"product_tag":[22,50,53],"class_list":{"0":"post-1090","1":"product","2":"type-product","3":"status-publish","4":"has-post-thumbnail","6":"product_cat-bio-certifikat","7":"product_cat-bio","8":"product_cat-gastro-horeca","9":"product_cat-zeliscni-caj","10":"product_cat-caji-large","11":"product_tag-bio-certifikat","12":"product_tag-filter","13":"product_tag-gastro-bio-caji","15":"first","16":"instock","17":"taxable","18":"shipping-taxable","19":"purchasable","20":"product-type-simple"},"acf":[],"yoast_head":"<!-- This site is optimized with the Yoast SEO Premium plugin v26.6 (Yoast SEO v26.7) - https:\/\/yoast.com\/wordpress\/plugins\/seo\/ -->\n<title>Herba<\/title>\n<meta name=\"robots\" content=\"index, follow, max-snippet:-1, max-image-preview:large, max-video-preview:-1\" \/>\n<link rel=\"canonical\" href=\"https:\/\/www.herba-medica.si\/nl\/wp-json\/wp\/v2\/product\/1090\" \/>\n<meta property=\"og:locale\" content=\"nl_NL\" \/>\n<meta property=\"og:type\" content=\"article\" \/>\n<meta property=\"og:url\" content=\"https:\/\/www.herba-medica.si\/nl\/wp-json\/wp\/v2\/product\/1090\" \/>\n<meta property=\"og:site_name\" content=\"Herba\" \/>\n<meta name=\"twitter:card\" content=\"summary_large_image\" \/>\n<script type=\"application\/ld+json\" class=\"yoast-schema-graph\">{\"@context\":\"https:\/\/schema.org\",\"@graph\":[{\"@type\":\"CollectionPage\",\"@id\":null,\"url\":\"\",\"name\":\"\",\"isPartOf\":{\"@id\":\"https:\/\/www.herba-medica.si\/#website\"},\"inLanguage\":\"nl-NL\"},{\"@type\":\"WebSite\",\"@id\":\"https:\/\/www.herba-medica.si\/#website\",\"url\":\"https:\/\/www.herba-medica.si\/\",\"name\":\"Herba\",\"description\":\"Medica\",\"potentialAction\":[{\"@type\":\"SearchAction\",\"target\":{\"@type\":\"EntryPoint\",\"urlTemplate\":\"https:\/\/www.herba-medica.si\/?s={search_term_string}\"},\"query-input\":{\"@type\":\"PropertyValueSpecification\",\"valueRequired\":true,\"valueName\":\"search_term_string\"}}],\"inLanguage\":\"nl-NL\"}]}<\/script>\n<!-- \/ Yoast SEO Premium plugin. -->","yoast_head_json":{"title":"Herba","robots":{"index":"index","follow":"follow","max-snippet":"max-snippet:-1","max-image-preview":"max-image-preview:large","max-video-preview":"max-video-preview:-1"},"canonical":"https:\/\/www.herba-medica.si\/nl\/wp-json\/wp\/v2\/product\/1090","og_locale":"nl_NL","og_type":"article","og_url":"https:\/\/www.herba-medica.si\/nl\/wp-json\/wp\/v2\/product\/1090","og_site_name":"Herba","twitter_card":"summary_large_image","schema":{"@context":"https:\/\/schema.org","@graph":[{"@type":"CollectionPage","@id":null,"url":"","name":"","isPartOf":{"@id":"https:\/\/www.herba-medica.si\/#website"},"inLanguage":"nl-NL"},{"@type":"WebSite","@id":"https:\/\/www.herba-medica.si\/#website","url":"https:\/\/www.herba-medica.si\/","name":"Herba","description":"Medica","potentialAction":[{"@type":"SearchAction","target":{"@type":"EntryPoint","urlTemplate":"https:\/\/www.herba-medica.si\/?s={search_term_string}"},"query-input":{"@type":"PropertyValueSpecification","valueRequired":true,"valueName":"search_term_string"}}],"inLanguage":"nl-NL"}]}},"_links":{"self":[{"href":"https:\/\/www.herba-medica.si\/nl\/wp-json\/wp\/v2\/product\/1090"}],"collection":[{"href":"https:\/\/www.herba-medica.si\/nl\/wp-json\/wp\/v2\/product"}],"about":[{"href":"https:\/\/www.herba-medica.si\/nl\/wp-json\/wp\/v2\/types\/product"}],"replies":[{"embeddable":true,"href":"https:\/\/www.herba-medica.si\/nl\/wp-json\/wp\/v2\/comments?post=1090"}],"wp:featuredmedia":[{"embeddable":true,"href":"https:\/\/www.herba-medica.si\/nl\/wp-json\/wp\/v2\/media\/2422"}],"wp:attachment":[{"href":"https:\/\/www.herba-medica.si\/nl\/wp-json\/wp\/v2\/media?parent=1090"}],"wp:term":[{"taxonomy":"product_brand","embeddable":true,"href":"https:\/\/www.herba-medica.si\/nl\/wp-json\/wp\/v2\/product_brand?post=1090"},{"taxonomy":"product_cat","embeddable":true,"href":"https:\/\/www.herba-medica.si\/nl\/wp-json\/wp\/v2\/product_cat?post=1090"},{"taxonomy":"product_tag","embeddable":true,"href":"https:\/\/www.herba-medica.si\/nl\/wp-json\/wp\/v2\/product_tag?post=1090"}],"curies":[{"name":"wp","href":"https:\/\/api.w.org\/{rel}","templated":true}]}}